{"id":1639,"date":"2021-11-10T11:04:31","date_gmt":"2021-11-10T10:04:31","guid":{"rendered":"https:\/\/koknorge.no\/?page_id=1639"},"modified":"2026-03-26T09:43:55","modified_gmt":"2026-03-26T08:43:55","slug":"kok-the-visit","status":"publish","type":"page","link":"https:\/\/koknorge.no\/en\/kok-besoket\/","title":{"rendered":"Prepare for your visit"},"content":{"rendered":"<div data-elementor-type=\"wp-page\" data-elementor-id=\"1639\" class=\"elementor elementor-1639\" data-elementor-post-type=\"page\">\n\t\t\t\t\t\t<section class=\"elementor-section elementor-top-section elementor-element elementor-element-43fac664 elementor-section-boxed elementor-section-height-default elementor-section-height-default\" data-id=\"43fac664\" data-element_type=\"section\" data-e-type=\"section\">\n\t\t\t\t\t\t<div class=\"elementor-container elementor-column-gap-default\">\n\t\t\t\t\t<div class=\"elementor-column elementor-col-100 elementor-top-column elementor-element elementor-element-4f505613\" data-id=\"4f505613\" data-element_type=\"column\" data-e-type=\"column\">\n\t\t\t<div class=\"elementor-widget-wrap elementor-element-populated\">\n\t\t\t\t\t\t<div class=\"elementor-element elementor-element-ddc9709 elementor-align-center elementor-widget elementor-widget-breadcrumbs\" data-id=\"ddc9709\" data-element_type=\"widget\" data-e-type=\"widget\" data-widget_type=\"breadcrumbs.default\">\n\t\t\t\t<div class=\"elementor-widget-container\">\n\t\t\t\t\t<nav aria-label=\"breadcrumbs\" class=\"rank-math-breadcrumb\"><p><span class=\"last\">Sauna Oslo<\/span><\/p><\/nav>\t\t\t\t<\/div>\n\t\t\t\t<\/div>\n\t\t\t\t<div class=\"elementor-element elementor-element-50c37c44 elementor-widget-tablet__width-initial elementor-widget__width-initial elementor-widget elementor-widget-html\" data-id=\"50c37c44\" data-element_type=\"widget\" data-e-type=\"widget\" data-widget_type=\"html.default\">\n\t\t\t\t<div class=\"elementor-widget-container\">\n\t\t\t\t\t<div class=\"lipscore-service-review-testimonial\"\r\n    data-ls-widget-height=\"150px\"\r\n    data-ls-widget-width=\"100%\">\r\n<\/div>\t\t\t\t<\/div>\n\t\t\t\t<\/div>\n\t\t\t\t\t<\/div>\n\t\t<\/div>\n\t\t\t\t\t<\/div>\n\t\t<\/section>\n\t\t<div class=\"elementor-element elementor-element-57a41dc9 e-flex e-con-boxed e-con e-parent\" data-id=\"57a41dc9\" data-element_type=\"container\" data-e-type=\"container\">\n\t\t\t\t\t<div class=\"e-con-inner\">\n\t\t\t\t<div class=\"elementor-element elementor-element-532d5637 elementor-widget__width-initial elementor-widget elementor-widget-heading\" data-id=\"532d5637\" data-element_type=\"widget\" data-e-type=\"widget\" data-widget_type=\"heading.default\">\n\t\t\t\t<div class=\"elementor-widget-container\">\n\t\t\t\t\t<h1 class=\"elementor-heading-title elementor-size-default\">Visit our floating saunas in Oslo<\/h1>\t\t\t\t<\/div>\n\t\t\t\t<\/div>\n\t\t\t\t\t<\/div>\n\t\t\t\t<\/div>\n\t\t\t\t<section class=\"elementor-section elementor-top-section elementor-element elementor-element-5594aa0c elementor-section-boxed elementor-section-height-default elementor-section-height-default\" data-id=\"5594aa0c\" data-element_type=\"section\" data-e-type=\"section\">\n\t\t\t\t\t\t<div class=\"elementor-container elementor-column-gap-default\">\n\t\t\t\t\t<div class=\"elementor-column elementor-col-100 elementor-top-column elementor-element elementor-element-7c2b7250\" data-id=\"7c2b7250\" data-element_type=\"column\" data-e-type=\"column\">\n\t\t\t<div class=\"elementor-widget-wrap elementor-element-populated\">\n\t\t\t\t\t\t<div class=\"elementor-element elementor-element-5bd247ef elementor-widget elementor-widget-text-editor\" data-id=\"5bd247ef\" data-element_type=\"widget\" data-e-type=\"widget\" data-widget_type=\"text-editor.default\">\n\t\t\t\t<div class=\"elementor-widget-container\">\n\t\t\t\t\t\t\t\t\t<p>There is hardly any better way to enjoy Oslo than from a floating sauna. Here you will get a small guide to the floating saunas of KOK, which you will find in central Oslo at Aker Brygge and Langkaia.<\/p>\t\t\t\t\t\t\t\t<\/div>\n\t\t\t\t<\/div>\n\t\t\t\t\t<\/div>\n\t\t<\/div>\n\t\t\t\t\t<\/div>\n\t\t<\/section>\n\t\t<div class=\"elementor-element elementor-element-5d41fa8d e-flex e-con-boxed e-con e-parent\" data-id=\"5d41fa8d\" data-element_type=\"container\" data-e-type=\"container\">\n\t\t\t\t\t<div class=\"e-con-inner\">\n\t\t<div class=\"elementor-element elementor-element-5934300b e-con-full e-flex e-con e-child\" data-id=\"5934300b\" data-element_type=\"container\" data-e-type=\"container\">\n\t\t\t\t<div class=\"elementor-element elementor-element-23849220 elementor-widget__width-initial elementor-widget elementor-widget-text-editor\" data-id=\"23849220\" data-element_type=\"widget\" data-e-type=\"widget\" data-widget_type=\"text-editor.default\">\n\t\t\t\t<div class=\"elementor-widget-container\">\n\t\t\t\t\t\t\t\t\t<p>Locals love this, and so do visitors. Getting really warm in a hot sauna before taking a refreshing dip in the fjord will make lasting memories. <br \/><br \/>The name KOK means \"to cook\" in Norwegian. And in 80 degrees celsius, you probaly will, a little bit. But it also means, \"now it's boiling\", as in \"now we're having a good time\". And we really hope you will!<\/p>\t\t\t\t\t\t\t\t<\/div>\n\t\t\t\t<\/div>\n\t\t\t\t<\/div>\n\t\t<div class=\"elementor-element elementor-element-5d8c10f5 e-con-full e-flex e-con e-child\" data-id=\"5d8c10f5\" data-element_type=\"container\" data-e-type=\"container\">\n\t\t\t\t<div class=\"elementor-element elementor-element-2fc8866a elementor-widget elementor-widget-image\" data-id=\"2fc8866a\" data-element_type=\"widget\" data-e-type=\"widget\" data-widget_type=\"image.default\">\n\t\t\t\t<div class=\"elementor-widget-container\">\n\t\t\t\t\t\t\t\t\t\t\t\t\t\t\t<img fetchpriority=\"high\" decoding=\"async\" width=\"800\" height=\"534\" src=\"https:\/\/koknorge.no\/wp-content\/uploads\/2023\/06\/Saga_01_juni-66-1024x683.jpg\" class=\"attachment-large size-large wp-image-17315\" alt=\"The floating saunas of KOK\" srcset=\"\" sizes=\"(max-width: 800px) 100vw, 800px\" title=\"\" data-srcset=\"\">\t\t\t\t\t\t\t\t\t\t\t\t\t\t\t<\/div>\n\t\t\t\t<\/div>\n\t\t\t\t<\/div>\n\t\t\t\t\t<\/div>\n\t\t\t\t<\/div>\n\t\t<div class=\"elementor-element elementor-element-9a3cd15 e-flex e-con-boxed e-con e-parent\" data-id=\"9a3cd15\" data-element_type=\"container\" data-e-type=\"container\">\n\t\t\t\t\t<div class=\"e-con-inner\">\n\t\t\t\t<div class=\"elementor-element elementor-element-700c085 elementor-widget elementor-widget-heading\" data-id=\"700c085\" data-element_type=\"widget\" data-e-type=\"widget\" data-widget_type=\"heading.default\">\n\t\t\t\t<div class=\"elementor-widget-container\">\n\t\t\t\t\t<h2 class=\"elementor-heading-title elementor-size-default\">The floating saunas of KOK<\/h2>\t\t\t\t<\/div>\n\t\t\t\t<\/div>\n\t\t\t\t<div class=\"elementor-element elementor-element-8558c6d elementor-widget__width-initial elementor-widget elementor-widget-text-editor\" data-id=\"8558c6d\" data-element_type=\"widget\" data-e-type=\"widget\" data-widget_type=\"text-editor.default\">\n\t\t\t\t<div class=\"elementor-widget-container\">\n\t\t\t\t\t\t\t\t\t<p class=\" translation-block\"><span style=\"font-weight: 400\">At <\/span><a href=\"https:\/\/www.google.com\/maps\/place\/KOK+Oslo+Sauna,+Langkaia\/@59.9078301,10.7489297,15z\/data=!4m2!3m1!1s0x0:0xe4d0638af483df90?sa=X&amp;ved=2ahUKEwj6_-TaibH_AhXZS_EDHS2lDhIQ_BJ6BAh2EAk\" target=\"_blank\" rel=\"noopener\"><span style=\"font-weight: 400\">Langkaia<\/span><\/a><span style=\"font-weight: 400\"> you'll find our sauna island that we call Saga. Here lies 5 floating saunas with a view of the Opera House, and the Much museum, and with plenty of sightseeing and dining opportunities in Bj\u00f8rvika to visit after KOK. Sauna makes you hungry, you see!<\/span><\/p><p class=\" translation-block\"><span style=\"font-weight: 400\">At <\/span><a href=\"https:\/\/www.google.com\/maps\/place\/KOK+Oslo+Sauna,+Aker+Brygge\/@59.9092712,10.7243288,17z\/data=!3m1!4b1!4m6!3m5!1s0x46416fad06aaf02f:0x51f5ef431ac739c1!8m2!3d59.9092712!4d10.7269091!16sg11s31w4v_b?entry=ttu\" target=\"_blank\" rel=\"noopener\"><span style=\"font-weight: 400\">Aker Brygge<\/span><\/a><span style=\"font-weight: 400\"> lies 4 saunas out on a pier, with a view of the near achipelago in Oslo, and the Akershus fortress. In the morning you'll find a special calmness in Aker Brygge, and at night, it's perfect to combine sauna with socialicing.<\/span><\/p>\t\t\t\t\t\t\t\t<\/div>\n\t\t\t\t<\/div>\n\t\t\t\t\t<\/div>\n\t\t\t\t<\/div>\n\t\t<div class=\"elementor-element elementor-element-66c41bfe e-flex e-con-boxed e-con e-parent\" data-id=\"66c41bfe\" data-element_type=\"container\" data-e-type=\"container\">\n\t\t\t\t\t<div class=\"e-con-inner\">\n\t\t<div class=\"elementor-element elementor-element-174fb582 e-con-full e-flex e-con e-child\" data-id=\"174fb582\" data-element_type=\"container\" data-e-type=\"container\">\n\t\t\t\t<div class=\"elementor-element elementor-element-628533fe elementor-widget elementor-widget-image\" data-id=\"628533fe\" data-element_type=\"widget\" data-e-type=\"widget\" data-widget_type=\"image.default\">\n\t\t\t\t<div class=\"elementor-widget-container\">\n\t\t\t\t\t\t\t\t\t\t\t\t\t\t\t<img decoding=\"async\" width=\"1200\" height=\"700\" src=\"https:\/\/koknorge.no\/wp-content\/uploads\/2023\/09\/Kart-KOK-Oslo-1.png\" class=\"attachment-full size-full wp-image-20506\" alt=\"Illustrasjon: Visit one of the floating saunas of KOK\" srcset=\"https:\/\/koknorge.no\/wp-content\/uploads\/2023\/09\/Kart-KOK-Oslo-1.png 1200w, https:\/\/koknorge.no\/wp-content\/uploads\/2023\/09\/Kart-KOK-Oslo-1-300x175.png 300w, https:\/\/koknorge.no\/wp-content\/uploads\/2023\/09\/Kart-KOK-Oslo-1-1024x597.png 1024w, https:\/\/koknorge.no\/wp-content\/uploads\/2023\/09\/Kart-KOK-Oslo-1-768x448.png 768w, https:\/\/koknorge.no\/wp-content\/uploads\/2023\/09\/Kart-KOK-Oslo-1-18x12.png 18w\" sizes=\"(max-width: 1200px) 100vw, 1200px\" title=\"\">\t\t\t\t\t\t\t\t\t\t\t\t\t\t\t<\/div>\n\t\t\t\t<\/div>\n\t\t\t\t<\/div>\n\t\t\t\t\t<\/div>\n\t\t\t\t<\/div>\n\t\t<div class=\"elementor-element elementor-element-7c08c7f8 e-flex e-con-boxed e-con e-parent\" data-id=\"7c08c7f8\" data-element_type=\"container\" data-e-type=\"container\">\n\t\t\t\t\t<div class=\"e-con-inner\">\n\t\t\t\t<div class=\"elementor-element elementor-element-126ee120 elementor-widget elementor-widget-heading\" data-id=\"126ee120\" data-element_type=\"widget\" data-e-type=\"widget\" data-widget_type=\"heading.default\">\n\t\t\t\t<div class=\"elementor-widget-container\">\n\t\t\t\t\t<h3 class=\"elementor-heading-title elementor-size-default\">What to pack for the sauna<\/h3>\t\t\t\t<\/div>\n\t\t\t\t<\/div>\n\t\t\t\t<div class=\"elementor-element elementor-element-1a0ccdf8 elementor-widget elementor-widget-text-editor\" data-id=\"1a0ccdf8\" data-element_type=\"widget\" data-e-type=\"widget\" data-widget_type=\"text-editor.default\">\n\t\t\t\t<div class=\"elementor-widget-container\">\n\t\t\t\t\t\t\t\t\t<ul><li>Remember swiwear!<\/li><li>Bring 2 towels, one to sit on (mandatory) and one to dry yourself with.<\/li><li>Bag for wet swimwear.<\/li><li>A big bottle of water. In case you forget, we have water for sale at KOK.<\/li><li>Jewelry, mobile phones and glasses get hot in the sauna and can damage or injure the skin. They are also easy to forget, so we advise leaving them at home or storing them in a small bag.<\/li><li>We recommend wearing swimwear under your clothes when you arrive, so you save time changing.<\/li><li>And feel free to wear loose clothing. Tight jeans are not so easy to put on after a sauna!<\/li><\/ul>\t\t\t\t\t\t\t\t<\/div>\n\t\t\t\t<\/div>\n\t\t\t\t\t<\/div>\n\t\t\t\t<\/div>\n\t\t<div class=\"elementor-element elementor-element-3fc855f e-flex e-con-boxed e-con e-parent\" data-id=\"3fc855f\" data-element_type=\"container\" data-e-type=\"container\">\n\t\t\t\t\t<div class=\"e-con-inner\">\n\t\t<div class=\"elementor-element elementor-element-efccbc8 e-con-full e-flex e-con e-child\" data-id=\"efccbc8\" data-element_type=\"container\" data-e-type=\"container\">\n\t\t\t\t<div class=\"elementor-element elementor-element-ad7db6f elementor-widget elementor-widget-heading\" data-id=\"ad7db6f\" data-element_type=\"widget\" data-e-type=\"widget\" data-widget_type=\"heading.default\">\n\t\t\t\t<div class=\"elementor-widget-container\">\n\t\t\t\t\t<h3 class=\"elementor-heading-title elementor-size-default\">Our cancellation policy in short<\/h3>\t\t\t\t<\/div>\n\t\t\t\t<\/div>\n\t\t\t\t<\/div>\n\t\t\t\t\t<\/div>\n\t\t\t\t<\/div>\n\t\t\t\t<section class=\"elementor-section elementor-top-section elementor-element elementor-element-369c4a52 elementor-section-boxed elementor-section-height-default elementor-section-height-default\" data-id=\"369c4a52\" data-element_type=\"section\" data-e-type=\"section\">\n\t\t\t\t\t\t<div class=\"elementor-container elementor-column-gap-default\">\n\t\t\t\t\t<div class=\"elementor-column elementor-col-100 elementor-top-column elementor-element elementor-element-63af0b3f\" data-id=\"63af0b3f\" data-element_type=\"column\" data-e-type=\"column\">\n\t\t\t<div class=\"elementor-widget-wrap elementor-element-populated\">\n\t\t\t\t\t\t<div class=\"elementor-element elementor-element-733b04d1 elementor-widget__width-initial elementor-widget elementor-widget-text-editor\" data-id=\"733b04d1\" data-element_type=\"widget\" data-e-type=\"widget\" data-widget_type=\"text-editor.default\">\n\t\t\t\t<div class=\"elementor-widget-container\">\n\t\t\t\t\t\t\t\t\t<p>The booking can only be cancelled or changed if you have the cancellation insurance for the private sauna or the sauna cruise. The shared sauna cannot be changed or cancelled.<\/p><p>Changes can be made up to 12 hours before with a link in the confirmation email. Read more in our <a href=\"https:\/\/koknorge.no\/vilkar-betingelser\/\">terms and conditions<\/a>.<\/p><p><span style=\"font-weight: 400;\">\u00a0<\/span><\/p>\t\t\t\t\t\t\t\t<\/div>\n\t\t\t\t<\/div>\n\t\t\t\t\t<\/div>\n\t\t<\/div>\n\t\t\t\t\t<\/div>\n\t\t<\/section>\n\t\t<div class=\"elementor-element elementor-element-edc30f5 e-flex e-con-boxed e-con e-parent\" data-id=\"edc30f5\" data-element_type=\"container\" data-e-type=\"container\">\n\t\t\t\t\t<div class=\"e-con-inner\">\n\t\t<div class=\"elementor-element elementor-element-a27d5bc e-con-full e-flex e-con e-child\" data-id=\"a27d5bc\" data-element_type=\"container\" data-e-type=\"container\">\n\t\t\t\t<div class=\"elementor-element elementor-element-3a0d78d elementor-widget elementor-widget-heading\" data-id=\"3a0d78d\" data-element_type=\"widget\" data-e-type=\"widget\" data-widget_type=\"heading.default\">\n\t\t\t\t<div class=\"elementor-widget-container\">\n\t\t\t\t\t<h3 class=\"elementor-heading-title elementor-size-default\">Guide to the floating saunas in Oslo<\/h3>\t\t\t\t<\/div>\n\t\t\t\t<\/div>\n\t\t\t\t<\/div>\n\t\t\t\t\t<\/div>\n\t\t\t\t<\/div>\n\t\t<div class=\"elementor-element elementor-element-37002559 e-flex e-con-boxed e-con e-parent\" data-id=\"37002559\" data-element_type=\"container\" data-e-type=\"container\">\n\t\t\t\t\t<div class=\"e-con-inner\">\n\t\t<div class=\"elementor-element elementor-element-b6efe17 e-con-full e-flex e-con e-child\" data-id=\"b6efe17\" data-element_type=\"container\" data-e-type=\"container\">\n\t\t\t\t<div class=\"elementor-element elementor-element-42c2f51a elementor-widget elementor-widget-heading\" data-id=\"42c2f51a\" data-element_type=\"widget\" data-e-type=\"widget\" data-widget_type=\"heading.default\">\n\t\t\t\t<div class=\"elementor-widget-container\">\n\t\t\t\t\t<h3 class=\"elementor-heading-title elementor-size-default\">Before the visit<\/h3>\t\t\t\t<\/div>\n\t\t\t\t<\/div>\n\t\t\t\t<div class=\"elementor-element elementor-element-52e2bbd7 elementor-widget elementor-widget-text-editor\" data-id=\"52e2bbd7\" data-element_type=\"widget\" data-e-type=\"widget\" data-widget_type=\"text-editor.default\">\n\t\t\t\t<div class=\"elementor-widget-container\">\n\t\t\t\t\t\t\t\t\t<p><span style=\"font-weight: 400;\">Please drink water before coming to KOK to avoid dehydration.\u00a0<\/span><\/p>\t\t\t\t\t\t\t\t<\/div>\n\t\t\t\t<\/div>\n\t\t\t\t<div class=\"elementor-element elementor-element-581c1e13 elementor-widget elementor-widget-heading\" data-id=\"581c1e13\" data-element_type=\"widget\" data-e-type=\"widget\" data-widget_type=\"heading.default\">\n\t\t\t\t<div class=\"elementor-widget-container\">\n\t\t\t\t\t<h3 class=\"elementor-heading-title elementor-size-default\">Food and drinks<\/h3>\t\t\t\t<\/div>\n\t\t\t\t<\/div>\n\t\t\t\t<div class=\"elementor-element elementor-element-f8864aa elementor-widget elementor-widget-text-editor\" data-id=\"f8864aa\" data-element_type=\"widget\" data-e-type=\"widget\" data-widget_type=\"text-editor.default\">\n\t\t\t\t<div class=\"elementor-widget-container\">\n\t\t\t\t\t\t\t\t\t<p>In addition to water, you can bring alcohol with you to the private sauna and the sauna cruise, if you'd like. Alcohol is not permitted in the shared sauna. For the former, we ask for moderation and a maximum of two units per person. This is for your own and others' well-being and safety. Our sauna masters have the right to remove visibly intoxicated guests from the boat. Alcohol is not allowed at KOK. Avoid drinks with strong dyes, such as red wine, Aperol and cola, as this leaves marks on the wood.<\/p><p>At Langkaia you can buy <a href=\"https:\/\/koknorge.no\/badstue-produkter\/badstupils\/\">Bath swabs<\/a>a light beer that tastes lovely in the sauna.\u00a0<\/p><p>Food in the sauna is not allowed, but you can bring snacks etc. which can be enjoyed outdoors or in the front room.<\/p>\t\t\t\t\t\t\t\t<\/div>\n\t\t\t\t<\/div>\n\t\t\t\t<\/div>\n\t\t\t\t\t<\/div>\n\t\t\t\t<\/div>\n\t\t<div class=\"elementor-element elementor-element-62771a8e e-flex e-con-boxed e-con e-parent\" data-id=\"62771a8e\" data-element_type=\"container\" data-e-type=\"container\">\n\t\t\t\t\t<div class=\"e-con-inner\">\n\t\t<div class=\"elementor-element elementor-element-e884c15 e-con-full e-flex e-con e-child\" data-id=\"e884c15\" data-element_type=\"container\" data-e-type=\"container\">\n\t\t\t\t<div class=\"elementor-element elementor-element-47105117 elementor-widget elementor-widget-image\" data-id=\"47105117\" data-element_type=\"widget\" data-e-type=\"widget\" data-widget_type=\"image.default\">\n\t\t\t\t<div class=\"elementor-widget-container\">\n\t\t\t\t\t\t\t\t\t\t\t\t\t\t\t<img decoding=\"async\" src=\"https:\/\/koknorge.no\/wp-content\/uploads\/elementor\/thumbs\/IMG_0882-scaled-qz582f9srk5pylopnhwlni7d9fmvjfkuyb22jg718g.jpeg\" title=\"IMG_0882\" alt=\"Floating sauna in Oslo, Aker Brygge\" loading=\"lazy\" \/>\t\t\t\t\t\t\t\t\t\t\t\t\t\t\t<\/div>\n\t\t\t\t<\/div>\n\t\t\t\t<\/div>\n\t\t<div class=\"elementor-element elementor-element-7ca41b05 e-con-full e-flex e-con e-child\" data-id=\"7ca41b05\" data-element_type=\"container\" data-e-type=\"container\">\n\t\t\t\t<div class=\"elementor-element elementor-element-58704aae elementor-widget elementor-widget-heading\" data-id=\"58704aae\" data-element_type=\"widget\" data-e-type=\"widget\" data-widget_type=\"heading.default\">\n\t\t\t\t<div class=\"elementor-widget-container\">\n\t\t\t\t\t<h3 class=\"elementor-heading-title elementor-size-default\">The sauna<\/h3>\t\t\t\t<\/div>\n\t\t\t\t<\/div>\n\t\t\t\t<div class=\"elementor-element elementor-element-38f78a5a elementor-widget elementor-widget-text-editor\" data-id=\"38f78a5a\" data-element_type=\"widget\" data-e-type=\"widget\" data-widget_type=\"text-editor.default\">\n\t\t\t\t<div class=\"elementor-widget-container\">\n\t\t\t\t\t\t\t\t\t<p>Our saunas are wood-fired and provide very good heat, so most people who visit us take a dip in the sea after a while. This is of course completely voluntary, but the feeling that stays in the body and soul afterwards is hard to beat.<\/p><p>The sauna is built for 10 people, and some would prefer to be fewer for more leg room.<\/p>\t\t\t\t\t\t\t\t<\/div>\n\t\t\t\t<\/div>\n\t\t\t\t<div class=\"elementor-element elementor-element-291eca1a elementor-widget elementor-widget-heading\" data-id=\"291eca1a\" data-element_type=\"widget\" data-e-type=\"widget\" data-widget_type=\"heading.default\">\n\t\t\t\t<div class=\"elementor-widget-container\">\n\t\t\t\t\t<h3 class=\"elementor-heading-title elementor-size-default\">Om board the sauna you'll find:<\/h3>\t\t\t\t<\/div>\n\t\t\t\t<\/div>\n\t\t\t\t<div class=\"elementor-element elementor-element-25e98c71 elementor-widget elementor-widget-text-editor\" data-id=\"25e98c71\" data-element_type=\"widget\" data-e-type=\"widget\" data-widget_type=\"text-editor.default\">\n\t\t\t\t<div class=\"elementor-widget-container\">\n\t\t\t\t\t\t\t\t\t<ul><li><span style=\"font-weight: 400;\">Wireless stereo<br \/><br \/><\/span><\/li><li style=\"font-weight: 400;\" aria-level=\"1\"><span style=\"font-weight: 400;\">A small, shared changing room in direct connection with the sauna. Here you can keep your belongings.\u00a0<br \/><br \/><\/span><\/li><li style=\"font-weight: 400;\" aria-level=\"1\"><span style=\"font-weight: 400;\">A ladder - if you don't love to jump.<\/span><\/li><\/ul>\t\t\t\t\t\t\t\t<\/div>\n\t\t\t\t<\/div>\n\t\t\t\t<\/div>\n\t\t\t\t\t<\/div>\n\t\t\t\t<\/div>\n\t\t<div class=\"elementor-element elementor-element-7e3e2763 e-flex e-con-boxed e-con e-parent\" data-id=\"7e3e2763\" data-element_type=\"container\" data-e-type=\"container\">\n\t\t\t\t\t<div class=\"e-con-inner\">\n\t\t<div class=\"elementor-element elementor-element-75a04581 e-con-full e-flex e-con e-child\" data-id=\"75a04581\" data-element_type=\"container\" data-e-type=\"container\">\n\t\t\t\t<div class=\"elementor-element elementor-element-107ecd01 elementor-widget elementor-widget-heading\" data-id=\"107ecd01\" data-element_type=\"widget\" data-e-type=\"widget\" data-widget_type=\"heading.default\">\n\t\t\t\t<div class=\"elementor-widget-container\">\n\t\t\t\t\t<h3 class=\"elementor-heading-title elementor-size-default\">During the visit<\/h3>\t\t\t\t<\/div>\n\t\t\t\t<\/div>\n\t\t\t\t<div class=\"elementor-element elementor-element-99a5314 elementor-widget elementor-widget-text-editor\" data-id=\"99a5314\" data-element_type=\"widget\" data-e-type=\"widget\" data-widget_type=\"text-editor.default\">\n\t\t\t\t<div class=\"elementor-widget-container\">\n\t\t\t\t\t\t\t\t\t<p>On arrival at KOK, your group will be met by a pleasant sauna master. They will give you an introduction to the boat and the sauna, and ensure that there is wood and water for the stones during the entire visit. If you have any questions along the way, you can ask the sauna master. All our sauna masters have a water lifesaving course.<\/p><p>If you are going on a sauna cruise, one of our skippers will take you on a trip out into the fjord. The skipper is well-known in the area and, depending on the weather and wind, they has suggestions for routes that are worth experiencing.<\/p>\t\t\t\t\t\t\t\t<\/div>\n\t\t\t\t<\/div>\n\t\t\t\t<\/div>\n\t\t<div class=\"elementor-element elementor-element-628e0c32 e-con-full e-flex e-con e-child\" data-id=\"628e0c32\" data-element_type=\"container\" data-e-type=\"container\">\n\t\t\t\t<div class=\"elementor-element elementor-element-6dd7acac elementor-widget elementor-widget-image\" data-id=\"6dd7acac\" data-element_type=\"widget\" data-e-type=\"widget\" data-widget_type=\"image.default\">\n\t\t\t\t<div class=\"elementor-widget-container\">\n\t\t\t\t\t\t\t\t\t\t\t\t\t\t\t<img decoding=\"async\" src=\"https:\/\/koknorge.no\/wp-content\/uploads\/elementor\/thumbs\/IMG_0010-qz582f9srk6gywkrrwynbaazdb6tmel7zb40eyesrs.jpeg\" title=\"IMG_0010\" alt=\"Floating sauna in Oslo, Langkaia\" loading=\"lazy\" \/>\t\t\t\t\t\t\t\t\t\t\t\t\t\t\t<\/div>\n\t\t\t\t<\/div>\n\t\t\t\t<\/div>\n\t\t\t\t\t<\/div>\n\t\t\t\t<\/div>\n\t\t<div class=\"elementor-element elementor-element-79ba2918 e-flex e-con-boxed e-con e-parent\" data-id=\"79ba2918\" data-element_type=\"container\" data-e-type=\"container\">\n\t\t\t\t\t<div class=\"e-con-inner\">\n\t\t\t\t<div class=\"elementor-element elementor-element-4081c655 elementor-widget__width-initial elementor-widget elementor-widget-heading\" data-id=\"4081c655\" data-element_type=\"widget\" data-e-type=\"widget\" data-widget_type=\"heading.default\">\n\t\t\t\t<div class=\"elementor-widget-container\">\n\t\t\t\t\t<h2 class=\"elementor-heading-title elementor-size-default\">After the visit<\/h2>\t\t\t\t<\/div>\n\t\t\t\t<\/div>\n\t\t\t\t<div class=\"elementor-element elementor-element-3c337922 elementor-widget elementor-widget-text-editor\" data-id=\"3c337922\" data-element_type=\"widget\" data-e-type=\"widget\" data-widget_type=\"text-editor.default\">\n\t\t\t\t<div class=\"elementor-widget-container\">\n\t\t\t\t\t\t\t\t\t<p>We hope all our guests have wonderful and unique experiences at KOK. If you want to share on social media, we'd love to share on our accounts!<\/p><p>After you have been with us, you will receive an email where you can leave a star(s) and a few words if you want. <br \/>We really appreciate feedback both there and on Google.<\/p><p>Feel free to send us questions and feedback on Facebook or by email.<\/p>\t\t\t\t\t\t\t\t<\/div>\n\t\t\t\t<\/div>\n\t\t\t\t\t<\/div>\n\t\t\t\t<\/div>\n\t\t\t\t<\/div>","protected":false},"excerpt":{"rendered":"<p>Badstue Oslo Bes\u00f8k en flytende badstue i Oslo Det finnes knapt noen bedre m\u00e5te \u00e5 nyte Oslo p\u00e5 enn fra en flytende badstue. Her f\u00e5r du en liten guide til de flytende badstuene til KOK, som du finner sentralt i Oslo p\u00e5 Aker Brygge og Langkaia. Lokalbefolkningen elsker dette, og bes\u00f8kende ogs\u00e5. \u00c5 bli ordentlig [&hellip;]<\/p>\n","protected":false},"author":1,"featured_media":19015,"parent":0,"menu_order":13,"comment_status":"closed","ping_status":"closed","template":"","meta":{"_acf_changed":false,"footnotes":""},"class_list":["post-1639","page","type-page","status-publish","has-post-thumbnail","hentry"],"acf":[],"_links":{"self":[{"href":"https:\/\/koknorge.no\/en\/wp-json\/wp\/v2\/pages\/1639","targetHints":{"allow":["GET"]}}],"collection":[{"href":"https:\/\/koknorge.no\/en\/wp-json\/wp\/v2\/pages"}],"about":[{"href":"https:\/\/koknorge.no\/en\/wp-json\/wp\/v2\/types\/page"}],"author":[{"embeddable":true,"href":"https:\/\/koknorge.no\/en\/wp-json\/wp\/v2\/users\/1"}],"replies":[{"embeddable":true,"href":"https:\/\/koknorge.no\/en\/wp-json\/wp\/v2\/comments?post=1639"}],"version-history":[{"count":11,"href":"https:\/\/koknorge.no\/en\/wp-json\/wp\/v2\/pages\/1639\/revisions"}],"predecessor-version":[{"id":24160,"href":"https:\/\/koknorge.no\/en\/wp-json\/wp\/v2\/pages\/1639\/revisions\/24160"}],"wp:featuredmedia":[{"embeddable":true,"href":"https:\/\/koknorge.no\/en\/wp-json\/wp\/v2\/media\/19015"}],"wp:attachment":[{"href":"https:\/\/koknorge.no\/en\/wp-json\/wp\/v2\/media?parent=1639"}],"curies":[{"name":"wp","href":"https:\/\/api.w.org\/{rel}","templated":true}]}}