{"id":17753,"date":"2023-06-21T15:23:18","date_gmt":"2023-06-21T13:23:18","guid":{"rendered":"https:\/\/koknorge.no\/?page_id=17753"},"modified":"2026-02-27T12:43:24","modified_gmt":"2026-02-27T11:43:24","slug":"sauna-gift-card","status":"publish","type":"page","link":"https:\/\/koknorge.no\/en\/badstue-produkter\/gavekort-badstue\/","title":{"rendered":"Gift card"},"content":{"rendered":"\t\t<div data-elementor-type=\"wp-page\" data-elementor-id=\"17753\" class=\"elementor elementor-17753\" data-elementor-post-type=\"page\">\n\t\t\t\t\t\t<section class=\"elementor-section elementor-top-section elementor-element elementor-element-7dbc0e3 elementor-section-boxed elementor-section-height-default elementor-section-height-default\" data-id=\"7dbc0e3\" data-element_type=\"section\" data-e-type=\"section\">\n\t\t\t\t\t\t<div class=\"elementor-container elementor-column-gap-default\">\n\t\t\t\t\t<div class=\"elementor-column elementor-col-100 elementor-top-column elementor-element elementor-element-c23d0d6\" data-id=\"c23d0d6\" data-element_type=\"column\" data-e-type=\"column\">\n\t\t\t<div class=\"elementor-widget-wrap elementor-element-populated\">\n\t\t\t\t\t\t<div class=\"elementor-element elementor-element-a36218e elementor-align-center elementor-widget elementor-widget-breadcrumbs\" data-id=\"a36218e\" data-element_type=\"widget\" data-e-type=\"widget\" data-widget_type=\"breadcrumbs.default\">\n\t\t\t\t<div class=\"elementor-widget-container\">\n\t\t\t\t\t<nav aria-label=\"breadcrumbs\" class=\"rank-math-breadcrumb\"><p><span class=\"last\">Badstue Oslo<\/span><\/p><\/nav>\t\t\t\t<\/div>\n\t\t\t\t<\/div>\n\t\t\t\t<div class=\"elementor-element elementor-element-3a3d310 elementor-widget elementor-widget-heading\" data-id=\"3a3d310\" data-element_type=\"widget\" data-e-type=\"widget\" data-widget_type=\"heading.default\">\n\t\t\t\t<div class=\"elementor-widget-container\">\n\t\t\t\t\t<h1 class=\"elementor-heading-title elementor-size-default\">Gi et gavekort p\u00e5 badstue<br>hos KOK Oslo!<\/h1>\t\t\t\t<\/div>\n\t\t\t\t<\/div>\n\t\t\t\t<div class=\"elementor-element elementor-element-d15ed2c elementor-widget elementor-widget-text-editor\" data-id=\"d15ed2c\" data-element_type=\"widget\" data-e-type=\"widget\" data-widget_type=\"text-editor.default\">\n\t\t\t\t<div class=\"elementor-widget-container\">\n\t\t\t\t\t\t\t\t\t<p>Et gavekort p\u00e5 badstue er en opplevelse som varmer, og noe du kanskje du selv kan v\u00e6re med p\u00e5. Det er jo i hvert fall lov \u00e5 hinte;) Og gavekortet varer 1 \u00e5r og gjelder p\u00e5 alle badstueopplevelser hos KOK.\u00a0<\/p><p>Opplevelser er noe av det fineste du kan gi i gave. Bestill gavekort p\u00e5 badstue her!<\/p>\t\t\t\t\t\t\t\t<\/div>\n\t\t\t\t<\/div>\n\t\t\t\t\t<\/div>\n\t\t<\/div>\n\t\t\t\t\t<\/div>\n\t\t<\/section>\n\t\t<div class=\"elementor-element elementor-element-e0149ae e-flex e-con-boxed e-con e-parent\" data-id=\"e0149ae\" data-element_type=\"container\" data-e-type=\"container\">\n\t\t\t\t\t<div class=\"e-con-inner\">\n\t\t<div class=\"elementor-element elementor-element-24b1cf2 e-con-full e-flex e-con e-child\" data-id=\"24b1cf2\" data-element_type=\"container\" data-e-type=\"container\">\n\t\t<div class=\"elementor-element elementor-element-80f2d52 e-con-full e-flex e-con e-child\" data-id=\"80f2d52\" data-element_type=\"container\" data-e-type=\"container\">\n\t\t\t\t<div class=\"elementor-element elementor-element-e646c84 elementor-widget elementor-widget-heading\" data-id=\"e646c84\" data-element_type=\"widget\" data-e-type=\"widget\" data-widget_type=\"heading.default\">\n\t\t\t\t<div class=\"elementor-widget-container\">\n\t\t\t\t\t<h2 class=\"elementor-heading-title elementor-size-default\">Kj\u00f8p et gavekort til noen du er glad i<\/h2>\t\t\t\t<\/div>\n\t\t\t\t<\/div>\n\t\t\t\t<div class=\"elementor-element elementor-element-0f190b0 elementor-widget elementor-widget-text-editor\" data-id=\"0f190b0\" data-element_type=\"widget\" data-e-type=\"widget\" data-widget_type=\"text-editor.default\">\n\t\t\t\t<div class=\"elementor-widget-container\">\n\t\t\t\t\t\t\t\t\t<p>Med et gavekort fra KOK kan mottakeren bruke gavekortet p\u00e5 alle v\u00e5re badstuopplevelser. Velg bel\u00f8pet selv.<\/p>\t\t\t\t\t\t\t\t<\/div>\n\t\t\t\t<\/div>\n\t\t\t\t<div class=\"elementor-element elementor-element-fb4c1c1 elementor-align-left elementor-widget elementor-widget-button\" data-id=\"fb4c1c1\" data-element_type=\"widget\" data-e-type=\"widget\" data-widget_type=\"button.default\">\n\t\t\t\t<div class=\"elementor-widget-container\">\n\t\t\t\t\t\t\t\t\t<div class=\"elementor-button-wrapper\">\n\t\t\t\t\t<a class=\"elementor-button elementor-button-link elementor-size-sm\" href=\"#kjopgavekort\">\n\t\t\t\t\t\t<span class=\"elementor-button-content-wrapper\">\n\t\t\t\t\t\t\t\t\t<span class=\"elementor-button-text\">Kj\u00f8p gavekort<\/span>\n\t\t\t\t\t<\/span>\n\t\t\t\t\t<\/a>\n\t\t\t\t<\/div>\n\t\t\t\t\t\t\t\t<\/div>\n\t\t\t\t<\/div>\n\t\t\t\t<div class=\"elementor-element elementor-element-fcf4c09 elementor-widget elementor-widget-heading\" data-id=\"fcf4c09\" data-element_type=\"widget\" data-e-type=\"widget\" data-widget_type=\"heading.default\">\n\t\t\t\t<div class=\"elementor-widget-container\">\n\t\t\t\t\t<h2 class=\"elementor-heading-title elementor-size-default\">Kj\u00f8p flere gavekort p\u00e5 \u00e9n gang og betal med faktura<\/h2>\t\t\t\t<\/div>\n\t\t\t\t<\/div>\n\t\t\t\t<div class=\"elementor-element elementor-element-95ef8a9 elementor-widget elementor-widget-text-editor\" data-id=\"95ef8a9\" data-element_type=\"widget\" data-e-type=\"widget\" data-widget_type=\"text-editor.default\">\n\t\t\t\t<div class=\"elementor-widget-container\">\n\t\t\t\t\t\t\t\t\t<p>Har du mange gavekort du vil kj\u00f8pe? Eller \u00f8nsker din bedrift \u00e5 gi noe fint til de ansatte? Du kan kj\u00f8pe gavekort p\u00e5 badstue til de ansatte, og f\u00e5 fakturabetaling. Husk at et gavekort p\u00e5 badstue er en fin gave til ansatte, som er innenfor grensen p\u00e5 5000,- i \u00e5ret i skattefrie gaver.<\/p>\t\t\t\t\t\t\t\t<\/div>\n\t\t\t\t<\/div>\n\t\t\t\t<div class=\"elementor-element elementor-element-21b02d5 elementor-align-left elementor-widget elementor-widget-button\" data-id=\"21b02d5\" data-element_type=\"widget\" data-e-type=\"widget\" data-widget_type=\"button.default\">\n\t\t\t\t<div class=\"elementor-widget-container\">\n\t\t\t\t\t\t\t\t\t<div class=\"elementor-button-wrapper\">\n\t\t\t\t\t<a class=\"elementor-button elementor-button-link elementor-size-sm\" href=\"https:\/\/forms.gle\/xLJgLC5Xrr5RPW7U8\" target=\"_blank\" rel=\"noopener\">\n\t\t\t\t\t\t<span class=\"elementor-button-content-wrapper\">\n\t\t\t\t\t\t\t\t\t<span class=\"elementor-button-text\">Bestill mer enn ett gavekort<\/span>\n\t\t\t\t\t<\/span>\n\t\t\t\t\t<\/a>\n\t\t\t\t<\/div>\n\t\t\t\t\t\t\t\t<\/div>\n\t\t\t\t<\/div>\n\t\t\t\t<\/div>\n\t\t\t\t<\/div>\n\t\t<div class=\"elementor-element elementor-element-51006d2 e-con-full e-flex e-con e-child\" data-id=\"51006d2\" data-element_type=\"container\" data-e-type=\"container\">\n\t\t\t\t<div class=\"elementor-element elementor-element-34494ca elementor-widget elementor-widget-video\" data-id=\"34494ca\" data-element_type=\"widget\" data-e-type=\"widget\" data-settings=\"{&quot;video_type&quot;:&quot;hosted&quot;,&quot;controls&quot;:&quot;yes&quot;}\" data-widget_type=\"video.default\">\n\t\t\t\t<div class=\"elementor-widget-container\">\n\t\t\t\t\t\t\t<div class=\"e-hosted-video elementor-wrapper elementor-open-inline\">\n\t\t\t\t\t<video class=\"elementor-video\" src=\"https:\/\/koknorge.no\/wp-content\/uploads\/2025\/12\/1080X1080-Kropp-Kok-30-Sek.mp4\" controls=\"\" preload=\"metadata\" controlsList=\"nodownload\"><\/video>\n\t\t\t\t<\/div>\n\t\t\t\t\t\t<\/div>\n\t\t\t\t<\/div>\n\t\t\t\t<\/div>\n\t\t\t\t\t<\/div>\n\t\t\t\t<\/div>\n\t\t<div class=\"elementor-element elementor-element-7306442 e-flex e-con-boxed e-con e-parent\" data-id=\"7306442\" data-element_type=\"container\" data-e-type=\"container\" id=\"kjopgavekort\">\n\t\t\t\t\t<div class=\"e-con-inner\">\n\t\t<div class=\"elementor-element elementor-element-940d201 e-con-full e-flex e-con e-child\" data-id=\"940d201\" data-element_type=\"container\" data-e-type=\"container\">\n\t\t\t\t<\/div>\n\t\t<div class=\"elementor-element elementor-element-fc6f6e3 e-con-full e-flex e-con e-child\" data-id=\"fc6f6e3\" data-element_type=\"container\" data-e-type=\"container\">\n\t\t\t\t<div class=\"elementor-element elementor-element-650849c elementor-widget elementor-widget-heading\" data-id=\"650849c\" data-element_type=\"widget\" data-e-type=\"widget\" data-widget_type=\"heading.default\">\n\t\t\t\t<div class=\"elementor-widget-container\">\n\t\t\t\t\t<h2 class=\"elementor-heading-title elementor-size-default\">Kj\u00f8p gavekort<\/h2>\t\t\t\t<\/div>\n\t\t\t\t<\/div>\n\t\t\t\t<div class=\"elementor-element elementor-element-c117390 elementor-widget__width-inherit elementor-widget elementor-widget-shortcode\" data-id=\"c117390\" data-element_type=\"widget\" data-e-type=\"widget\" id=\"gavekortskjema\" data-widget_type=\"shortcode.default\">\n\t\t\t\t<div class=\"elementor-widget-container\">\n\t\t\t\t\t\t\t<div class=\"elementor-shortcode\">\n<div id='planyo_plugin_code' class='planyo_wp planyo'>\n<script type=\"text\/javascript\">\n\/* these values are copied from the PHP settings; please update the original values above and leave these unchanged *\/\nvar ulap_script=\"ulap.php\"; \/* file name to one of the ULAP scripts, e.g. ulap.php, OR \"jsonp\" for a pure javascript implementation *\/\nvar planyo_site_id=\"60187\"; \/* ID of your planyo site *\/\nvar planyo_resource_id=\"\"; \/* optional: ID of the resource being reserved *\/\nvar planyo_files_location=\"https:\/\/koknorge.no\/wp-content\/plugins\/planyo-online-reservation-system\/\"; \/* relative or absolute directory where the planyo files are kept (usually '\/planyo-files') *\/\nvar planyo_language=\"NO\"; \/* you can optionally change the language here, e.g. 'FR' or 'ES' or pass the languge in the 'planyo_lang' parameter *\/\nvar sort_fields=\"name,price\"; \/* comma-separated sort fields -- a single field will hide the sort dropdown box *\/\nvar planyo_resource_ordering=\"name\"; \/* optional sort criterium for resource list *\/\nvar extra_search_fields=\"\"; \/* comma-separated extra fields in the search box *\/\nvar planyo_default_mode=\"show_coupons\";\nvar planyo_use_https=true; \/* set this to true if embedding planyo on a secure website (SSL) *\/\nvar planyo_attribs='?mode=show_coupons&planyo_lang=EN&ppp_preselected_coupon=4868,4394,4191,4395,4396,4397,4398,4973'; \/* optional attributes for non-default modes *\/\n<\/script>\n\n<script type=\"text\/javascript\">\nfunction get_param (name) {name = name.replace(\/[\\[]\/,\"\\\\\\[\").replace(\/[\\]]\/,\"\\\\\\]\");var regexS = \"[\\\\?&]\"+name+\"=([^&#]*)\";var regex = new RegExp (regexS);var results = regex.exec (window.location.href);if (results == null) return null;else  return results[1];}\nif (get_param('ppp_mode')) planyo_embed_mode = get_param('ppp_mode'); else if (get_param('mode')) planyo_embed_mode = get_param('mode');\nfunction get_full_planyo_file_path(name) {if(planyo_files_location.length==0||planyo_files_location.lastIndexOf('\/')==planyo_files_location.length-1)return planyo_files_location+name; else return planyo_files_location+'\/'+name;}\n<\/script>\n<link rel='stylesheet' href='https:\/\/www.planyo.com\/schemes\/?calendar=60187&detect_mobile=auto&sel=scheme_css' type='text\/css' \/>\n<div id='planyo_content' class='planyo'><img decoding=\"async\" src=\"https:\/\/www.planyo.com\/images\/hourglass.gif\" align=\"middle\" alt=\"\" title=\"\"><\/div>\n<script type='text\/javascript' src='https:\/\/www.planyo.com\/Plugins\/PlanyoFiles\/jquery-3.6.4.min.js'><\/script>\n<script src='https:\/\/www.planyo.com\/Plugins\/PlanyoFiles\/booking-utils.js' type='text\/javascript'><\/script>\n<noscript>\n<a href=\"https:\/\/www.planyo.com\/about-calendar.php?calendar=60187\" target=\"_blank\" rel=\"noopener\">Make a reservation<\/a><br\/><br\/><a href=\"https:\/\/www.planyo.com\/\" target=\"_blank\" rel=\"noopener\">Reservation\n  system powered by Planyo<\/a>\n<\/noscript>\n<\/div>\n<\/div>\n\t\t\t\t\t\t<\/div>\n\t\t\t\t<\/div>\n\t\t\t\t<\/div>\n\t\t<div class=\"elementor-element elementor-element-d37bd97 e-con-full e-flex e-con e-child\" data-id=\"d37bd97\" data-element_type=\"container\" data-e-type=\"container\">\n\t\t\t\t<\/div>\n\t\t\t\t\t<\/div>\n\t\t\t\t<\/div>\n\t\t<div class=\"elementor-element elementor-element-559ef4b e-flex e-con-boxed e-con e-parent\" data-id=\"559ef4b\" data-element_type=\"container\" data-e-type=\"container\">\n\t\t\t\t\t<div class=\"e-con-inner\">\n\t\t\t\t<div class=\"elementor-element elementor-element-52550ec elementor-widget elementor-widget-text-editor\" data-id=\"52550ec\" data-element_type=\"widget\" data-e-type=\"widget\" data-widget_type=\"text-editor.default\">\n\t\t\t\t<div class=\"elementor-widget-container\">\n\t\t\t\t\t\t\t\t\t<p>Tenk s\u00e5 digg det er \u00e5 kunne gi en gave som b\u00e5de overrasker, skaper noe \u00e5 glede seg til, og ikke minst som dere kan oppleve sammen! Gavekort p\u00e5 badstue er en slik gave.<\/p><p>Vi har gavekort fra kr 250,- til kr 10 000,- som kan brukes p\u00e5 alle KOKs badstutjenester.\u00a0<br \/>Gavekortet kan dekke deler av en sum eller hele, og mer til.<\/p><p>Dersom mottaker f\u00e5r et gavekort som dekker mer enn \u00f8nsket produkt, er det mulig \u00e5 bruke samme kode flere ganger i l\u00f8pet av 365 dager fra\u00a0kj\u00f8psdato.\u00a0<\/p><p>Gavekortet er gyldig i ett (1) \u00e5r fra kj\u00f8psdato og kan ikke forlenges. Selve bookingen og badstubes\u00f8ket m\u00e5 ogs\u00e5 foreg\u00e5 innenfor utl\u00f8pet av kortets gyldighet. Det kan kun brukes 1 gavekort per booking, og det er ikke mulig \u00e5 bruke flere gavekort samtidig.\u00a0<\/p><p>Fyll inn opplysningene dine, og finn p\u00e5 en kode som inneholder tall og bokstaver. Du vil f\u00e5 tilsendt koden p\u00e5 e-post. Og s\u00e5 kan du skrive den p\u00e5 telegram, origami, et helt vanlig kort, eller bare videresende.<\/p>\t\t\t\t\t\t\t\t<\/div>\n\t\t\t\t<\/div>\n\t\t\t\t<div class=\"elementor-element elementor-element-0caf6c0 elementor-widget elementor-widget-text-editor\" data-id=\"0caf6c0\" data-element_type=\"widget\" data-e-type=\"widget\" data-widget_type=\"text-editor.default\">\n\t\t\t\t<div class=\"elementor-widget-container\">\n\t\t\t\t\t\t\t\t\t<h3>Et gavekort p\u00e5 badstue varmer hjertet til den som f\u00e5r det &#8211; garantert!<\/h3>\t\t\t\t\t\t\t\t<\/div>\n\t\t\t\t<\/div>\n\t\t\t\t<div class=\"elementor-element elementor-element-d6188ca elementor-widget elementor-widget-image\" data-id=\"d6188ca\" data-element_type=\"widget\" data-e-type=\"widget\" data-widget_type=\"image.default\">\n\t\t\t\t<div class=\"elementor-widget-container\">\n\t\t\t\t\t\t\t\t\t\t\t\t\t\t\t<img fetchpriority=\"high\" decoding=\"async\" width=\"1536\" height=\"1025\" src=\"https:\/\/koknorge.no\/wp-content\/uploads\/2025\/12\/MYYK_OSLO36-1536x1025.png\" class=\"attachment-1536x1536 size-1536x1536 wp-image-23519\" alt=\"gavekort p\u00e5 badstue\" srcset=\"https:\/\/koknorge.no\/wp-content\/uploads\/2025\/12\/MYYK_OSLO36-1536x1025.png 1536w, https:\/\/koknorge.no\/wp-content\/uploads\/2025\/12\/MYYK_OSLO36-300x200.png 300w, https:\/\/koknorge.no\/wp-content\/uploads\/2025\/12\/MYYK_OSLO36-1024x683.png 1024w, https:\/\/koknorge.no\/wp-content\/uploads\/2025\/12\/MYYK_OSLO36-768x512.png 768w, https:\/\/koknorge.no\/wp-content\/uploads\/2025\/12\/MYYK_OSLO36-2048x1366.png 2048w, https:\/\/koknorge.no\/wp-content\/uploads\/2025\/12\/MYYK_OSLO36-18x12.png 18w\" sizes=\"(max-width: 1536px) 100vw, 1536px\" title=\"\">\t\t\t\t\t\t\t\t\t\t\t\t\t\t\t<\/div>\n\t\t\t\t<\/div>\n\t\t\t\t\t<\/div>\n\t\t\t\t<\/div>\n\t\t<div class=\"elementor-element elementor-element-70f9b3c e-flex e-con-boxed e-con e-parent\" data-id=\"70f9b3c\" data-element_type=\"container\" data-e-type=\"container\">\n\t\t\t\t\t<div class=\"e-con-inner\">\n\t\t\t\t\t<\/div>\n\t\t\t\t<\/div>\n\t\t\t\t<\/div>\n\t\t","protected":false},"excerpt":{"rendered":"<p>Imagine how great it is to be able to give a gift that both surprises and creates memories! KOK gift vouchers are the perfect gift for those who want to share a unique experience with someone they love. With gift vouchers ranging from NOK 250 to NOK 10,000, you can choose exactly what suits you best. Whether it's a relaxing spa day or an exciting activity, a KOK gift card is guaranteed to warm the recipient's heart. Read more about how you can give an unforgettable gift!<\/p>","protected":false},"author":1,"featured_media":18903,"parent":21589,"menu_order":0,"comment_status":"closed","ping_status":"closed","template":"","meta":{"_acf_changed":false,"footnotes":""},"class_list":["post-17753","page","type-page","status-publish","has-post-thumbnail","hentry"],"acf":[],"_links":{"self":[{"href":"https:\/\/koknorge.no\/en\/wp-json\/wp\/v2\/pages\/17753","targetHints":{"allow":["GET"]}}],"collection":[{"href":"https:\/\/koknorge.no\/en\/wp-json\/wp\/v2\/pages"}],"about":[{"href":"https:\/\/koknorge.no\/en\/wp-json\/wp\/v2\/types\/page"}],"author":[{"embeddable":true,"href":"https:\/\/koknorge.no\/en\/wp-json\/wp\/v2\/users\/1"}],"replies":[{"embeddable":true,"href":"https:\/\/koknorge.no\/en\/wp-json\/wp\/v2\/comments?post=17753"}],"version-history":[{"count":96,"href":"https:\/\/koknorge.no\/en\/wp-json\/wp\/v2\/pages\/17753\/revisions"}],"predecessor-version":[{"id":24060,"href":"https:\/\/koknorge.no\/en\/wp-json\/wp\/v2\/pages\/17753\/revisions\/24060"}],"up":[{"embeddable":true,"href":"https:\/\/koknorge.no\/en\/wp-json\/wp\/v2\/pages\/21589"}],"wp:featuredmedia":[{"embeddable":true,"href":"https:\/\/koknorge.no\/en\/wp-json\/wp\/v2\/media\/18903"}],"wp:attachment":[{"href":"https:\/\/koknorge.no\/en\/wp-json\/wp\/v2\/media?parent=17753"}],"curies":[{"name":"wp","href":"https:\/\/api.w.org\/{rel}","templated":true}]}}