{"id":19096,"date":"2023-07-20T15:45:18","date_gmt":"2023-07-20T13:45:18","guid":{"rendered":"https:\/\/koknorge.no\/?page_id=19096"},"modified":"2026-03-27T11:55:10","modified_gmt":"2026-03-27T10:55:10","slug":"event-in-oslo","status":"publish","type":"page","link":"https:\/\/koknorge.no\/en\/bedrift\/event-i-oslo\/","title":{"rendered":"Event in Oslo? Create a memorable experience with us | KOK"},"content":{"rendered":"<div data-elementor-type=\"wp-page\" data-elementor-id=\"19096\" class=\"elementor elementor-19096\" data-elementor-post-type=\"page\">\n\t\t\t\t<div class=\"elementor-element elementor-element-c240491 e-flex e-con-boxed e-con e-parent\" data-id=\"c240491\" data-element_type=\"container\" data-e-type=\"container\">\n\t\t\t\t\t<div class=\"e-con-inner\">\n\t\t\t\t<div class=\"elementor-element elementor-element-4ed3d21 elementor-align-center elementor-widget elementor-widget-breadcrumbs\" data-id=\"4ed3d21\" data-element_type=\"widget\" data-e-type=\"widget\" data-widget_type=\"breadcrumbs.default\">\n\t\t\t\t<div class=\"elementor-widget-container\">\n\t\t\t\t\t<nav aria-label=\"breadcrumbs\" class=\"rank-math-breadcrumb\"><p><span class=\"last\">Sauna Oslo<\/span><\/p><\/nav>\t\t\t\t<\/div>\n\t\t\t\t<\/div>\n\t\t\t\t<div class=\"elementor-element elementor-element-73393d8 elementor-widget elementor-widget-heading\" data-id=\"73393d8\" data-element_type=\"widget\" data-e-type=\"widget\" data-widget_type=\"heading.default\">\n\t\t\t\t<div class=\"elementor-widget-container\">\n\t\t\t\t\t<h1 class=\"elementor-heading-title elementor-size-default\">How to create a great event in Oslo<\/h1>\t\t\t\t<\/div>\n\t\t\t\t<\/div>\n\t\t\t\t\t<\/div>\n\t\t\t\t<\/div>\n\t\t<div class=\"elementor-element elementor-element-fe39f65 e-flex e-con-boxed e-con e-parent\" data-id=\"fe39f65\" data-element_type=\"container\" data-e-type=\"container\">\n\t\t\t\t\t<div class=\"e-con-inner\">\n\t\t<div class=\"elementor-element elementor-element-e9c711e e-flex e-con-boxed e-con e-child\" data-id=\"e9c711e\" data-element_type=\"container\" data-e-type=\"container\">\n\t\t\t\t\t<div class=\"e-con-inner\">\n\t\t\t\t<div class=\"elementor-element elementor-element-fdb137f elementor-widget elementor-widget-text-editor\" data-id=\"fdb137f\" data-element_type=\"widget\" data-e-type=\"widget\" data-widget_type=\"text-editor.default\">\n\t\t\t\t<div class=\"elementor-widget-container\">\n\t\t\t\t\t\t\t\t\t<p><span style=\"font-weight: 400;\">KOK is for you, and that's why we're constantly trying to create an experience that adds more magic to everyday life. Now we're introducing events at KOK, giving you the opportunity to organize a team building event, a bachelor party, a late summer party or something else festive and make it really easy and enjoyable!\u00a0<\/span><\/p>\t\t\t\t\t\t\t\t<\/div>\n\t\t\t\t<\/div>\n\t\t\t\t\t<\/div>\n\t\t\t\t<\/div>\n\t\t<div class=\"elementor-element elementor-element-ffb7e7d e-flex e-con-boxed e-con e-child\" data-id=\"ffb7e7d\" data-element_type=\"container\" data-e-type=\"container\">\n\t\t\t\t\t<div class=\"e-con-inner\">\n\t\t\t\t<div class=\"elementor-element elementor-element-6cef55b elementor-widget elementor-widget-image\" data-id=\"6cef55b\" data-element_type=\"widget\" data-e-type=\"widget\" data-widget_type=\"image.default\">\n\t\t\t\t<div class=\"elementor-widget-container\">\n\t\t\t\t\t\t\t\t\t\t\t\t\t\t\t<img fetchpriority=\"high\" decoding=\"async\" width=\"800\" height=\"534\" src=\"https:\/\/koknorge.no\/wp-content\/uploads\/2023\/07\/Saga_kolk_dap-71-1-1024x683.jpg\" class=\"attachment-large size-large wp-image-19100\" alt=\"Event in Oslo\" srcset=\"https:\/\/koknorge.no\/wp-content\/uploads\/2023\/07\/Saga_kolk_dap-71-1-1024x683.jpg 1024w, https:\/\/koknorge.no\/wp-content\/uploads\/2023\/07\/Saga_kolk_dap-71-1-300x200.jpg 300w, https:\/\/koknorge.no\/wp-content\/uploads\/2023\/07\/Saga_kolk_dap-71-1-768x512.jpg 768w, https:\/\/koknorge.no\/wp-content\/uploads\/2023\/07\/Saga_kolk_dap-71-1-1536x1024.jpg 1536w, https:\/\/koknorge.no\/wp-content\/uploads\/2023\/07\/Saga_kolk_dap-71-1-2048x1366.jpg 2048w, https:\/\/koknorge.no\/wp-content\/uploads\/2023\/07\/Saga_kolk_dap-71-1-18x12.jpg 18w\" sizes=\"(max-width: 800px) 100vw, 800px\" title=\"\">\t\t\t\t\t\t\t\t\t\t\t\t\t\t\t<\/div>\n\t\t\t\t<\/div>\n\t\t\t\t\t<\/div>\n\t\t\t\t<\/div>\n\t\t\t\t<div class=\"elementor-element elementor-element-173a27e elementor-widget elementor-widget-text-editor\" data-id=\"173a27e\" data-element_type=\"widget\" data-e-type=\"widget\" data-widget_type=\"text-editor.default\">\n\t\t\t\t<div class=\"elementor-widget-container\">\n\t\t\t\t\t\t\t\t\t<p><span style=\"font-weight: 400;\">We had to test it ourselves first, and in June we held a christening ceremony for the Saga bathing island at Langkaia. There were 60 people on deck, a DJ and concert on the sauna roof, food service, flowers and decorations. There were saunas to warm everyone's cold bottoms on the early summer night and Badstupils to quench your thirst. There was lots of laughter, fun and enjoyment. We want the same for you!<\/span><\/p>\t\t\t\t\t\t\t\t<\/div>\n\t\t\t\t<\/div>\n\t\t\t\t\t<\/div>\n\t\t\t\t<\/div>\n\t\t<div class=\"elementor-element elementor-element-c3824a7 e-flex e-con-boxed e-con e-parent\" data-id=\"c3824a7\" data-element_type=\"container\" data-e-type=\"container\">\n\t\t\t\t\t<div class=\"e-con-inner\">\n\t\t\t\t<div class=\"elementor-element elementor-element-647b05e elementor-widget elementor-widget-heading\" data-id=\"647b05e\" data-element_type=\"widget\" data-e-type=\"widget\" data-widget_type=\"heading.default\">\n\t\t\t\t<div class=\"elementor-widget-container\">\n\t\t\t\t\t<h2 class=\"elementor-heading-title elementor-size-default\">Book your event in Oslo at KOK<\/h2>\t\t\t\t<\/div>\n\t\t\t\t<\/div>\n\t\t\t\t<div class=\"elementor-element elementor-element-2477166 elementor-widget elementor-widget-text-editor\" data-id=\"2477166\" data-element_type=\"widget\" data-e-type=\"widget\" data-widget_type=\"text-editor.default\">\n\t\t\t\t<div class=\"elementor-widget-container\">\n\t\t\t\t\t\t\t\t\t<p><span style=\"font-weight: 400;\">Saga is super central to Oslo, right by the central station, the Opera and Munch, and the view of some of the city's finest landmark buildings provides an atmospheric setting for an event that will be remembered. The bathing island has a large deck where it's possible to set up tables, chairs and a music system.\u00a0<\/span><\/p>\t\t\t\t\t\t\t\t<\/div>\n\t\t\t\t<\/div>\n\t\t\t\t<div class=\"elementor-element elementor-element-5c20b57 elementor-widget elementor-widget-text-editor\" data-id=\"5c20b57\" data-element_type=\"widget\" data-e-type=\"widget\" data-widget_type=\"text-editor.default\">\n\t\t\t\t<div class=\"elementor-widget-container\">\n\t\t\t\t\t\t\t\t\t<p><strong>The facilities at Saga, Langkaia<\/strong><\/p><ul><li>Room for 10 people in each sauna, 50 in total<\/li><li>Possibility to serve food and set up tents<\/li><li>Possibility to pre-order <a href=\"https:\/\/koknorge.no\/badstue-produkter\/badstupils\/\">Bath swabs<\/a><\/li><li>Wireless music system and changing room in each sauna<\/li><li>Showers. They may be cold, but they work if you're moving on after KOKing<\/li><li>Possible to rent access to toilet<\/li><\/ul>\t\t\t\t\t\t\t\t<\/div>\n\t\t\t\t<\/div>\n\t\t\t\t<div class=\"elementor-element elementor-element-56a1a7c elementor-hidden-widescreen elementor-hidden-desktop elementor-hidden-laptop elementor-hidden-tablet_extra elementor-hidden-tablet elementor-hidden-mobile elementor-widget elementor-widget-text-editor\" data-id=\"56a1a7c\" data-element_type=\"widget\" data-e-type=\"widget\" data-widget_type=\"text-editor.default\">\n\t\t\t\t<div class=\"elementor-widget-container\">\n\t\t\t\t\t\t\t\t\t<p><b>The saunas at Aker Brygge have:<\/b><\/p><ul><li style=\"font-weight: 400;\" aria-level=\"1\"><span style=\"font-weight: 400;\">Room for 10 people in each sauna, 40 in total<\/span><\/li><li style=\"font-weight: 400;\" aria-level=\"1\"><span style=\"font-weight: 400;\">A pier out into the water with the possibility of a table. At Aker Brygge itself, there are stairs you can sit on<\/span><\/li><li style=\"font-weight: 400;\" aria-level=\"1\"><span style=\"font-weight: 400;\">Wireless music system in every sauna<\/span><\/li><li style=\"font-weight: 400;\" aria-level=\"1\"><span style=\"font-weight: 400;\">Changing rooms in each sauna<\/span><\/li><\/ul>\t\t\t\t\t\t\t\t<\/div>\n\t\t\t\t<\/div>\n\t\t\t\t<div class=\"elementor-element elementor-element-73a5bcc elementor-widget elementor-widget-text-editor\" data-id=\"73a5bcc\" data-element_type=\"widget\" data-e-type=\"widget\" data-widget_type=\"text-editor.default\">\n\t\t\t\t<div class=\"elementor-widget-container\">\n\t\t\t\t\t\t\t\t\t<p><span style=\"font-weight: 400;\">So you think this is the place for your event, and you are more than 20 people? We'll help you put together a solution that suits your needs! Feel free to contact us well in advance so we can ensure that you get the desired time and date. Just click on the button below and fill in the form and we'll get back to you quickly.<\/span><\/p>\t\t\t\t\t\t\t\t<\/div>\n\t\t\t\t<\/div>\n\t\t\t\t\t<\/div>\n\t\t\t\t<\/div>\n\t\t<div class=\"elementor-element elementor-element-73209c1 e-flex e-con-boxed e-con e-parent\" data-id=\"73209c1\" data-element_type=\"container\" data-e-type=\"container\">\n\t\t\t\t\t<div class=\"e-con-inner\">\n\t\t\t\t<div class=\"elementor-element elementor-element-dd4aae9 elementor-widget elementor-widget-button\" data-id=\"dd4aae9\" data-element_type=\"widget\" data-e-type=\"widget\" data-widget_type=\"button.default\">\n\t\t\t\t<div class=\"elementor-widget-container\">\n\t\t\t\t\t\t\t\t\t<div class=\"elementor-button-wrapper\">\n\t\t\t\t\t<a class=\"elementor-button elementor-button-link elementor-size-sm\" href=\"https:\/\/forms.gle\/Pvfr4NEvvcdYs8iDA\" target=\"_blank\" rel=\"noopener\">\n\t\t\t\t\t\t<span class=\"elementor-button-content-wrapper\">\n\t\t\t\t\t\t\t\t\t<span class=\"elementor-button-text\">Click here<\/span>\n\t\t\t\t\t<\/span>\n\t\t\t\t\t<\/a>\n\t\t\t\t<\/div>\n\t\t\t\t\t\t\t\t<\/div>\n\t\t\t\t<\/div>\n\t\t\t\t\t<\/div>\n\t\t\t\t<\/div>\n\t\t\t\t<\/div>","protected":false},"excerpt":{"rendered":"<p>Badstue Oslo Slik lager du et herlig event i Oslo KOK er til for deg, og nettopp derfor pr\u00f8ver vi hele tiden \u00e5 skape en opplevelse som gir mer magi i hverdagen. N\u00e5 introduserer vi eventer p\u00e5 KOK, og gir deg som skal arrangere en teambuilding, et utdrikningslag, en sensommerfest eller noe annet festlig en [&hellip;]<\/p>\n","protected":false},"author":9,"featured_media":19220,"parent":2833,"menu_order":35,"comment_status":"closed","ping_status":"closed","template":"","meta":{"_acf_changed":false,"footnotes":""},"class_list":["post-19096","page","type-page","status-publish","has-post-thumbnail","hentry"],"acf":[],"_links":{"self":[{"href":"https:\/\/koknorge.no\/en\/wp-json\/wp\/v2\/pages\/19096","targetHints":{"allow":["GET"]}}],"collection":[{"href":"https:\/\/koknorge.no\/en\/wp-json\/wp\/v2\/pages"}],"about":[{"href":"https:\/\/koknorge.no\/en\/wp-json\/wp\/v2\/types\/page"}],"author":[{"embeddable":true,"href":"https:\/\/koknorge.no\/en\/wp-json\/wp\/v2\/users\/9"}],"replies":[{"embeddable":true,"href":"https:\/\/koknorge.no\/en\/wp-json\/wp\/v2\/comments?post=19096"}],"version-history":[{"count":6,"href":"https:\/\/koknorge.no\/en\/wp-json\/wp\/v2\/pages\/19096\/revisions"}],"predecessor-version":[{"id":24209,"href":"https:\/\/koknorge.no\/en\/wp-json\/wp\/v2\/pages\/19096\/revisions\/24209"}],"up":[{"embeddable":true,"href":"https:\/\/koknorge.no\/en\/wp-json\/wp\/v2\/pages\/2833"}],"wp:featuredmedia":[{"embeddable":true,"href":"https:\/\/koknorge.no\/en\/wp-json\/wp\/v2\/media\/19220"}],"wp:attachment":[{"href":"https:\/\/koknorge.no\/en\/wp-json\/wp\/v2\/media?parent=19096"}],"curies":[{"name":"wp","href":"https:\/\/api.w.org\/{rel}","templated":true}]}}