{"id":22500,"date":"2024-12-09T21:53:47","date_gmt":"2024-12-09T20:53:47","guid":{"rendered":"https:\/\/koknorge.no\/?page_id=22500"},"modified":"2026-02-26T23:35:05","modified_gmt":"2026-02-26T22:35:05","slug":"clues-and-answers","status":"publish","type":"page","link":"https:\/\/koknorge.no\/en\/info-badstue\/sporsmal-og-svar\/","title":{"rendered":"Questions and answers"},"content":{"rendered":"<div data-elementor-type=\"wp-page\" data-elementor-id=\"22500\" class=\"elementor elementor-22500\" data-elementor-post-type=\"page\">\n\t\t\t\t<div class=\"elementor-element elementor-element-01ed0fa e-flex e-con-boxed e-con e-parent\" data-id=\"01ed0fa\" data-element_type=\"container\" data-e-type=\"container\">\n\t\t\t\t\t<div class=\"e-con-inner\">\n\t\t<div class=\"elementor-element elementor-element-f86debf e-con-full e-flex e-con e-child\" data-id=\"f86debf\" data-element_type=\"container\" data-e-type=\"container\">\n\t\t\t\t<div class=\"elementor-element elementor-element-b26427b elementor-align-center elementor-widget elementor-widget-breadcrumbs\" data-id=\"b26427b\" data-element_type=\"widget\" data-e-type=\"widget\" data-widget_type=\"breadcrumbs.default\">\n\t\t\t\t<div class=\"elementor-widget-container\">\n\t\t\t\t\t<nav aria-label=\"breadcrumbs\" class=\"rank-math-breadcrumb\"><p><span class=\"last\">Sauna Oslo<\/span><\/p><\/nav>\t\t\t\t<\/div>\n\t\t\t\t<\/div>\n\t\t\t\t<div class=\"elementor-element elementor-element-63792cb elementor-widget elementor-widget-heading\" data-id=\"63792cb\" data-element_type=\"widget\" data-e-type=\"widget\" data-widget_type=\"heading.default\">\n\t\t\t\t<div class=\"elementor-widget-container\">\n\t\t\t\t\t<h2 class=\"elementor-heading-title elementor-size-default\">Here you will find frequently asked questions and answers<\/h2>\t\t\t\t<\/div>\n\t\t\t\t<\/div>\n\t\t\t\t<div class=\"elementor-element elementor-element-feee976 elementor-widget elementor-widget-text-editor\" data-id=\"feee976\" data-element_type=\"widget\" data-e-type=\"widget\" data-widget_type=\"text-editor.default\">\n\t\t\t\t<div class=\"elementor-widget-container\">\n\t\t\t\t\t\t\t\t\t<p>We've gathered the most frequently asked questions and answered them as best we can. If you can't find what you're looking for, you can always <a href=\"\/kontakt\/\">contact us<\/a>.<\/p>\t\t\t\t\t\t\t\t<\/div>\n\t\t\t\t<\/div>\n\t\t\t\t<div class=\"elementor-element elementor-element-93b3baf sokefelt elementor-widget elementor-widget-shortcode\" data-id=\"93b3baf\" data-element_type=\"widget\" data-e-type=\"widget\" data-widget_type=\"shortcode.default\">\n\t\t\t\t<div class=\"elementor-widget-container\">\n\t\t\t\t\t\t\t\t\t\t\t\t<style type=\"text\/css\" media=\"screen\">\n\t\t\t\t\t\t\t#is-ajax-search-result-22539 .is-highlight { background-color: #FFFFB9 !important;}\n\t\t\t\t\t\t\t#is-ajax-search-result-22539 .meta .is-highlight { background-color: transparent !important;}\n\t\t\t\t\t\t\t<\/style>\n\t\t\t\t\t\t\t\t<div class=\"elementor-shortcode\"><form data-min-no-for-search=\"2\" data-result-box-max-height=\"400\" data-form-id=\"22539\" class=\"is-search-form is-disable-submit is-form-style is-form-style-3 is-form-id-22539 is-ajax-search\" action=\"https:\/\/koknorge.no\/en\/\" method=\"get\" role=\"search\" data-trp-original-action=\"https:\/\/koknorge.no\/en\/\" ><label for=\"is-search-input-22539\"><span class=\"is-screen-reader-text\">Search for:<\/span><input  type=\"search\" id=\"is-search-input-22539\" name=\"s\" value=\"\" class=\"is-search-input\" placeholder=\"Search for questions and answers\" autocomplete=\"off\" \/><span class=\"is-loader-image\" style=\"display: none;background-image:url(https:\/\/koknorge.no\/wp-content\/plugins\/add-search-to-menu\/public\/images\/spinner.gif);\" ><\/span><\/label><button type=\"submit\" class=\"is-search-submit\"><span class=\"is-screen-reader-text\">Search Button<\/span><span class=\"is-search-icon\"><svg focusable=\"false\" aria-label=\"Search\" xmlns=\"http:\/\/www.w3.org\/2000\/svg\" viewbox=\"0 0 24 24\" width=\"24px\"><path d=\"M15.5 14h-.79l-.28-.27C15.41 12.59 16 11.11 16 9.5 16 5.91 13.09 3 9.5 3S3 5.91 3 9.5 5.91 16 9.5 16c1.61 0 3.09-.59 4.23-1.57l.27.28v.79l5 4.99L20.49 19l-4.99-5zm-6 0C7.01 14 5 11.99 5 9.5S7.01 5 9.5 5 14 7.01 14 9.5 11.99 14 9.5 14z\"><\/path><\/svg><\/span><\/button><input type=\"hidden\" name=\"id\" value=\"22539\" \/><input type=\"hidden\" name=\"post_type\" value=\"sporsmal-og-svar\" \/><input type=\"hidden\" name=\"trp-form-language\" value=\"en\"\/><\/form><\/div>\n\t\t\t\t\t\t<\/div>\n\t\t\t\t<\/div>\n\t\t\t\t<\/div>\n\t\t<div class=\"elementor-element elementor-element-ce11a58 e-con-full e-flex e-con e-child\" data-id=\"ce11a58\" data-element_type=\"container\" data-e-type=\"container\">\n\t\t\t\t<div class=\"elementor-element elementor-element-0f2d9a1 elementor-posts--thumbnail-none sporsmalsloop elementor-grid-3 elementor-grid-tablet-2 elementor-grid-mobile-1 elementor-card-shadow-yes elementor-posts__hover-gradient elementor-widget elementor-widget-posts\" data-id=\"0f2d9a1\" data-element_type=\"widget\" data-e-type=\"widget\" data-settings=\"{&quot;cards_row_gap&quot;:{&quot;unit&quot;:&quot;px&quot;,&quot;size&quot;:20,&quot;sizes&quot;:[]},&quot;pagination_type&quot;:&quot;numbers_and_prev_next&quot;,&quot;cards_columns&quot;:&quot;3&quot;,&quot;cards_columns_tablet&quot;:&quot;2&quot;,&quot;cards_columns_mobile&quot;:&quot;1&quot;,&quot;cards_row_gap_widescreen&quot;:{&quot;unit&quot;:&quot;px&quot;,&quot;size&quot;:&quot;&quot;,&quot;sizes&quot;:[]},&quot;cards_row_gap_laptop&quot;:{&quot;unit&quot;:&quot;px&quot;,&quot;size&quot;:&quot;&quot;,&quot;sizes&quot;:[]},&quot;cards_row_gap_tablet_extra&quot;:{&quot;unit&quot;:&quot;px&quot;,&quot;size&quot;:&quot;&quot;,&quot;sizes&quot;:[]},&quot;cards_row_gap_tablet&quot;:{&quot;unit&quot;:&quot;px&quot;,&quot;size&quot;:&quot;&quot;,&quot;sizes&quot;:[]},&quot;cards_row_gap_mobile&quot;:{&quot;unit&quot;:&quot;px&quot;,&quot;size&quot;:&quot;&quot;,&quot;sizes&quot;:[]}}\" data-widget_type=\"posts.cards\">\n\t\t\t\t<div class=\"elementor-widget-container\">\n\t\t\t\t\t\t\t<div class=\"elementor-posts-container elementor-posts elementor-posts--skin-cards elementor-grid\" role=\"list\">\n\t\t\t\t<article class=\"elementor-post elementor-grid-item post-22675 sporsmal-og-svar type-sporsmal-og-svar status-publish hentry\" role=\"listitem\">\n\t\t\t<div class=\"elementor-post__card\">\n\t\t\t\t<div class=\"elementor-post__text\">\n\t\t\t\t<h3 class=\"elementor-post__title\">\n\t\t\t<a href=\"https:\/\/koknorge.no\/en\/sporsmal-og-svar\/hvor-ligger-badstuene\/\">\n\t\t\t\tWhere are the saunas in Oslo?\t\t\t<\/a>\n\t\t<\/h3>\n\t\t\t\t<div class=\"elementor-post__excerpt\">\n\t\t\t<p>KOK's saunas are located at Langkaia and Aker brygge. Add or remove existing text.<\/p>\n\t\t<\/div>\n\t\t\t\t\t<div class=\"elementor-post__read-more-wrapper\">\n\t\t\n\t\t<a class=\"elementor-post__read-more\" href=\"https:\/\/koknorge.no\/en\/sporsmal-og-svar\/hvor-ligger-badstuene\/\" aria-label=\"Read more about Hvor ligger badstuene i Oslo?\" tabindex=\"-1\">\n\t\t\tRead more \"\t\t<\/a>\n\n\t\t\t\t\t<\/div>\n\t\t\t\t<\/div>\n\t\t\t\t\t<\/div>\n\t\t<\/article>\n\t\t\t\t<article class=\"elementor-post elementor-grid-item post-22593 sporsmal-og-svar type-sporsmal-og-svar status-publish hentry\" role=\"listitem\">\n\t\t\t<div class=\"elementor-post__card\">\n\t\t\t\t<div class=\"elementor-post__text\">\n\t\t\t\t<h3 class=\"elementor-post__title\">\n\t\t\t<a href=\"https:\/\/koknorge.no\/en\/sporsmal-og-svar\/har-dere-vann-vann-i-badstue\/\">\n\t\t\t\tDo you have water? Water in the sauna\t\t\t<\/a>\n\t\t<\/h3>\n\t\t\t\t<div class=\"elementor-post__excerpt\">\n\t\t\t<p>We sell water at both locations, in case you forget. You can buy 0.5 liter<\/p>\n\t\t<\/div>\n\t\t\t\t\t<div class=\"elementor-post__read-more-wrapper\">\n\t\t\n\t\t<a class=\"elementor-post__read-more\" href=\"https:\/\/koknorge.no\/en\/sporsmal-og-svar\/har-dere-vann-vann-i-badstue\/\" aria-label=\"Read more about Har dere vann? Vann i badstue\" tabindex=\"-1\">\n\t\t\tRead more \"\t\t<\/a>\n\n\t\t\t\t\t<\/div>\n\t\t\t\t<\/div>\n\t\t\t\t\t<\/div>\n\t\t<\/article>\n\t\t\t\t<article class=\"elementor-post elementor-grid-item post-22592 sporsmal-og-svar type-sporsmal-og-svar status-publish hentry\" role=\"listitem\">\n\t\t\t<div class=\"elementor-post__card\">\n\t\t\t\t<div class=\"elementor-post__text\">\n\t\t\t\t<h3 class=\"elementor-post__title\">\n\t\t\t<a href=\"https:\/\/koknorge.no\/en\/sporsmal-og-svar\/mat-i-badstue-pa-kok\/\">\n\t\t\t\tFood in the sauna at KOK?\t\t\t<\/a>\n\t\t<\/h3>\n\t\t\t\t<div class=\"elementor-post__excerpt\">\n\t\t\t<p>No food is allowed in the sauna at KOK, but you are welcome to enjoy snacks etc.<\/p>\n\t\t<\/div>\n\t\t\t\t\t<div class=\"elementor-post__read-more-wrapper\">\n\t\t\n\t\t<a class=\"elementor-post__read-more\" href=\"https:\/\/koknorge.no\/en\/sporsmal-og-svar\/mat-i-badstue-pa-kok\/\" aria-label=\"Read more about Mat i badstue p\u00e5 KOK?\" tabindex=\"-1\">\n\t\t\tRead more \"\t\t<\/a>\n\n\t\t\t\t\t<\/div>\n\t\t\t\t<\/div>\n\t\t\t\t\t<\/div>\n\t\t<\/article>\n\t\t\t\t<article class=\"elementor-post elementor-grid-item post-22591 sporsmal-og-svar type-sporsmal-og-svar status-publish hentry\" role=\"listitem\">\n\t\t\t<div class=\"elementor-post__card\">\n\t\t\t\t<div class=\"elementor-post__text\">\n\t\t\t\t<h3 class=\"elementor-post__title\">\n\t\t\t<a href=\"https:\/\/koknorge.no\/en\/sporsmal-og-svar\/kan-jeg-ha-med-alkohol-i-badstuen\/\">\n\t\t\t\tCan I bring alcohol into the sauna?\t\t\t<\/a>\n\t\t<\/h3>\n\t\t\t\t<div class=\"elementor-post__excerpt\">\n\t\t\t<p>On PRIVATKOK and KOKCRUISE you can enjoy alcohol, but on FELLESKOK it is not allowed. For those<\/p>\n\t\t<\/div>\n\t\t\t\t\t<div class=\"elementor-post__read-more-wrapper\">\n\t\t\n\t\t<a class=\"elementor-post__read-more\" href=\"https:\/\/koknorge.no\/en\/sporsmal-og-svar\/kan-jeg-ha-med-alkohol-i-badstuen\/\" aria-label=\"Read more about Kan jeg ha med alkohol i badstuen?\" tabindex=\"-1\">\n\t\t\tRead more \"\t\t<\/a>\n\n\t\t\t\t\t<\/div>\n\t\t\t\t<\/div>\n\t\t\t\t\t<\/div>\n\t\t<\/article>\n\t\t\t\t<article class=\"elementor-post elementor-grid-item post-22590 sporsmal-og-svar type-sporsmal-og-svar status-publish hentry\" role=\"listitem\">\n\t\t\t<div class=\"elementor-post__card\">\n\t\t\t\t<div class=\"elementor-post__text\">\n\t\t\t\t<h3 class=\"elementor-post__title\">\n\t\t\t<a href=\"https:\/\/koknorge.no\/en\/sporsmal-og-svar\/er-det-trygt-a-bade-i-regnvaer\/\">\n\t\t\t\tIs it safe to swim in the rain?\t\t\t<\/a>\n\t\t<\/h3>\n\t\t\t\t<div class=\"elementor-post__excerpt\">\n\t\t\t<p>The municipality gives a thumbs up to the overall water quality in the inner Oslofjord, but advises against swimming for 24 hours<\/p>\n\t\t<\/div>\n\t\t\t\t\t<div class=\"elementor-post__read-more-wrapper\">\n\t\t\n\t\t<a class=\"elementor-post__read-more\" href=\"https:\/\/koknorge.no\/en\/sporsmal-og-svar\/er-det-trygt-a-bade-i-regnvaer\/\" aria-label=\"Read more about Er det trygt \u00e5 bade i regnv\u00e6r?\" tabindex=\"-1\">\n\t\t\tRead more \"\t\t<\/a>\n\n\t\t\t\t\t<\/div>\n\t\t\t\t<\/div>\n\t\t\t\t\t<\/div>\n\t\t<\/article>\n\t\t\t\t<article class=\"elementor-post elementor-grid-item post-22589 sporsmal-og-svar type-sporsmal-og-svar status-publish hentry\" role=\"listitem\">\n\t\t\t<div class=\"elementor-post__card\">\n\t\t\t\t<div class=\"elementor-post__text\">\n\t\t\t\t<h3 class=\"elementor-post__title\">\n\t\t\t<a href=\"https:\/\/koknorge.no\/en\/sporsmal-og-svar\/er-det-noe-vaerforbehold\/\">\n\t\t\t\tAre there any weather reservations?\t\t\t<\/a>\n\t\t<\/h3>\n\t\t\t\t<div class=\"elementor-post__excerpt\">\n\t\t\t<p>In winter, the ice can be too thick, and whatever the time of year, the wind can be too strong<\/p>\n\t\t<\/div>\n\t\t\t\t\t<div class=\"elementor-post__read-more-wrapper\">\n\t\t\n\t\t<a class=\"elementor-post__read-more\" href=\"https:\/\/koknorge.no\/en\/sporsmal-og-svar\/er-det-noe-vaerforbehold\/\" aria-label=\"Read more about Er det noe v\u00e6rforbehold?\" tabindex=\"-1\">\n\t\t\tRead more \"\t\t<\/a>\n\n\t\t\t\t\t<\/div>\n\t\t\t\t<\/div>\n\t\t\t\t\t<\/div>\n\t\t<\/article>\n\t\t\t\t<article class=\"elementor-post elementor-grid-item post-22588 sporsmal-og-svar type-sporsmal-og-svar status-publish hentry\" role=\"listitem\">\n\t\t\t<div class=\"elementor-post__card\">\n\t\t\t\t<div class=\"elementor-post__text\">\n\t\t\t\t<h3 class=\"elementor-post__title\">\n\t\t\t<a href=\"https:\/\/koknorge.no\/en\/sporsmal-og-svar\/kan-jeg-ta-badstue-som-gravid\/\">\n\t\t\t\tCan I take a sauna while pregnant\t\t\t<\/a>\n\t\t<\/h3>\n\t\t\t\t<div class=\"elementor-post__excerpt\">\n\t\t\t<p>Our experience of taking a sauna during pregnancy is good. But we recommend that you get in touch<\/p>\n\t\t<\/div>\n\t\t\t\t\t<div class=\"elementor-post__read-more-wrapper\">\n\t\t\n\t\t<a class=\"elementor-post__read-more\" href=\"https:\/\/koknorge.no\/en\/sporsmal-og-svar\/kan-jeg-ta-badstue-som-gravid\/\" aria-label=\"Read more about Kan jeg ta badstue som gravid\" tabindex=\"-1\">\n\t\t\tRead more \"\t\t<\/a>\n\n\t\t\t\t\t<\/div>\n\t\t\t\t<\/div>\n\t\t\t\t\t<\/div>\n\t\t<\/article>\n\t\t\t\t<article class=\"elementor-post elementor-grid-item post-22587 sporsmal-og-svar type-sporsmal-og-svar status-publish hentry\" role=\"listitem\">\n\t\t\t<div class=\"elementor-post__card\">\n\t\t\t\t<div class=\"elementor-post__text\">\n\t\t\t\t<h3 class=\"elementor-post__title\">\n\t\t\t<a href=\"https:\/\/koknorge.no\/en\/sporsmal-og-svar\/kan-vi-ha-med-barn-i-badstu\/\">\n\t\t\t\tCan we bring children to the sauna?\t\t\t<\/a>\n\t\t<\/h3>\n\t\t\t\t<div class=\"elementor-post__excerpt\">\n\t\t\t<p>Children have a great time at KOK and are extra welcome with us. Safety is important, so all children<\/p>\n\t\t<\/div>\n\t\t\t\t\t<div class=\"elementor-post__read-more-wrapper\">\n\t\t\n\t\t<a class=\"elementor-post__read-more\" href=\"https:\/\/koknorge.no\/en\/sporsmal-og-svar\/kan-vi-ha-med-barn-i-badstu\/\" aria-label=\"Read more about Kan vi ha med barn i badstu?\" tabindex=\"-1\">\n\t\t\tRead more \"\t\t<\/a>\n\n\t\t\t\t\t<\/div>\n\t\t\t\t<\/div>\n\t\t\t\t\t<\/div>\n\t\t<\/article>\n\t\t\t\t<article class=\"elementor-post elementor-grid-item post-22586 sporsmal-og-svar type-sporsmal-og-svar status-publish hentry\" role=\"listitem\">\n\t\t\t<div class=\"elementor-post__card\">\n\t\t\t\t<div class=\"elementor-post__text\">\n\t\t\t\t<h3 class=\"elementor-post__title\">\n\t\t\t<a href=\"https:\/\/koknorge.no\/en\/sporsmal-og-svar\/har-dere-redningsvester-pa-kok\/\">\n\t\t\t\tDo you have life jackets at KOK?\t\t\t<\/a>\n\t\t<\/h3>\n\t\t\t\t<div class=\"elementor-post__excerpt\">\n\t\t\t<p>At KOKCRUISE we have life jackets for all adults at both locations. We also have 3 life jackets for<\/p>\n\t\t<\/div>\n\t\t\t\t\t<div class=\"elementor-post__read-more-wrapper\">\n\t\t\n\t\t<a class=\"elementor-post__read-more\" href=\"https:\/\/koknorge.no\/en\/sporsmal-og-svar\/har-dere-redningsvester-pa-kok\/\" aria-label=\"Read more about Har dere redningsvester p\u00e5 KOK?\" tabindex=\"-1\">\n\t\t\tRead more \"\t\t<\/a>\n\n\t\t\t\t\t<\/div>\n\t\t\t\t<\/div>\n\t\t\t\t\t<\/div>\n\t\t<\/article>\n\t\t\t\t<article class=\"elementor-post elementor-grid-item post-22585 sporsmal-og-svar type-sporsmal-og-svar status-publish hentry\" role=\"listitem\">\n\t\t\t<div class=\"elementor-post__card\">\n\t\t\t\t<div class=\"elementor-post__text\">\n\t\t\t\t<h3 class=\"elementor-post__title\">\n\t\t\t<a href=\"https:\/\/koknorge.no\/en\/sporsmal-og-svar\/gjenglemt-hva-skjer-hvis-jeg-glemmer-noe-i-badstuen\/\">\n\t\t\t\tForgotten | What happens if I forget something in the sauna?\t\t\t<\/a>\n\t\t<\/h3>\n\t\t\t\t<div class=\"elementor-post__excerpt\">\n\t\t\t<p>Our sauna masters clean the saunas after each booking and if they find lost items, these are taken care of in<\/p>\n\t\t<\/div>\n\t\t\t\t\t<div class=\"elementor-post__read-more-wrapper\">\n\t\t\n\t\t<a class=\"elementor-post__read-more\" href=\"https:\/\/koknorge.no\/en\/sporsmal-og-svar\/gjenglemt-hva-skjer-hvis-jeg-glemmer-noe-i-badstuen\/\" aria-label=\"Read more about Gjenglemt | Hva skjer hvis jeg glemmer noe i badstuen?\" tabindex=\"-1\">\n\t\t\tRead more \"\t\t<\/a>\n\n\t\t\t\t\t<\/div>\n\t\t\t\t<\/div>\n\t\t\t\t\t<\/div>\n\t\t<\/article>\n\t\t\t\t<article class=\"elementor-post elementor-grid-item post-22584 sporsmal-og-svar type-sporsmal-og-svar status-publish hentry\" role=\"listitem\">\n\t\t\t<div class=\"elementor-post__card\">\n\t\t\t\t<div class=\"elementor-post__text\">\n\t\t\t\t<h3 class=\"elementor-post__title\">\n\t\t\t<a href=\"https:\/\/koknorge.no\/en\/sporsmal-og-svar\/har-dere-badetoy-handklaer-til-utleie-eller-salgs\/\">\n\t\t\t\tDo you have swimwear\/towels for rent or sale?\t\t\t<\/a>\n\t\t<\/h3>\n\t\t\t\t<div class=\"elementor-post__excerpt\">\n\t\t\t<p>We have towels for sale! But not swimwear so remember to bring it with you. You can read<\/p>\n\t\t<\/div>\n\t\t\t\t\t<div class=\"elementor-post__read-more-wrapper\">\n\t\t\n\t\t<a class=\"elementor-post__read-more\" href=\"https:\/\/koknorge.no\/en\/sporsmal-og-svar\/har-dere-badetoy-handklaer-til-utleie-eller-salgs\/\" aria-label=\"Read more about Har dere badet\u00f8y\/h\u00e5ndkl\u00e6r til utleie eller salgs?\" tabindex=\"-1\">\n\t\t\tRead more \"\t\t<\/a>\n\n\t\t\t\t\t<\/div>\n\t\t\t\t<\/div>\n\t\t\t\t\t<\/div>\n\t\t<\/article>\n\t\t\t\t<article class=\"elementor-post elementor-grid-item post-22583 sporsmal-og-svar type-sporsmal-og-svar status-publish hentry\" role=\"listitem\">\n\t\t\t<div class=\"elementor-post__card\">\n\t\t\t\t<div class=\"elementor-post__text\">\n\t\t\t\t<h3 class=\"elementor-post__title\">\n\t\t\t<a href=\"https:\/\/koknorge.no\/en\/sporsmal-og-svar\/har-dere-toalett\/\">\n\t\t\t\tDo you have a toilet?\t\t\t<\/a>\n\t\t<\/h3>\n\t\t\t\t<div class=\"elementor-post__excerpt\">\n\t\t\t<p>\"We don't have a toilet. At Aker Brygge there are toilets at nearby restaurants, while at Langkaia<\/p>\n\t\t<\/div>\n\t\t\t\t\t<div class=\"elementor-post__read-more-wrapper\">\n\t\t\n\t\t<a class=\"elementor-post__read-more\" href=\"https:\/\/koknorge.no\/en\/sporsmal-og-svar\/har-dere-toalett\/\" aria-label=\"Read more about Har dere toalett?\" tabindex=\"-1\">\n\t\t\tRead more \"\t\t<\/a>\n\n\t\t\t\t\t<\/div>\n\t\t\t\t<\/div>\n\t\t\t\t\t<\/div>\n\t\t<\/article>\n\t\t\t\t<\/div>\n\t\t\n\t\t\t\t<div class=\"e-load-more-anchor\" data-page=\"1\" data-max-page=\"3\" data-next-page=\"https:\/\/koknorge.no\/en\/?e-page-0f2d9a1=2\"><\/div>\n\t\t\t\t<nav class=\"elementor-pagination\" aria-label=\"Pagination\">\n\t\t\t<span class=\"page-numbers prev\">\" Previous<\/span>\n<span aria-current=\"page\" class=\"page-numbers current\"><span class=\"elementor-screen-only\">Page<\/span>1<\/span>\n<a class=\"page-numbers\" href=\"https:\/\/koknorge.no\/en\/wp-json\/wp\/v2\/pages\/22500\/?e-page-0f2d9a1=2\"><span class=\"elementor-screen-only\">Page<\/span>2<\/a>\n<a class=\"page-numbers\" href=\"https:\/\/koknorge.no\/en\/wp-json\/wp\/v2\/pages\/22500\/?e-page-0f2d9a1=3\"><span class=\"elementor-screen-only\">Page<\/span>3<\/a>\n<a class=\"page-numbers next\" href=\"https:\/\/koknorge.no\/en\/?e-page-0f2d9a1=2\">Next \"<\/a>\t\t<\/nav>\n\t\t\t\t\t\t<\/div>\n\t\t\t\t<\/div>\n\t\t\t\t<\/div>\n\t\t\t\t\t<\/div>\n\t\t\t\t<\/div>\n\t\t\t\t<\/div>","protected":false},"excerpt":{"rendered":"<p>KOK Norge Her finner du ofte stilte sp\u00f8rsm\u00e5l og svar Vi har samlet sp\u00f8rsm\u00e5lene vi oftest f\u00e5r, og har besvart dem s\u00e5 godt det g\u00e5r. Finner du ikke det du leter etter, kan du alltids kontakte oss.<\/p>","protected":false},"author":15,"featured_media":0,"parent":23938,"menu_order":38,"comment_status":"closed","ping_status":"closed","template":"","meta":{"_acf_changed":false,"footnotes":""},"class_list":["post-22500","page","type-page","status-publish","hentry"],"acf":[],"_links":{"self":[{"href":"https:\/\/koknorge.no\/en\/wp-json\/wp\/v2\/pages\/22500","targetHints":{"allow":["GET"]}}],"collection":[{"href":"https:\/\/koknorge.no\/en\/wp-json\/wp\/v2\/pages"}],"about":[{"href":"https:\/\/koknorge.no\/en\/wp-json\/wp\/v2\/types\/page"}],"author":[{"embeddable":true,"href":"https:\/\/koknorge.no\/en\/wp-json\/wp\/v2\/users\/15"}],"replies":[{"embeddable":true,"href":"https:\/\/koknorge.no\/en\/wp-json\/wp\/v2\/comments?post=22500"}],"version-history":[{"count":70,"href":"https:\/\/koknorge.no\/en\/wp-json\/wp\/v2\/pages\/22500\/revisions"}],"predecessor-version":[{"id":23796,"href":"https:\/\/koknorge.no\/en\/wp-json\/wp\/v2\/pages\/22500\/revisions\/23796"}],"up":[{"embeddable":true,"href":"https:\/\/koknorge.no\/en\/wp-json\/wp\/v2\/pages\/23938"}],"wp:attachment":[{"href":"https:\/\/koknorge.no\/en\/wp-json\/wp\/v2\/media?parent=22500"}],"curies":[{"name":"wp","href":"https:\/\/api.w.org\/{rel}","templated":true}]}}