{"id":23936,"date":"2026-02-26T23:32:06","date_gmt":"2026-02-26T22:32:06","guid":{"rendered":"https:\/\/koknorge.no\/?page_id=23936"},"modified":"2026-02-27T00:02:45","modified_gmt":"2026-02-26T23:02:45","slug":"lokasjoner","status":"publish","type":"page","link":"https:\/\/koknorge.no\/en\/info-badstue\/lokasjoner\/","title":{"rendered":"Locations"},"content":{"rendered":"\t\t<div data-elementor-type=\"wp-page\" data-elementor-id=\"23936\" class=\"elementor elementor-23936\" data-elementor-post-type=\"page\">\n\t\t\t\t<div class=\"elementor-element elementor-element-4ae7e4a e-flex e-con-boxed e-con e-parent\" data-id=\"4ae7e4a\" data-element_type=\"container\" data-e-type=\"container\">\n\t\t\t\t\t<div class=\"e-con-inner\">\n\t\t\t\t<div class=\"elementor-element elementor-element-c48cf2e elementor-widget elementor-widget-text-editor\" data-id=\"c48cf2e\" data-element_type=\"widget\" data-e-type=\"widget\" data-widget_type=\"text-editor.default\">\n\t\t\t\t<div class=\"elementor-widget-container\">\n\t\t\t\t\t\t\t\t\t<h1>KOK Lokasjoner<\/h1><p>Se v\u00e5re lokasjoner<\/p>\t\t\t\t\t\t\t\t<\/div>\n\t\t\t\t<\/div>\n\t\t\t\t\t<\/div>\n\t\t\t\t<\/div>\n\t\t<div class=\"elementor-element elementor-element-50e790b e-flex e-con-boxed e-con e-parent\" data-id=\"50e790b\" data-element_type=\"container\" data-e-type=\"container\">\n\t\t\t\t\t<div class=\"e-con-inner\">\n\t\t\t\t<div class=\"elementor-element elementor-element-4a27e3b elementor-grid-2 elementor-grid-tablet-2 elementor-grid-mobile-1 elementor-widget elementor-widget-loop-grid\" data-id=\"4a27e3b\" data-element_type=\"widget\" data-e-type=\"widget\" data-settings=\"{&quot;template_id&quot;:23940,&quot;columns&quot;:2,&quot;_skin&quot;:&quot;post&quot;,&quot;columns_tablet&quot;:&quot;2&quot;,&quot;columns_mobile&quot;:&quot;1&quot;,&quot;edit_handle_selector&quot;:&quot;[data-elementor-type=\\&quot;loop-item\\&quot;]&quot;,&quot;row_gap&quot;:{&quot;unit&quot;:&quot;px&quot;,&quot;size&quot;:&quot;&quot;,&quot;sizes&quot;:[]},&quot;row_gap_widescreen&quot;:{&quot;unit&quot;:&quot;px&quot;,&quot;size&quot;:&quot;&quot;,&quot;sizes&quot;:[]},&quot;row_gap_laptop&quot;:{&quot;unit&quot;:&quot;px&quot;,&quot;size&quot;:&quot;&quot;,&quot;sizes&quot;:[]},&quot;row_gap_tablet_extra&quot;:{&quot;unit&quot;:&quot;px&quot;,&quot;size&quot;:&quot;&quot;,&quot;sizes&quot;:[]},&quot;row_gap_tablet&quot;:{&quot;unit&quot;:&quot;px&quot;,&quot;size&quot;:&quot;&quot;,&quot;sizes&quot;:[]},&quot;row_gap_mobile&quot;:{&quot;unit&quot;:&quot;px&quot;,&quot;size&quot;:&quot;&quot;,&quot;sizes&quot;:[]}}\" data-widget_type=\"loop-grid.post\">\n\t\t\t\t<div class=\"elementor-widget-container\">\n\t\t\t\t\t\t\t<div class=\"elementor-loop-container elementor-grid\" role=\"list\">\n\t\t<style id=\"loop-23940\">.elementor-23940 .elementor-element.elementor-element-576bd66{--display:flex;--flex-direction:column;--container-widget-width:100%;--container-widget-height:initial;--container-widget-flex-grow:0;--container-widget-align-self:initial;--flex-wrap-mobile:wrap;}.elementor-23940 .elementor-element.elementor-element-f5c0216{text-align:center;}.elementor-23940 .elementor-element.elementor-element-8d6440e .elementor-button{font-family:\"Lelo ny\", Sans-serif;font-size:20px;font-weight:normal;text-decoration:none;line-height:30px;text-shadow:0px 0px 0px rgba(0,0,0,0.3);fill:#FFFEFC;color:#FFFEFC;background-color:#37566B;border-style:solid;border-width:2px 2px 2px 2px;border-radius:10px 10px 10px 10px;padding:010px 020px 010px 20px;}.elementor-23940 .elementor-element.elementor-element-8d6440e .elementor-button:hover, .elementor-23940 .elementor-element.elementor-element-8d6440e .elementor-button:focus{color:var( --e-global-color-primary );background-color:var( --e-global-color-accent );}.elementor-23940 .elementor-element.elementor-element-8d6440e .elementor-button:hover svg, .elementor-23940 .elementor-element.elementor-element-8d6440e .elementor-button:focus svg{fill:var( --e-global-color-primary );}.elementor-23940 .elementor-element.elementor-element-8d6440e > .elementor-widget-container{padding:10px 20px 10px 20px;}<\/style>\t\t<div data-elementor-type=\"loop-item\" data-elementor-id=\"23940\" class=\"elementor elementor-23940 e-loop-item e-loop-item-22482 post-22482 rank_math_locations type-rank_math_locations status-publish has-post-thumbnail hentry\" data-elementor-post-type=\"elementor_library\" data-custom-edit-handle=\"1\">\n\t\t\t<div class=\"elementor-element elementor-element-576bd66 e-flex e-con-boxed e-con e-parent\" data-id=\"576bd66\" data-element_type=\"container\" data-e-type=\"container\">\n\t\t\t\t\t<div class=\"e-con-inner\">\n\t\t\t\t<div class=\"elementor-element elementor-element-9a61dd2 elementor-widget elementor-widget-theme-post-featured-image elementor-widget-image\" data-id=\"9a61dd2\" data-element_type=\"widget\" data-e-type=\"widget\" data-widget_type=\"theme-post-featured-image.default\">\n\t\t\t\t<div class=\"elementor-widget-container\">\n\t\t\t\t\t\t\t\t\t\t\t\t\t\t\t<img fetchpriority=\"high\" decoding=\"async\" width=\"768\" height=\"512\" src=\"https:\/\/koknorge.no\/wp-content\/uploads\/2025\/12\/MYYK_OSLO36-768x512.png\" class=\"attachment-medium_large size-medium_large wp-image-23519\" alt=\"gavekort p\u00e5 badstue\" srcset=\"https:\/\/koknorge.no\/wp-content\/uploads\/2025\/12\/MYYK_OSLO36-768x512.png 768w, https:\/\/koknorge.no\/wp-content\/uploads\/2025\/12\/MYYK_OSLO36-300x200.png 300w, https:\/\/koknorge.no\/wp-content\/uploads\/2025\/12\/MYYK_OSLO36-1024x683.png 1024w, https:\/\/koknorge.no\/wp-content\/uploads\/2025\/12\/MYYK_OSLO36-1536x1025.png 1536w, https:\/\/koknorge.no\/wp-content\/uploads\/2025\/12\/MYYK_OSLO36-2048x1366.png 2048w, https:\/\/koknorge.no\/wp-content\/uploads\/2025\/12\/MYYK_OSLO36-18x12.png 18w\" sizes=\"(max-width: 768px) 100vw, 768px\" title=\"\">\t\t\t\t\t\t\t\t\t\t\t\t\t\t\t<\/div>\n\t\t\t\t<\/div>\n\t\t\t\t<div class=\"elementor-element elementor-element-f5c0216 elementor-widget elementor-widget-theme-post-title elementor-page-title elementor-widget-heading\" data-id=\"f5c0216\" data-element_type=\"widget\" data-e-type=\"widget\" data-widget_type=\"theme-post-title.default\">\n\t\t\t\t<div class=\"elementor-widget-container\">\n\t\t\t\t\t<h3 class=\"elementor-heading-title elementor-size-default\">KOK Badstue Aker Brygge<\/h3>\t\t\t\t<\/div>\n\t\t\t\t<\/div>\n\t\t\t\t<div class=\"elementor-element elementor-element-ace7702 elementor-widget elementor-widget-theme-post-excerpt\" data-id=\"ace7702\" data-element_type=\"widget\" data-e-type=\"widget\" data-widget_type=\"theme-post-excerpt.default\">\n\t\t\t\t<div class=\"elementor-widget-container\">\n\t\t\t\t\t<p>Badstue p\u00e5 Aker Brygge &#8211; skrive litt tekst her om location, hvordan kommer man seg her, osv&#8230;.<\/p>\t\t\t\t<\/div>\n\t\t\t\t<\/div>\n\t\t\t\t<div class=\"elementor-element elementor-element-8d6440e elementor-align-center elementor-widget elementor-widget-button\" data-id=\"8d6440e\" data-element_type=\"widget\" data-e-type=\"widget\" data-widget_type=\"button.default\">\n\t\t\t\t<div class=\"elementor-widget-container\">\n\t\t\t\t\t\t\t\t\t<div class=\"elementor-button-wrapper\">\n\t\t\t\t\t<a class=\"elementor-button elementor-button-link elementor-size-sm\" href=\"https:\/\/koknorge.no\/en\/Lokasjoner\/aker-brygge\/\">\n\t\t\t\t\t\t<span class=\"elementor-button-content-wrapper\">\n\t\t\t\t\t\t\t\t\t<span class=\"elementor-button-text\">Les mer<\/span>\n\t\t\t\t\t<\/span>\n\t\t\t\t\t<\/a>\n\t\t\t\t<\/div>\n\t\t\t\t\t\t\t\t<\/div>\n\t\t\t\t<\/div>\n\t\t\t\t\t<\/div>\n\t\t\t\t<\/div>\n\t\t\t\t<\/div>\n\t\t\t\t<div data-elementor-type=\"loop-item\" data-elementor-id=\"23940\" class=\"elementor elementor-23940 e-loop-item e-loop-item-23921 post-23921 rank_math_locations type-rank_math_locations status-publish has-post-thumbnail hentry\" data-elementor-post-type=\"elementor_library\" data-custom-edit-handle=\"1\">\n\t\t\t<div class=\"elementor-element elementor-element-576bd66 e-flex e-con-boxed e-con e-parent\" data-id=\"576bd66\" data-element_type=\"container\" data-e-type=\"container\">\n\t\t\t\t\t<div class=\"e-con-inner\">\n\t\t\t\t<div class=\"elementor-element elementor-element-9a61dd2 elementor-widget elementor-widget-theme-post-featured-image elementor-widget-image\" data-id=\"9a61dd2\" data-element_type=\"widget\" data-e-type=\"widget\" data-widget_type=\"theme-post-featured-image.default\">\n\t\t\t\t<div class=\"elementor-widget-container\">\n\t\t\t\t\t\t\t\t\t\t\t\t\t\t\t<img fetchpriority=\"high\" decoding=\"async\" width=\"768\" height=\"512\" src=\"https:\/\/koknorge.no\/wp-content\/uploads\/2025\/12\/MYYK_OSLO36-768x512.png\" class=\"attachment-medium_large size-medium_large wp-image-23519\" alt=\"gavekort p\u00e5 badstue\" srcset=\"https:\/\/koknorge.no\/wp-content\/uploads\/2025\/12\/MYYK_OSLO36-768x512.png 768w, https:\/\/koknorge.no\/wp-content\/uploads\/2025\/12\/MYYK_OSLO36-300x200.png 300w, https:\/\/koknorge.no\/wp-content\/uploads\/2025\/12\/MYYK_OSLO36-1024x683.png 1024w, https:\/\/koknorge.no\/wp-content\/uploads\/2025\/12\/MYYK_OSLO36-1536x1025.png 1536w, https:\/\/koknorge.no\/wp-content\/uploads\/2025\/12\/MYYK_OSLO36-2048x1366.png 2048w, https:\/\/koknorge.no\/wp-content\/uploads\/2025\/12\/MYYK_OSLO36-18x12.png 18w\" sizes=\"(max-width: 768px) 100vw, 768px\" title=\"\">\t\t\t\t\t\t\t\t\t\t\t\t\t\t\t<\/div>\n\t\t\t\t<\/div>\n\t\t\t\t<div class=\"elementor-element elementor-element-f5c0216 elementor-widget elementor-widget-theme-post-title elementor-page-title elementor-widget-heading\" data-id=\"f5c0216\" data-element_type=\"widget\" data-e-type=\"widget\" data-widget_type=\"theme-post-title.default\">\n\t\t\t\t<div class=\"elementor-widget-container\">\n\t\t\t\t\t<h3 class=\"elementor-heading-title elementor-size-default\">KOK Badstue Langkaia<\/h3>\t\t\t\t<\/div>\n\t\t\t\t<\/div>\n\t\t\t\t<div class=\"elementor-element elementor-element-ace7702 elementor-widget elementor-widget-theme-post-excerpt\" data-id=\"ace7702\" data-element_type=\"widget\" data-e-type=\"widget\" data-widget_type=\"theme-post-excerpt.default\">\n\t\t\t\t<div class=\"elementor-widget-container\">\n\t\t\t\t\t<p>Du finner oss p\u00e5 Langkaia. KOK Oslo Sauna, Langkaia<\/p>\t\t\t\t<\/div>\n\t\t\t\t<\/div>\n\t\t\t\t<div class=\"elementor-element elementor-element-8d6440e elementor-align-center elementor-widget elementor-widget-button\" data-id=\"8d6440e\" data-element_type=\"widget\" data-e-type=\"widget\" data-widget_type=\"button.default\">\n\t\t\t\t<div class=\"elementor-widget-container\">\n\t\t\t\t\t\t\t\t\t<div class=\"elementor-button-wrapper\">\n\t\t\t\t\t<a class=\"elementor-button elementor-button-link elementor-size-sm\" href=\"https:\/\/koknorge.no\/en\/Lokasjoner\/badstue-langkaia\/\">\n\t\t\t\t\t\t<span class=\"elementor-button-content-wrapper\">\n\t\t\t\t\t\t\t\t\t<span class=\"elementor-button-text\">Les mer<\/span>\n\t\t\t\t\t<\/span>\n\t\t\t\t\t<\/a>\n\t\t\t\t<\/div>\n\t\t\t\t\t\t\t\t<\/div>\n\t\t\t\t<\/div>\n\t\t\t\t\t<\/div>\n\t\t\t\t<\/div>\n\t\t\t\t<\/div>\n\t\t\t\t<\/div>\n\t\t\n\t\t\t\t\t\t<\/div>\n\t\t\t\t<\/div>\n\t\t\t\t\t<\/div>\n\t\t\t\t<\/div>\n\t\t<div class=\"elementor-element elementor-element-cd5a539 e-flex e-con-boxed e-con e-parent\" data-id=\"cd5a539\" data-element_type=\"container\" data-e-type=\"container\">\n\t\t\t\t\t<div class=\"e-con-inner\">\n\t\t\t\t<div class=\"elementor-element elementor-element-59986f9 elementor-widget elementor-widget-text-editor\" data-id=\"59986f9\" data-element_type=\"widget\" data-e-type=\"widget\" data-widget_type=\"text-editor.default\">\n\t\t\t\t<div class=\"elementor-widget-container\">\n\t\t\t\t\t\t\t\t\t<h2>Nyttig informasjon<\/h2><p>Vi har samlet masse nyttig info, sp\u00f8rsm\u00e5l og svar +++<\/p>\t\t\t\t\t\t\t\t<\/div>\n\t\t\t\t<\/div>\n\t\t\t\t<div class=\"elementor-element elementor-element-65735ab elementor-align-center elementor-widget elementor-widget-button\" data-id=\"65735ab\" data-element_type=\"widget\" data-e-type=\"widget\" data-widget_type=\"button.default\">\n\t\t\t\t<div class=\"elementor-widget-container\">\n\t\t\t\t\t\t\t\t\t<div class=\"elementor-button-wrapper\">\n\t\t\t\t\t<a class=\"elementor-button elementor-button-link elementor-size-sm\" href=\"\/informasjon\">\n\t\t\t\t\t\t<span class=\"elementor-button-content-wrapper\">\n\t\t\t\t\t\t\t\t\t<span class=\"elementor-button-text\">Mer nyttig info<\/span>\n\t\t\t\t\t<\/span>\n\t\t\t\t\t<\/a>\n\t\t\t\t<\/div>\n\t\t\t\t\t\t\t\t<\/div>\n\t\t\t\t<\/div>\n\t\t\t\t\t<\/div>\n\t\t\t\t<\/div>\n\t\t\t\t<\/div>\n\t\t","protected":false},"excerpt":{"rendered":"<p>KOK Lokasjoner Se v\u00e5re lokasjoner Nyttig informasjon Vi har samlet masse nyttig info, sp\u00f8rsm\u00e5l og svar +++ Mer nyttig info<\/p>","protected":false},"author":15,"featured_media":0,"parent":23938,"menu_order":41,"comment_status":"closed","ping_status":"closed","template":"","meta":{"_acf_changed":false,"footnotes":""},"class_list":["post-23936","page","type-page","status-publish","hentry"],"acf":[],"_links":{"self":[{"href":"https:\/\/koknorge.no\/en\/wp-json\/wp\/v2\/pages\/23936","targetHints":{"allow":["GET"]}}],"collection":[{"href":"https:\/\/koknorge.no\/en\/wp-json\/wp\/v2\/pages"}],"about":[{"href":"https:\/\/koknorge.no\/en\/wp-json\/wp\/v2\/types\/page"}],"author":[{"embeddable":true,"href":"https:\/\/koknorge.no\/en\/wp-json\/wp\/v2\/users\/15"}],"replies":[{"embeddable":true,"href":"https:\/\/koknorge.no\/en\/wp-json\/wp\/v2\/comments?post=23936"}],"version-history":[{"count":37,"href":"https:\/\/koknorge.no\/en\/wp-json\/wp\/v2\/pages\/23936\/revisions"}],"predecessor-version":[{"id":24009,"href":"https:\/\/koknorge.no\/en\/wp-json\/wp\/v2\/pages\/23936\/revisions\/24009"}],"up":[{"embeddable":true,"href":"https:\/\/koknorge.no\/en\/wp-json\/wp\/v2\/pages\/23938"}],"wp:attachment":[{"href":"https:\/\/koknorge.no\/en\/wp-json\/wp\/v2\/media?parent=23936"}],"curies":[{"name":"wp","href":"https:\/\/api.w.org\/{rel}","templated":true}]}}