{"id":2674,"date":"2021-11-22T10:48:24","date_gmt":"2021-11-22T09:48:24","guid":{"rendered":"https:\/\/koknorge.no\/?page_id=2674"},"modified":"2026-02-17T08:22:43","modified_gmt":"2026-02-17T07:22:43","slug":"contact","status":"publish","type":"page","link":"https:\/\/koknorge.no\/en\/kontakt\/","title":{"rendered":"Contact KOK"},"content":{"rendered":"<div data-elementor-type=\"wp-page\" data-elementor-id=\"2674\" class=\"elementor elementor-2674\" data-elementor-post-type=\"page\">\n\t\t\t\t<div class=\"elementor-element elementor-element-207053b e-flex e-con-boxed e-con e-parent\" data-id=\"207053b\" data-element_type=\"container\" data-e-type=\"container\">\n\t\t\t\t\t<div class=\"e-con-inner\">\n\t\t\t\t<div class=\"elementor-element elementor-element-0a59063 elementor-align-center elementor-widget elementor-widget-breadcrumbs\" data-id=\"0a59063\" data-element_type=\"widget\" data-e-type=\"widget\" data-widget_type=\"breadcrumbs.default\">\n\t\t\t\t<div class=\"elementor-widget-container\">\n\t\t\t\t\t<nav aria-label=\"breadcrumbs\" class=\"rank-math-breadcrumb\"><p><span class=\"last\">Sauna Oslo<\/span><\/p><\/nav>\t\t\t\t<\/div>\n\t\t\t\t<\/div>\n\t\t\t\t\t<\/div>\n\t\t\t\t<\/div>\n\t\t<div class=\"elementor-element elementor-element-39a39a6 e-flex e-con-boxed e-con e-parent\" data-id=\"39a39a6\" data-element_type=\"container\" data-e-type=\"container\">\n\t\t\t\t\t<div class=\"e-con-inner\">\n\t\t<div class=\"elementor-element elementor-element-246e678 e-con-full e-flex e-con e-child\" data-id=\"246e678\" data-element_type=\"container\" data-e-type=\"container\">\n\t\t\t\t<div class=\"elementor-element elementor-element-830b57d elementor-widget__width-inherit elementor-widget elementor-widget-heading\" data-id=\"830b57d\" data-element_type=\"widget\" data-e-type=\"widget\" data-widget_type=\"heading.default\">\n\t\t\t\t<div class=\"elementor-widget-container\">\n\t\t\t\t\t<h1 class=\"elementor-heading-title elementor-size-default\">Contact KOK<\/h1>\t\t\t\t<\/div>\n\t\t\t\t<\/div>\n\t\t\t\t<div class=\"elementor-element elementor-element-d53af95 elementor-widget elementor-widget-text-editor\" data-id=\"d53af95\" data-element_type=\"widget\" data-e-type=\"widget\" data-widget_type=\"text-editor.default\">\n\t\t\t\t<div class=\"elementor-widget-container\">\n\t\t\t\t\t\t\t\t\t<p><strong>OUR LOCATIONS<\/strong><\/p>\n<p><a href=\"https:\/\/www.google.com\/maps\/place\/KOK+Oslo+Sauna,+Langkaia\/@59.9078301,10.7489297,17z\/data=!3m1!4b1!4m6!3m5!1s0x46416f7ca675cad5:0xe4d0638af483df90!8m2!3d59.9078301!4d10.7489297!16s%2Fg%2F11f4r30jxn\" target=\"_blank\" rel=\"noopener\">KOK Oslo Sauna, Langkaia<\/a><\/p>\n<p><a href=\"https:\/\/www.google.com\/maps\/place\/KOK+Oslo+Sauna,+Aker+Brygge\/@59.9092712,10.7269091,17z\/data=!3m1!4b1!4m6!3m5!1s0x46416fad06aaf02f:0x51f5ef431ac739c1!8m2!3d59.9092712!4d10.7269091!16s%2Fg%2F11s31w4v_b\" target=\"_blank\" rel=\"noopener\">KOK Oslo Sauna, Aker Brygge<\/a><\/p>\n<p><b>MAILING ADDRESS<\/b><\/p>\n<p>KOK OSLO AS<\/p>\n<p>C\/O Mesh, Tordenskiolds gate 2, 0160 Oslo<\/p>\n<p><b>EPOST<\/b><\/p>\n<p>kundeservice@koknorge.no<\/p>\n<p>bedrift@koknorge.no<\/p>\n<p>media@koknorge.no<\/p>\n<p><strong>PHONE<\/strong><\/p>\n<p>+47 934 00 522<\/p>\t\t\t\t\t\t\t\t<\/div>\n\t\t\t\t<\/div>\n\t\t\t\t<\/div>\n\t\t<div class=\"elementor-element elementor-element-55d4749 e-con-full e-flex e-con e-child\" data-id=\"55d4749\" data-element_type=\"container\" data-e-type=\"container\" data-settings=\"{&quot;background_background&quot;:&quot;classic&quot;}\">\n\t\t\t\t<\/div>\n\t\t\t\t\t<\/div>\n\t\t\t\t<\/div>\n\t\t<div class=\"elementor-element elementor-element-82dfafb e-flex e-con-boxed e-con e-parent\" data-id=\"82dfafb\" data-element_type=\"container\" data-e-type=\"container\">\n\t\t\t\t\t<div class=\"e-con-inner\">\n\t\t\t\t<div class=\"elementor-element elementor-element-f37d4a7 elementor-widget elementor-widget-text-editor\" data-id=\"f37d4a7\" data-element_type=\"widget\" data-e-type=\"widget\" data-widget_type=\"text-editor.default\">\n\t\t\t\t<div class=\"elementor-widget-container\">\n\t\t\t\t\t\t\t\t\t<p>Do you have questions about booking, food and drink or other practical matters about taking a sauna at KOK?<\/p>\t\t\t\t\t\t\t\t<\/div>\n\t\t\t\t<\/div>\n\t\t\t\t<div class=\"elementor-element elementor-element-b314247 elementor-align-center elementor-widget elementor-widget-button\" data-id=\"b314247\" data-element_type=\"widget\" data-e-type=\"widget\" data-widget_type=\"button.default\">\n\t\t\t\t<div class=\"elementor-widget-container\">\n\t\t\t\t\t\t\t\t\t<div class=\"elementor-button-wrapper\">\n\t\t\t\t\t<a class=\"elementor-button elementor-button-link elementor-size-sm\" href=\"\/sporsmal-og-svar-2\/\">\n\t\t\t\t\t\t<span class=\"elementor-button-content-wrapper\">\n\t\t\t\t\t\t\t\t\t<span class=\"elementor-button-text\">See FAQ's here<\/span>\n\t\t\t\t\t<\/span>\n\t\t\t\t\t<\/a>\n\t\t\t\t<\/div>\n\t\t\t\t\t\t\t\t<\/div>\n\t\t\t\t<\/div>\n\t\t\t\t\t<\/div>\n\t\t\t\t<\/div>\n\t\t\t\t<\/div>","protected":false},"excerpt":{"rendered":"<p>KOK Norge Kontakt KOK V\u00c5RE LOKASJONER KOK Oslo Sauna, Langkaia KOK Oslo Sauna, Aker Brygge POSTADRESSE KOK OSLO AS C\/O Mesh, Tordenskiolds gate 2, 0160 Oslo EPOST kundeservice@koknorge.no bedrift@koknorge.no media@koknorge.no TELEFON +47 934 00 522 Har du sp\u00f8rsm\u00e5l om booking, mat og drikke eller annet praktisk rundt det \u00e5 ta badstue p\u00e5 KOK? Se ofte [&hellip;]<\/p>\n","protected":false},"author":1,"featured_media":19171,"parent":0,"menu_order":18,"comment_status":"closed","ping_status":"closed","template":"","meta":{"_acf_changed":false,"footnotes":""},"class_list":["post-2674","page","type-page","status-publish","has-post-thumbnail","hentry"],"acf":[],"_links":{"self":[{"href":"https:\/\/koknorge.no\/en\/wp-json\/wp\/v2\/pages\/2674","targetHints":{"allow":["GET"]}}],"collection":[{"href":"https:\/\/koknorge.no\/en\/wp-json\/wp\/v2\/pages"}],"about":[{"href":"https:\/\/koknorge.no\/en\/wp-json\/wp\/v2\/types\/page"}],"author":[{"embeddable":true,"href":"https:\/\/koknorge.no\/en\/wp-json\/wp\/v2\/users\/1"}],"replies":[{"embeddable":true,"href":"https:\/\/koknorge.no\/en\/wp-json\/wp\/v2\/comments?post=2674"}],"version-history":[{"count":29,"href":"https:\/\/koknorge.no\/en\/wp-json\/wp\/v2\/pages\/2674\/revisions"}],"predecessor-version":[{"id":23934,"href":"https:\/\/koknorge.no\/en\/wp-json\/wp\/v2\/pages\/2674\/revisions\/23934"}],"wp:featuredmedia":[{"embeddable":true,"href":"https:\/\/koknorge.no\/en\/wp-json\/wp\/v2\/media\/19171"}],"wp:attachment":[{"href":"https:\/\/koknorge.no\/en\/wp-json\/wp\/v2\/media?parent=2674"}],"curies":[{"name":"wp","href":"https:\/\/api.w.org\/{rel}","templated":true}]}}