{"id":2833,"date":"2021-11-24T09:16:54","date_gmt":"2021-11-24T08:16:54","guid":{"rendered":"https:\/\/koknorge.no\/?page_id=2833"},"modified":"2026-02-27T12:06:28","modified_gmt":"2026-02-27T11:06:28","slug":"business","status":"publish","type":"page","link":"https:\/\/koknorge.no\/en\/bedrift\/","title":{"rendered":"BTB"},"content":{"rendered":"<div data-elementor-type=\"wp-page\" data-elementor-id=\"2833\" class=\"elementor elementor-2833\" data-elementor-post-type=\"page\">\n\t\t\t\t<div class=\"elementor-element elementor-element-33aa63e e-flex e-con-boxed e-con e-parent\" data-id=\"33aa63e\" data-element_type=\"container\" data-e-type=\"container\" data-settings=\"{&quot;background_background&quot;:&quot;classic&quot;}\">\n\t\t\t\t\t<div class=\"e-con-inner\">\n\t\t\t\t<div class=\"elementor-element elementor-element-1cce3aa elementor-align-center elementor-widget elementor-widget-breadcrumbs\" data-id=\"1cce3aa\" data-element_type=\"widget\" data-e-type=\"widget\" data-widget_type=\"breadcrumbs.default\">\n\t\t\t\t<div class=\"elementor-widget-container\">\n\t\t\t\t\t<nav aria-label=\"breadcrumbs\" class=\"rank-math-breadcrumb\"><p><span class=\"last\">Sauna Oslo<\/span><\/p><\/nav>\t\t\t\t<\/div>\n\t\t\t\t<\/div>\n\t\t\t\t<div class=\"elementor-element elementor-element-bb9e60b elementor-widget elementor-widget-heading\" data-id=\"bb9e60b\" data-element_type=\"widget\" data-e-type=\"widget\" data-widget_type=\"heading.default\">\n\t\t\t\t<div class=\"elementor-widget-container\">\n\t\t\t\t\t<h1 class=\"elementor-heading-title elementor-size-default\">Sauna for companies<\/h1>\t\t\t\t<\/div>\n\t\t\t\t<\/div>\n\t\t<div class=\"elementor-element elementor-element-2003756 e-flex e-con-boxed e-con e-child\" data-id=\"2003756\" data-element_type=\"container\" data-e-type=\"container\">\n\t\t\t\t\t<div class=\"e-con-inner\">\n\t\t\t\t<div class=\"elementor-element elementor-element-38b707a elementor-widget elementor-widget-text-editor\" data-id=\"38b707a\" data-element_type=\"widget\" data-e-type=\"widget\" data-widget_type=\"text-editor.default\">\n\t\t\t\t<div class=\"elementor-widget-container\">\n\t\t\t\t\t\t\t\t\t<p>Make a smoking hot company deal, that makes for happy employees! Gather your colleagues in the sauna at a fixed time of the month, and see what it does to mood, energy and cohesion among the employees. A company, large or small, that enters into an agreement for a regular sauna will be able to see positive ripple effects. If you first want to test the sauna with your colleagues, you can <a href=\"http:\/\/www.koknorge.no\/en\/leie-badstue-oslo\/\">book sauna here<\/a>.\u00a0<\/p>\t\t\t\t\t\t\t\t<\/div>\n\t\t\t\t<\/div>\n\t\t\t\t\t<\/div>\n\t\t\t\t<\/div>\n\t\t\t\t\t<\/div>\n\t\t\t\t<\/div>\n\t\t<div class=\"elementor-element elementor-element-cb0cfff e-flex e-con-boxed e-con e-parent\" data-id=\"cb0cfff\" data-element_type=\"container\" data-e-type=\"container\" data-settings=\"{&quot;background_background&quot;:&quot;classic&quot;}\">\n\t\t\t\t\t<div class=\"e-con-inner\">\n\t\t\t\t<div class=\"elementor-element elementor-element-f1e04c9 elementor-widget elementor-widget-image\" data-id=\"f1e04c9\" data-element_type=\"widget\" data-e-type=\"widget\" data-widget_type=\"image.default\">\n\t\t\t\t<div class=\"elementor-widget-container\">\n\t\t\t\t\t\t\t\t\t\t\t\t\t\t\t<img decoding=\"async\" src=\"https:\/\/koknorge.no\/wp-content\/uploads\/2023\/12\/Fellesskap.jpg\" title=\"Community\" alt=\"Well-being at work, people in sauna\" loading=\"lazy\" \/>\t\t\t\t\t\t\t\t\t\t\t\t\t\t\t<\/div>\n\t\t\t\t<\/div>\n\t\t\t\t\t<\/div>\n\t\t\t\t<\/div>\n\t\t<div class=\"elementor-element elementor-element-f535eac e-flex e-con-boxed e-con e-parent\" data-id=\"f535eac\" data-element_type=\"container\" data-e-type=\"container\" data-settings=\"{&quot;background_background&quot;:&quot;classic&quot;}\">\n\t\t\t\t\t<div class=\"e-con-inner\">\n\t\t\t\t<div class=\"elementor-element elementor-element-1219c7c elementor-widget elementor-widget-heading\" data-id=\"1219c7c\" data-element_type=\"widget\" data-e-type=\"widget\" data-widget_type=\"heading.default\">\n\t\t\t\t<div class=\"elementor-widget-container\">\n\t\t\t\t\t<h2 class=\"elementor-heading-title elementor-size-default\">Company sauna: the way to make you employees happy<\/h2>\t\t\t\t<\/div>\n\t\t\t\t<\/div>\n\t\t\t\t<div class=\"elementor-element elementor-element-b0ca9a5 elementor-widget-tablet__width-inherit elementor-widget-mobile__width-initial elementor-widget elementor-widget-text-editor\" data-id=\"b0ca9a5\" data-element_type=\"widget\" data-e-type=\"widget\" data-widget_type=\"text-editor.default\">\n\t\t\t\t<div class=\"elementor-widget-container\">\n\t\t\t\t\t\t\t\t\t<p>All kinds of companies, organizations and public employers use KOK, both as part of the health service and as a pleasant and inspiring gathering place.<\/p><p>The employees of our business customers report the joy and energy boost of having a sauna as a permanent asset. It has a unifying effect on teams, creates closer bonds and is a social activity that is also healthy. A company that offers healthy and unifying experiences for its employees can experience major positive ripple effects. Feel free to read <a href=\"https:\/\/koknorge.no\/5-fordeler-med-badstue\/\">this article<\/a> about some of the health benefits of a sauna - and contact us for a non-binding offer on a sauna for your company, of course!<\/p>\t\t\t\t\t\t\t\t<\/div>\n\t\t\t\t<\/div>\n\t\t\t\t\t<\/div>\n\t\t\t\t<\/div>\n\t\t<div class=\"elementor-element elementor-element-1aa88f5 e-flex e-con-boxed e-con e-parent\" data-id=\"1aa88f5\" data-element_type=\"container\" data-e-type=\"container\" data-settings=\"{&quot;background_background&quot;:&quot;classic&quot;}\">\n\t\t\t\t\t<div class=\"e-con-inner\">\n\t\t\t\t<div class=\"elementor-element elementor-element-29aa8e5 elementor-widget elementor-widget-text-editor\" data-id=\"29aa8e5\" data-element_type=\"widget\" data-e-type=\"widget\" data-widget_type=\"text-editor.default\">\n\t\t\t\t<div class=\"elementor-widget-container\">\n\t\t\t\t\t\t\t\t\t<h2>Does this sound like something for the company you work in?<\/h2><p>Fantastic! Fill in this non-binding form and we'll be in touch shortly.<\/p>\t\t\t\t\t\t\t\t<\/div>\n\t\t\t\t<\/div>\n\t\t\t\t<div class=\"elementor-element elementor-element-a74ad82 elementor-widget__width-initial elementor-widget elementor-widget-html\" data-id=\"a74ad82\" data-element_type=\"widget\" data-e-type=\"widget\" data-widget_type=\"html.default\">\n\t\t\t\t<div class=\"elementor-widget-container\">\n\t\t\t\t\t<script charset=\"utf-8\" type=\"text\/javascript\" src=\"\/\/js-eu1.hsforms.net\/forms\/embed\/v2.js\"><\/script>\r\n<script>\r\n  hbspt.forms.create({\r\n    region: \"eu1\",\r\n    portalId: \"25826586\",\r\n    formId: \"dc002950-373c-4db1-81a0-1b084fc6119f\"\r\n  });\r\n<\/script>\t\t\t\t<\/div>\n\t\t\t\t<\/div>\n\t\t\t\t<div class=\"elementor-element elementor-element-f6a5b01 elementor-align-center elementor-hidden-widescreen elementor-hidden-desktop elementor-hidden-laptop elementor-hidden-tablet_extra elementor-hidden-tablet elementor-hidden-mobile elementor-widget elementor-widget-button\" data-id=\"f6a5b01\" data-element_type=\"widget\" data-e-type=\"widget\" data-widget_type=\"button.default\">\n\t\t\t\t<div class=\"elementor-widget-container\">\n\t\t\t\t\t\t\t\t\t<div class=\"elementor-button-wrapper\">\n\t\t\t\t\t<a class=\"elementor-button elementor-button-link elementor-size-sm\" href=\"https:\/\/forms.gle\/4Tp4zoUfNHYmT2RT9\" target=\"_blank\" rel=\"noopener\">\n\t\t\t\t\t\t<span class=\"elementor-button-content-wrapper\">\n\t\t\t\t\t\t\t\t\t<span class=\"elementor-button-text\">Click here<\/span>\n\t\t\t\t\t<\/span>\n\t\t\t\t\t<\/a>\n\t\t\t\t<\/div>\n\t\t\t\t\t\t\t\t<\/div>\n\t\t\t\t<\/div>\n\t\t\t\t<div class=\"elementor-element elementor-element-433c7ba elementor-widget elementor-widget-heading\" data-id=\"433c7ba\" data-element_type=\"widget\" data-e-type=\"widget\" data-widget_type=\"heading.default\">\n\t\t\t\t<div class=\"elementor-widget-container\">\n\t\t\t\t\t<h2 class=\"elementor-heading-title elementor-size-default\">What else can KOK do for your business?<\/h2>\t\t\t\t<\/div>\n\t\t\t\t<\/div>\n\t\t<div class=\"elementor-element elementor-element-533e7b9 e-grid e-con-full e-con e-child\" data-id=\"533e7b9\" data-element_type=\"container\" data-e-type=\"container\">\n\t\t<div class=\"elementor-element elementor-element-4a09541 e-con-full e-flex e-con e-child\" data-id=\"4a09541\" data-element_type=\"container\" data-e-type=\"container\">\n\t\t\t\t<div class=\"elementor-element elementor-element-8fc57bf elementor-widget elementor-widget-image\" data-id=\"8fc57bf\" data-element_type=\"widget\" data-e-type=\"widget\" data-widget_type=\"image.default\">\n\t\t\t\t<div class=\"elementor-widget-container\">\n\t\t\t\t\t\t\t\t\t\t\t\t\t\t\t<img fetchpriority=\"high\" decoding=\"async\" width=\"768\" height=\"512\" src=\"https:\/\/koknorge.no\/wp-content\/uploads\/2024\/07\/Gavekort-til-ansatte-kok-badstu-oslo-Medium-768x512.jpg\" class=\"attachment-medium_large size-medium_large wp-image-22232\" alt=\"Gift cards for employees kok badstu oslo\" srcset=\"https:\/\/koknorge.no\/wp-content\/uploads\/2024\/07\/Gavekort-til-ansatte-kok-badstu-oslo-Medium-768x512.jpg 768w, https:\/\/koknorge.no\/wp-content\/uploads\/2024\/07\/Gavekort-til-ansatte-kok-badstu-oslo-Medium-300x200.jpg 300w, https:\/\/koknorge.no\/wp-content\/uploads\/2024\/07\/Gavekort-til-ansatte-kok-badstu-oslo-Medium-18x12.jpg 18w, https:\/\/koknorge.no\/wp-content\/uploads\/2024\/07\/Gavekort-til-ansatte-kok-badstu-oslo-Medium.jpg 1024w\" sizes=\"(max-width: 768px) 100vw, 768px\" title=\"\">\t\t\t\t\t\t\t\t\t\t\t\t\t\t\t<\/div>\n\t\t\t\t<\/div>\n\t\t\t\t<div class=\"elementor-element elementor-element-e06a66e elementor-widget elementor-widget-text-editor\" data-id=\"e06a66e\" data-element_type=\"widget\" data-e-type=\"widget\" data-widget_type=\"text-editor.default\">\n\t\t\t\t<div class=\"elementor-widget-container\">\n\t\t\t\t\t\t\t\t\t<h3>Gift card for employees<\/h3>\t\t\t\t\t\t\t\t<\/div>\n\t\t\t\t<\/div>\n\t\t\t\t<div class=\"elementor-element elementor-element-72f91d9 elementor-align-center elementor-widget elementor-widget-button\" data-id=\"72f91d9\" data-element_type=\"widget\" data-e-type=\"widget\" data-widget_type=\"button.default\">\n\t\t\t\t<div class=\"elementor-widget-container\">\n\t\t\t\t\t\t\t\t\t<div class=\"elementor-button-wrapper\">\n\t\t\t\t\t<a class=\"elementor-button elementor-button-link elementor-size-sm\" href=\"\/bedrift\/gavekort-ansatte\/\">\n\t\t\t\t\t\t<span class=\"elementor-button-content-wrapper\">\n\t\t\t\t\t\t\t\t\t<span class=\"elementor-button-text\">Read more<\/span>\n\t\t\t\t\t<\/span>\n\t\t\t\t\t<\/a>\n\t\t\t\t<\/div>\n\t\t\t\t\t\t\t\t<\/div>\n\t\t\t\t<\/div>\n\t\t\t\t<\/div>\n\t\t<div class=\"elementor-element elementor-element-858aa97 e-con-full e-flex e-con e-child\" data-id=\"858aa97\" data-element_type=\"container\" data-e-type=\"container\">\n\t\t\t\t<div class=\"elementor-element elementor-element-06cab6a elementor-widget elementor-widget-image\" data-id=\"06cab6a\" data-element_type=\"widget\" data-e-type=\"widget\" data-widget_type=\"image.default\">\n\t\t\t\t<div class=\"elementor-widget-container\">\n\t\t\t\t\t\t\t\t\t\t\t\t\t\t\t<img decoding=\"async\" width=\"768\" height=\"512\" src=\"https:\/\/koknorge.no\/wp-content\/uploads\/2024\/07\/Event-i-oslo-badstu-kok-768x512.jpg\" class=\"attachment-medium_large size-medium_large wp-image-22233\" alt=\"\" srcset=\"https:\/\/koknorge.no\/wp-content\/uploads\/2024\/07\/Event-i-oslo-badstu-kok-768x512.jpg 768w, https:\/\/koknorge.no\/wp-content\/uploads\/2024\/07\/Event-i-oslo-badstu-kok-300x200.jpg 300w, https:\/\/koknorge.no\/wp-content\/uploads\/2024\/07\/Event-i-oslo-badstu-kok-18x12.jpg 18w, https:\/\/koknorge.no\/wp-content\/uploads\/2024\/07\/Event-i-oslo-badstu-kok.jpg 1024w\" sizes=\"(max-width: 768px) 100vw, 768px\" title=\"\">\t\t\t\t\t\t\t\t\t\t\t\t\t\t\t<\/div>\n\t\t\t\t<\/div>\n\t\t\t\t<div class=\"elementor-element elementor-element-45c0a95 elementor-widget elementor-widget-text-editor\" data-id=\"45c0a95\" data-element_type=\"widget\" data-e-type=\"widget\" data-widget_type=\"text-editor.default\">\n\t\t\t\t<div class=\"elementor-widget-container\">\n\t\t\t\t\t\t\t\t\t<h3>Event in Oslo<\/h3>\t\t\t\t\t\t\t\t<\/div>\n\t\t\t\t<\/div>\n\t\t\t\t<div class=\"elementor-element elementor-element-11a6b9f elementor-align-center elementor-widget elementor-widget-button\" data-id=\"11a6b9f\" data-element_type=\"widget\" data-e-type=\"widget\" data-widget_type=\"button.default\">\n\t\t\t\t<div class=\"elementor-widget-container\">\n\t\t\t\t\t\t\t\t\t<div class=\"elementor-button-wrapper\">\n\t\t\t\t\t<a class=\"elementor-button elementor-button-link elementor-size-sm\" href=\"\/bedrift\/event-i-oslo\/\">\n\t\t\t\t\t\t<span class=\"elementor-button-content-wrapper\">\n\t\t\t\t\t\t\t\t\t<span class=\"elementor-button-text\">Read more<\/span>\n\t\t\t\t\t<\/span>\n\t\t\t\t\t<\/a>\n\t\t\t\t<\/div>\n\t\t\t\t\t\t\t\t<\/div>\n\t\t\t\t<\/div>\n\t\t\t\t<\/div>\n\t\t<div class=\"elementor-element elementor-element-5141b67 e-con-full e-flex e-con e-child\" data-id=\"5141b67\" data-element_type=\"container\" data-e-type=\"container\">\n\t\t\t\t<div class=\"elementor-element elementor-element-5b8fe7d elementor-widget elementor-widget-image\" data-id=\"5b8fe7d\" data-element_type=\"widget\" data-e-type=\"widget\" data-widget_type=\"image.default\">\n\t\t\t\t<div class=\"elementor-widget-container\">\n\t\t\t\t\t\t\t\t\t\t\t\t\t\t\t<img decoding=\"async\" width=\"768\" height=\"512\" src=\"https:\/\/koknorge.no\/wp-content\/uploads\/2024\/07\/Hvordan-oke-trivsel-pa-jobb-kok-badstu-oslo-768x512.jpg\" class=\"attachment-medium_large size-medium_large wp-image-22234\" alt=\"How to improve well-being at work kok badstu oslo\" srcset=\"https:\/\/koknorge.no\/wp-content\/uploads\/2024\/07\/Hvordan-oke-trivsel-pa-jobb-kok-badstu-oslo-768x512.jpg 768w, https:\/\/koknorge.no\/wp-content\/uploads\/2024\/07\/Hvordan-oke-trivsel-pa-jobb-kok-badstu-oslo-300x200.jpg 300w, https:\/\/koknorge.no\/wp-content\/uploads\/2024\/07\/Hvordan-oke-trivsel-pa-jobb-kok-badstu-oslo-1024x683.jpg 1024w, https:\/\/koknorge.no\/wp-content\/uploads\/2024\/07\/Hvordan-oke-trivsel-pa-jobb-kok-badstu-oslo-18x12.jpg 18w, https:\/\/koknorge.no\/wp-content\/uploads\/2024\/07\/Hvordan-oke-trivsel-pa-jobb-kok-badstu-oslo.jpg 1151w\" sizes=\"(max-width: 768px) 100vw, 768px\" title=\"\">\t\t\t\t\t\t\t\t\t\t\t\t\t\t\t<\/div>\n\t\t\t\t<\/div>\n\t\t\t\t<div class=\"elementor-element elementor-element-4f19d44 elementor-widget elementor-widget-text-editor\" data-id=\"4f19d44\" data-element_type=\"widget\" data-e-type=\"widget\" data-widget_type=\"text-editor.default\">\n\t\t\t\t<div class=\"elementor-widget-container\">\n\t\t\t\t\t\t\t\t\t<h3>Increased well-being at work<\/h3>\t\t\t\t\t\t\t\t<\/div>\n\t\t\t\t<\/div>\n\t\t\t\t<div class=\"elementor-element elementor-element-9b2ed9a elementor-align-center elementor-widget elementor-widget-button\" data-id=\"9b2ed9a\" data-element_type=\"widget\" data-e-type=\"widget\" data-widget_type=\"button.default\">\n\t\t\t\t<div class=\"elementor-widget-container\">\n\t\t\t\t\t\t\t\t\t<div class=\"elementor-button-wrapper\">\n\t\t\t\t\t<a class=\"elementor-button elementor-button-link elementor-size-sm\" href=\"\/bedrift\/hvordan-trives-pa-jobb\/\">\n\t\t\t\t\t\t<span class=\"elementor-button-content-wrapper\">\n\t\t\t\t\t\t\t\t\t<span class=\"elementor-button-text\">Read more<\/span>\n\t\t\t\t\t<\/span>\n\t\t\t\t\t<\/a>\n\t\t\t\t<\/div>\n\t\t\t\t\t\t\t\t<\/div>\n\t\t\t\t<\/div>\n\t\t\t\t<\/div>\n\t\t\t\t<\/div>\n\t\t\t\t\t<\/div>\n\t\t\t\t<\/div>\n\t\t<div class=\"elementor-element elementor-element-94a43b9 elementor-hidden-widescreen elementor-hidden-desktop elementor-hidden-laptop elementor-hidden-tablet_extra elementor-hidden-tablet elementor-hidden-mobile e-flex e-con-boxed e-con e-parent\" data-id=\"94a43b9\" data-element_type=\"container\" data-e-type=\"container\">\n\t\t\t\t\t<div class=\"e-con-inner\">\n\t\t\t\t<div class=\"elementor-element elementor-element-a214cc4 elementor-widget elementor-widget-shortcode\" data-id=\"a214cc4\" data-element_type=\"widget\" data-e-type=\"widget\" data-widget_type=\"shortcode.default\">\n\t\t\t\t<div class=\"elementor-widget-container\">\n\t\t\t\t\t\t\t<div class=\"elementor-shortcode\"><script charset=\"utf-8\" type=\"text\/javascript\" src=\"\/\/js-eu1.hsforms.net\/forms\/embed\/v2.js\"><\/script>\n<script>\n  hbspt.forms.create({\n    region: \"eu1\",\n    portalId: \"25826586\",\n    formId: \"87c46cfb-9e9f-49fb-9a29-4d54f9343f12\"\n  });\n<\/script><\/div>\n\t\t\t\t\t\t<\/div>\n\t\t\t\t<\/div>\n\t\t\t\t\t<\/div>\n\t\t\t\t<\/div>\n\t\t\t\t<\/div>","protected":false},"excerpt":{"rendered":"<p>KOK Norge DIN BEDRIFT P\u00c5 KOK Lag en bedriftsavtale det ryker av. Og som gir glade ansatte! Samle kollegaene i badstuen til et fast tidspunkt i m\u00e5neden, og se hva det gj\u00f8r med hum\u00f8r, energi og samholdet blant de ansatte. Et selskap, stort eller lite, som inng\u00e5r avtale om jevnlig badstue, vil kunne se positive [&hellip;]<\/p>\n","protected":false},"author":1,"featured_media":19109,"parent":0,"menu_order":11,"comment_status":"closed","ping_status":"closed","template":"","meta":{"_acf_changed":false,"footnotes":""},"class_list":["post-2833","page","type-page","status-publish","has-post-thumbnail","hentry"],"acf":[],"_links":{"self":[{"href":"https:\/\/koknorge.no\/en\/wp-json\/wp\/v2\/pages\/2833","targetHints":{"allow":["GET"]}}],"collection":[{"href":"https:\/\/koknorge.no\/en\/wp-json\/wp\/v2\/pages"}],"about":[{"href":"https:\/\/koknorge.no\/en\/wp-json\/wp\/v2\/types\/page"}],"author":[{"embeddable":true,"href":"https:\/\/koknorge.no\/en\/wp-json\/wp\/v2\/users\/1"}],"replies":[{"embeddable":true,"href":"https:\/\/koknorge.no\/en\/wp-json\/wp\/v2\/comments?post=2833"}],"version-history":[{"count":32,"href":"https:\/\/koknorge.no\/en\/wp-json\/wp\/v2\/pages\/2833\/revisions"}],"predecessor-version":[{"id":24067,"href":"https:\/\/koknorge.no\/en\/wp-json\/wp\/v2\/pages\/2833\/revisions\/24067"}],"wp:featuredmedia":[{"embeddable":true,"href":"https:\/\/koknorge.no\/en\/wp-json\/wp\/v2\/media\/19109"}],"wp:attachment":[{"href":"https:\/\/koknorge.no\/en\/wp-json\/wp\/v2\/media?parent=2833"}],"curies":[{"name":"wp","href":"https:\/\/api.w.org\/{rel}","templated":true}]}}