{"id":7908,"date":"2022-09-08T09:08:04","date_gmt":"2022-09-08T07:08:04","guid":{"rendered":"https:\/\/koknorge.no\/?page_id=7908"},"modified":"2026-03-04T14:58:59","modified_gmt":"2026-03-04T13:58:59","slug":"sauna-cruise","status":"publish","type":"page","link":"https:\/\/koknorge.no\/en\/badstue-opplevelser\/badstubat\/","title":{"rendered":"Sauna cruise"},"content":{"rendered":"<div data-elementor-type=\"wp-page\" data-elementor-id=\"7908\" class=\"elementor elementor-7908\" data-elementor-post-type=\"page\">\n\t\t\t\t<div class=\"elementor-element elementor-element-1e77ea04 e-flex e-con-boxed e-con e-parent\" data-id=\"1e77ea04\" data-element_type=\"container\" data-e-type=\"container\" data-settings=\"{&quot;background_background&quot;:&quot;classic&quot;}\">\n\t\t\t\t\t<div class=\"e-con-inner\">\n\t\t\t\t<div class=\"elementor-element elementor-element-545d4a0 elementor-align-center elementor-widget elementor-widget-breadcrumbs\" data-id=\"545d4a0\" data-element_type=\"widget\" data-e-type=\"widget\" data-widget_type=\"breadcrumbs.default\">\n\t\t\t\t<div class=\"elementor-widget-container\">\n\t\t\t\t\t<nav aria-label=\"breadcrumbs\" class=\"rank-math-breadcrumb\"><p><span class=\"last\">Sauna Oslo<\/span><\/p><\/nav>\t\t\t\t<\/div>\n\t\t\t\t<\/div>\n\t\t\t\t<div class=\"elementor-element elementor-element-64cd56b6 elementor-widget elementor-widget-heading\" data-id=\"64cd56b6\" data-element_type=\"widget\" data-e-type=\"widget\" data-widget_type=\"heading.default\">\n\t\t\t\t<div class=\"elementor-widget-container\">\n\t\t\t\t\t<h1 class=\"elementor-heading-title elementor-size-default\">SAUNA CRUISE IN OSLO<\/h1>\t\t\t\t<\/div>\n\t\t\t\t<\/div>\n\t\t\t\t\t<\/div>\n\t\t\t\t<\/div>\n\t\t<div class=\"elementor-element elementor-element-b5c250e e-flex e-con-boxed e-con e-parent\" data-id=\"b5c250e\" data-element_type=\"container\" data-e-type=\"container\" data-settings=\"{&quot;background_background&quot;:&quot;classic&quot;}\">\n\t\t\t\t\t<div class=\"e-con-inner\">\n\t\t\t\t<div class=\"elementor-element elementor-element-30fc7e35 elementor-widget__width-initial elementor-widget elementor-widget-text-editor\" data-id=\"30fc7e35\" data-element_type=\"widget\" data-e-type=\"widget\" data-widget_type=\"text-editor.default\">\n\t\t\t\t<div class=\"elementor-widget-container\">\n\t\t\t\t\t\t\t\t\t<section data-id=\"254eff2c\" data-element_type=\"section\"><div data-id=\"58308973\" data-element_type=\"column\"><div data-id=\"0217d6c\" data-element_type=\"widget\" data-widget_type=\"text-editor.default\"><div><p>Find peace and enjoy the beautiful views, while the sauna floats away and the stove crackles and steams. When a sauna transforms into a boat, magic happens. The sauna cruise, KOKCRUISE as we call it, is nothing less than just that \u2013 a magical experience that is just as good no matter the time of year. It's an absolutely wonderful activity to do with good friends, colleagues or family, whether you have something special to celebrate or just want to see Oslo from the best side, the sea side, and float around between the islands in the archipelago.<\/p><\/div><\/div><\/div><\/section>\t\t\t\t\t\t\t\t<\/div>\n\t\t\t\t<\/div>\n\t\t\t\t\t<\/div>\n\t\t\t\t<\/div>\n\t\t<div class=\"elementor-element elementor-element-de6b741 e-flex e-con-boxed e-con e-parent\" data-id=\"de6b741\" data-element_type=\"container\" data-e-type=\"container\">\n\t\t\t\t\t<div class=\"e-con-inner\">\n\t\t<div class=\"elementor-element elementor-element-a61bf62 e-con-full e-flex e-con e-child\" data-id=\"a61bf62\" data-element_type=\"container\" data-e-type=\"container\">\n\t\t\t\t<div class=\"elementor-element elementor-element-29182a3b elementor-cta--skin-classic elementor-animated-content elementor-widget elementor-widget-call-to-action\" data-id=\"29182a3b\" data-element_type=\"widget\" data-e-type=\"widget\" data-widget_type=\"call-to-action.default\">\n\t\t\t\t<div class=\"elementor-widget-container\">\n\t\t\t\t\t\t\t<div class=\"elementor-cta\">\n\t\t\t\t\t<div class=\"elementor-cta__bg-wrapper\">\n\t\t\t\t<div class=\"elementor-cta__bg elementor-bg\" style=\"background-image: url(https:\/\/koknorge.no\/wp-content\/uploads\/elementor\/thumbs\/AVE1434_web-scaled-qz582lurw89xouhz9hhh9ihihtah3ho7vmdjyju8qk.jpg);\" role=\"img\" aria-label=\"Sauna cruise in Oslo, Aker Brygge\"><\/div>\n\t\t\t\t<div class=\"elementor-cta__bg-overlay\"><\/div>\n\t\t\t<\/div>\n\t\t\t\t\t\t\t<div class=\"elementor-cta__content\">\n\t\t\t\t\n\t\t\t\t\t\t\t\t\t<h3 class=\"elementor-cta__title elementor-cta__content-item elementor-content-item\">\n\t\t\t\t\t\tAker Brygge\t\t\t\t\t<\/h3>\n\t\t\t\t\n\t\t\t\t\t\t\t\t\t<div class=\"elementor-cta__description elementor-cta__content-item elementor-content-item\">\n\t\t\t\t\t\tThe sauna drives in slow mo from Aker Brygge and out between the little islands in the Oslo Fjord. \n<br \/><br \/>\n\n\n<a href=\"https:\/\/koknorge.no\/en\/rent-sauna-oslo\/?feedback_url=https%3a%2f%2fkoknorge.no%2fleie-badstue-oslo%2f&amp;mode=reserve&amp;planyo_lang=en&amp;prefill=true&amp;resource_id=208675\">BOOK HERE<\/a>\n\t\t\t\t\t<\/div>\n\t\t\t\t\n\t\t\t\t\t\t\t<\/div>\n\t\t\t\t\t\t<\/div>\n\t\t\t\t\t\t<\/div>\n\t\t\t\t<\/div>\n\t\t\t\t<\/div>\n\t\t<div class=\"elementor-element elementor-element-4e30f75a e-con-full e-flex e-con e-child\" data-id=\"4e30f75a\" data-element_type=\"container\" data-e-type=\"container\">\n\t\t\t\t<div class=\"elementor-element elementor-element-159e4395 elementor-cta--skin-classic elementor-animated-content elementor-widget elementor-widget-call-to-action\" data-id=\"159e4395\" data-element_type=\"widget\" data-e-type=\"widget\" data-widget_type=\"call-to-action.default\">\n\t\t\t\t<div class=\"elementor-widget-container\">\n\t\t\t\t\t\t\t<div class=\"elementor-cta\">\n\t\t\t\t\t<div class=\"elementor-cta__bg-wrapper\">\n\t\t\t\t<div class=\"elementor-cta__bg elementor-bg\" style=\"background-image: url(https:\/\/koknorge.no\/wp-content\/uploads\/elementor\/thumbs\/AVE2443_web-scaled-qz582msm32b80ggm3zw3u08z375ub6ry7r11ftsukc.jpg);\" role=\"img\" aria-label=\"Sauna cruise in Oslo, Langkaia\"><\/div>\n\t\t\t\t<div class=\"elementor-cta__bg-overlay\"><\/div>\n\t\t\t<\/div>\n\t\t\t\t\t\t\t<div class=\"elementor-cta__content\">\n\t\t\t\t\n\t\t\t\t\t\t\t\t\t<h2 class=\"elementor-cta__title elementor-cta__content-item elementor-content-item\">\n\t\t\t\t\t\tLangkaia\t\t\t\t\t<\/h2>\n\t\t\t\t\n\t\t\t\t\t\t\t\t\t<div class=\"elementor-cta__description elementor-cta__content-item elementor-content-item\">\n\t\t\t\t\t\tThe sauna drives from Langkaia. The most urban nature experience!\n<br \/><br \/>\n\n\n<a href=\"https:\/\/koknorge.no\/en\/rent-sauna-oslo\/?feedback_url=https%3a%2f%2fkoknorge.no%2fleie-badstue-oslo%2f&amp;mode=reserve&amp;planyo_lang=en&amp;prefill=true&amp;resource_id=197779\">BOOK HERE<\/a>\t\t\t\t\t<\/div>\n\t\t\t\t\n\t\t\t\t\t\t\t<\/div>\n\t\t\t\t\t\t<\/div>\n\t\t\t\t\t\t<\/div>\n\t\t\t\t<\/div>\n\t\t\t\t<\/div>\n\t\t\t\t\t<\/div>\n\t\t\t\t<\/div>\n\t\t<div class=\"elementor-element elementor-element-f8b882e e-flex e-con-boxed e-con e-parent\" data-id=\"f8b882e\" data-element_type=\"container\" data-e-type=\"container\">\n\t\t\t\t\t<div class=\"e-con-inner\">\n\t\t\t\t<div class=\"elementor-element elementor-element-d969209 elementor-widget elementor-widget-text-editor\" data-id=\"d969209\" data-element_type=\"widget\" data-e-type=\"widget\" data-widget_type=\"text-editor.default\">\n\t\t\t\t<div class=\"elementor-widget-container\">\n\t\t\t\t\t\t\t\t\t<p>Our skipper drives you out onto the fjord, and the journey is the destination. It doesn't go that fast, but that's not the point either. When you are completely boiled, ask the skipper to stop the sauna boat so you can cool off in the fresh water. Come back up, stand on the deck for a while and find your composure, control your breathing and lower your shoulders. Then you feel the endorphins flowing and the blood circulation do somersaults while you smile broadly with a sense of mastery and pure joy.<\/p><p class=\" translation-block\">There's a separate calendar for each location, so it can be wise to check <a href=\"\/leie-badstue-oslo\/?feedback_url=httpskoknorge.noleie-badstue-oslo&amp;mode=reserve&amp;planyo_lang=no&amp;prefill=true&amp;resource_id=206525\" target=\"_self\">Aker Brygge<\/a>\u00a0if it's nothing available at\u00a0<a href=\"https:\/\/koknorge.no\/leie-badstue-oslo\/?feedback_url=httpskoknorge.noleie-badstue-oslo&amp;mode=reserve&amp;planyo_lang=no&amp;prefill=true&amp;resource_id=197777\" target=\"_self\">Langkaia<\/a>.<\/p>\t\t\t\t\t\t\t\t<\/div>\n\t\t\t\t<\/div>\n\t\t\t\t\t<\/div>\n\t\t\t\t<\/div>\n\t\t<div class=\"elementor-element elementor-element-2b3adbc e-flex e-con-boxed e-con e-parent\" data-id=\"2b3adbc\" data-element_type=\"container\" data-e-type=\"container\">\n\t\t\t\t\t<div class=\"e-con-inner\">\n\t\t<div class=\"elementor-element elementor-element-504984c e-con-full e-flex e-con e-child\" data-id=\"504984c\" data-element_type=\"container\" data-e-type=\"container\">\n\t\t<div class=\"elementor-element elementor-element-8e7f422 e-con-full e-flex e-con e-child\" data-id=\"8e7f422\" data-element_type=\"container\" data-e-type=\"container\">\n\t\t\t\t<div class=\"elementor-element elementor-element-e02b190 elementor-widget elementor-widget-image\" data-id=\"e02b190\" data-element_type=\"widget\" data-e-type=\"widget\" data-widget_type=\"image.default\">\n\t\t\t\t<div class=\"elementor-widget-container\">\n\t\t\t\t\t\t\t\t\t\t\t\t\t\t\t<img decoding=\"async\" src=\"https:\/\/koknorge.no\/wp-content\/uploads\/elementor\/thumbs\/AVE2741_web-scaled-qz582lun6y49mr1kc0y36ij7shgc5e9l8r2c4r43yk.jpg\" title=\"_AVE2741_web\" alt=\"Sauna boat in Oslo\" loading=\"lazy\" \/>\t\t\t\t\t\t\t\t\t\t\t\t\t\t\t<\/div>\n\t\t\t\t<\/div>\n\t\t\t\t<\/div>\n\t\t\t\t<\/div>\n\t\t<div class=\"elementor-element elementor-element-97fe3dd e-con-full e-flex e-con e-child\" data-id=\"97fe3dd\" data-element_type=\"container\" data-e-type=\"container\">\n\t\t<div class=\"elementor-element elementor-element-1286eff e-con-full e-flex e-con e-child\" data-id=\"1286eff\" data-element_type=\"container\" data-e-type=\"container\">\n\t\t\t\t<div class=\"elementor-element elementor-element-4a03fb37 elementor-widget elementor-widget-heading\" data-id=\"4a03fb37\" data-element_type=\"widget\" data-e-type=\"widget\" data-widget_type=\"heading.default\">\n\t\t\t\t<div class=\"elementor-widget-container\">\n\t\t\t\t\t<h2 class=\"elementor-heading-title elementor-size-default\">Sauna boat in short<\/h2>\t\t\t\t<\/div>\n\t\t\t\t<\/div>\n\t\t\t\t<div class=\"elementor-element elementor-element-d012eff elementor-widget__width-inherit elementor-widget elementor-widget-text-editor\" data-id=\"d012eff\" data-element_type=\"widget\" data-e-type=\"widget\" data-widget_type=\"text-editor.default\">\n\t\t\t\t<div class=\"elementor-widget-container\">\n\t\t\t\t\t\t\t\t\t<ul>\n<li>\n<p>2 hours included changing<\/p>\n<\/li>\n<li>Be up to 10 people\n<br><br><\/li>\n<li>Access to wireless stereo\n<br><br><\/li>\n<li>Shared, small changing room in direct connection to the sauna\n<br><br><\/li>\n<li>Access to cold water shower at Langkaia (in the summer), but not Aker Brygge. Just be aware that shower time steals from sauna time.\n<br><br><\/li>\n<li>Bring swimwear, two towels and water. You can also buy water at KOK&nbsp;<\/li>\n<\/ul>\t\t\t\t\t\t\t\t<\/div>\n\t\t\t\t<\/div>\n\t\t\t\t<\/div>\n\t\t\t\t<\/div>\n\t\t\t\t\t<\/div>\n\t\t\t\t<\/div>\n\t\t<div class=\"elementor-element elementor-element-50f82811 e-flex e-con-boxed e-con e-parent\" data-id=\"50f82811\" data-element_type=\"container\" data-e-type=\"container\" data-settings=\"{&quot;background_background&quot;:&quot;classic&quot;}\">\n\t\t\t\t\t<div class=\"e-con-inner\">\n\t\t<div class=\"elementor-element elementor-element-1624588e e-con-full e-flex e-con e-child\" data-id=\"1624588e\" data-element_type=\"container\" data-e-type=\"container\">\n\t\t\t\t<div class=\"elementor-element elementor-element-69dc9b76 elementor-widget elementor-widget-text-editor\" data-id=\"69dc9b76\" data-element_type=\"widget\" data-e-type=\"widget\" data-widget_type=\"text-editor.default\">\n\t\t\t\t<div class=\"elementor-widget-container\">\n\t\t\t\t\t\t\t\t\t<p><strong>Want to know more about what it's like to visit KOK?\u00a0<\/strong><\/p>\t\t\t\t\t\t\t\t<\/div>\n\t\t\t\t<\/div>\n\t\t\t\t<div class=\"elementor-element elementor-element-73238c29 elementor-align-center elementor-widget elementor-widget-button\" data-id=\"73238c29\" data-element_type=\"widget\" data-e-type=\"widget\" data-widget_type=\"button.default\">\n\t\t\t\t<div class=\"elementor-widget-container\">\n\t\t\t\t\t\t\t\t\t<div class=\"elementor-button-wrapper\">\n\t\t\t\t\t<a class=\"elementor-button elementor-button-link elementor-size-sm\" href=\"\/kok-besoket\/\">\n\t\t\t\t\t\t<span class=\"elementor-button-content-wrapper\">\n\t\t\t\t\t\t\t\t\t<span class=\"elementor-button-text\">Click here<\/span>\n\t\t\t\t\t<\/span>\n\t\t\t\t\t<\/a>\n\t\t\t\t<\/div>\n\t\t\t\t\t\t\t\t<\/div>\n\t\t\t\t<\/div>\n\t\t\t\t<\/div>\n\t\t\t\t\t<\/div>\n\t\t\t\t<\/div>\n\t\t\t\t<\/div>","protected":false},"excerpt":{"rendered":"<p>KOK Norge BADSTUB\u00c5T I OSLO Finn ro og nyt den vakre utsikten mens badstuen flyter av g\u00e5rde og ovnen knitrer og damper. N\u00e5r en badstue blir en b\u00e5t oppst\u00e5r magi. KOKCRUISE er intet mindre enn en nettopp det &#8211; en magisk opplevelse som er like fin uansett tid p\u00e5 \u00e5ret. Det er en helt herlig [&hellip;]<\/p>\n","protected":false},"author":9,"featured_media":19035,"parent":20428,"menu_order":7,"comment_status":"closed","ping_status":"closed","template":"","meta":{"_acf_changed":false,"footnotes":""},"class_list":["post-7908","page","type-page","status-publish","has-post-thumbnail","hentry"],"acf":[],"_links":{"self":[{"href":"https:\/\/koknorge.no\/en\/wp-json\/wp\/v2\/pages\/7908","targetHints":{"allow":["GET"]}}],"collection":[{"href":"https:\/\/koknorge.no\/en\/wp-json\/wp\/v2\/pages"}],"about":[{"href":"https:\/\/koknorge.no\/en\/wp-json\/wp\/v2\/types\/page"}],"author":[{"embeddable":true,"href":"https:\/\/koknorge.no\/en\/wp-json\/wp\/v2\/users\/9"}],"replies":[{"embeddable":true,"href":"https:\/\/koknorge.no\/en\/wp-json\/wp\/v2\/comments?post=7908"}],"version-history":[{"count":22,"href":"https:\/\/koknorge.no\/en\/wp-json\/wp\/v2\/pages\/7908\/revisions"}],"predecessor-version":[{"id":24069,"href":"https:\/\/koknorge.no\/en\/wp-json\/wp\/v2\/pages\/7908\/revisions\/24069"}],"up":[{"embeddable":true,"href":"https:\/\/koknorge.no\/en\/wp-json\/wp\/v2\/pages\/20428"}],"wp:featuredmedia":[{"embeddable":true,"href":"https:\/\/koknorge.no\/en\/wp-json\/wp\/v2\/media\/19035"}],"wp:attachment":[{"href":"https:\/\/koknorge.no\/en\/wp-json\/wp\/v2\/media?parent=7908"}],"curies":[{"name":"wp","href":"https:\/\/api.w.org\/{rel}","templated":true}]}}