{"id":8016,"date":"2022-09-13T09:37:04","date_gmt":"2022-09-13T07:37:04","guid":{"rendered":"https:\/\/koknorge.no\/?page_id=8016"},"modified":"2026-03-04T14:58:01","modified_gmt":"2026-03-04T13:58:01","slug":"private-sauna","status":"publish","type":"page","link":"https:\/\/koknorge.no\/en\/badstue-opplevelser\/privat-badstue\/","title":{"rendered":"Private sauna"},"content":{"rendered":"<div data-elementor-type=\"wp-page\" data-elementor-id=\"8016\" class=\"elementor elementor-8016\" data-elementor-post-type=\"page\">\n\t\t\t\t<div class=\"elementor-element elementor-element-ac6baf7 e-flex e-con-boxed e-con e-parent\" data-id=\"ac6baf7\" data-element_type=\"container\" data-e-type=\"container\" data-settings=\"{&quot;background_background&quot;:&quot;classic&quot;}\">\n\t\t\t\t\t<div class=\"e-con-inner\">\n\t\t\t\t<div class=\"elementor-element elementor-element-4bd15e2 elementor-align-center elementor-widget elementor-widget-breadcrumbs\" data-id=\"4bd15e2\" data-element_type=\"widget\" data-e-type=\"widget\" data-widget_type=\"breadcrumbs.default\">\n\t\t\t\t<div class=\"elementor-widget-container\">\n\t\t\t\t\t<nav aria-label=\"breadcrumbs\" class=\"rank-math-breadcrumb\"><p><span class=\"last\">Sauna Oslo<\/span><\/p><\/nav>\t\t\t\t<\/div>\n\t\t\t\t<\/div>\n\t\t\t\t<div class=\"elementor-element elementor-element-f14afef elementor-widget elementor-widget-heading\" data-id=\"f14afef\" data-element_type=\"widget\" data-e-type=\"widget\" data-widget_type=\"heading.default\">\n\t\t\t\t<div class=\"elementor-widget-container\">\n\t\t\t\t\t<h1 class=\"elementor-heading-title elementor-size-default\">PRIVATE SAUNA IN OSLO<\/h1>\t\t\t\t<\/div>\n\t\t\t\t<\/div>\n\t\t\t\t\t<\/div>\n\t\t\t\t<\/div>\n\t\t<div class=\"elementor-element elementor-element-a63b65b e-flex e-con-boxed e-con e-parent\" data-id=\"a63b65b\" data-element_type=\"container\" data-e-type=\"container\" data-settings=\"{&quot;background_background&quot;:&quot;classic&quot;}\">\n\t\t\t\t\t<div class=\"e-con-inner\">\n\t\t\t\t<div class=\"elementor-element elementor-element-49bb7281 elementor-widget__width-initial elementor-widget elementor-widget-text-editor\" data-id=\"49bb7281\" data-element_type=\"widget\" data-e-type=\"widget\" data-widget_type=\"text-editor.default\">\n\t\t\t\t<div class=\"elementor-widget-container\">\n\t\t\t\t\t\t\t\t\t<section class=\"elementor-section elementor-top-section elementor-element elementor-element-254eff2c elementor-section-boxed elementor-section-height-default elementor-section-height-default\" data-id=\"254eff2c\" data-element_type=\"section\"><div class=\"elementor-container elementor-column-gap-default\"><div class=\"elementor-column elementor-col-100 elementor-top-column elementor-element elementor-element-58308973\" data-id=\"58308973\" data-element_type=\"column\"><div class=\"elementor-widget-wrap elementor-element-populated\"><div class=\"elementor-element elementor-element-0217d6c elementor-widget elementor-widget-text-editor\" data-id=\"0217d6c\" data-element_type=\"widget\" data-widget_type=\"text-editor.default\"><div class=\"elementor-widget-container\"><p>If you want 2 hours in a bubble with presence, joy, warmth, coziness and a feeling of mastery, PRIVATKOK is perfect for you.<br \/>It's our most popular service, and no wonder. In a private sauna in Oslo, you can gather the friends, colleagues or family you love for a deliciously warm social moment, zone out from the life of the city and lower your shoulders deep into your back.<\/p><\/div><\/div><\/div><\/div><\/div><\/section>\t\t\t\t\t\t\t\t<\/div>\n\t\t\t\t<\/div>\n\t\t\t\t<div class=\"elementor-element elementor-element-0e402ff elementor-widget__width-initial elementor-widget elementor-widget-text-editor\" data-id=\"0e402ff\" data-element_type=\"widget\" data-e-type=\"widget\" data-widget_type=\"text-editor.default\">\n\t\t\t\t<div class=\"elementor-widget-container\">\n\t\t\t\t\t<style>.elementor-element-0e402ff{display:none !important}<\/style>\t\t\t\t<\/div>\n\t\t\t\t<\/div>\n\t\t\t\t\t<\/div>\n\t\t\t\t<\/div>\n\t\t<div class=\"elementor-element elementor-element-370933a e-flex e-con-boxed e-con e-parent\" data-id=\"370933a\" data-element_type=\"container\" data-e-type=\"container\">\n\t\t\t\t\t<div class=\"e-con-inner\">\n\t\t<div class=\"elementor-element elementor-element-10bdaf0c e-con-full e-flex e-con e-child\" data-id=\"10bdaf0c\" data-element_type=\"container\" data-e-type=\"container\">\n\t\t\t\t<div class=\"elementor-element elementor-element-704aa91c elementor-cta--skin-classic elementor-animated-content elementor-widget elementor-widget-call-to-action\" data-id=\"704aa91c\" data-element_type=\"widget\" data-e-type=\"widget\" data-widget_type=\"call-to-action.default\">\n\t\t\t\t<div class=\"elementor-widget-container\">\n\t\t\t\t\t\t\t<div class=\"elementor-cta\">\n\t\t\t\t\t<div class=\"elementor-cta__bg-wrapper\">\n\t\t\t\t<div class=\"elementor-cta__bg elementor-bg\" style=\"background-image: url(https:\/\/koknorge.no\/wp-content\/uploads\/elementor\/thumbs\/AVE3083_web-scaled-qz582lurw89xouhz9hhh9ihihtah3ho7vmdjyju8qk.jpg);\" role=\"img\" aria-label=\"Private sauna in Oslo, Aker Brygge\"><\/div>\n\t\t\t\t<div class=\"elementor-cta__bg-overlay\"><\/div>\n\t\t\t<\/div>\n\t\t\t\t\t\t\t<div class=\"elementor-cta__content\">\n\t\t\t\t\n\t\t\t\t\t\t\t\t\t<h3 class=\"elementor-cta__title elementor-cta__content-item elementor-content-item\">\n\t\t\t\t\t\tAKER BRYGGE\t\t\t\t\t<\/h3>\n\t\t\t\t\n\t\t\t\t\t\t\t\t\t<div class=\"elementor-cta__description elementor-cta__content-item elementor-content-item\">\n\t\t\t\t\t\tPrivate sauna right by the bustling promenade at Aker Brygge, with a view of the archipelago and Akershus Fortress. \n<br \/><br \/>\n\n\n<a href=\"https:\/\/koknorge.no\/en\/rent-sauna-oslo\/?feedback_url=https%3a%2f%2fkoknorge.no%2fleie-badstue-oslo%2f&amp;mode=reserve&amp;planyo_lang=en&amp;prefill=true&amp;resource_id=206525\">BOOK HERE<\/a>\n\n\t\t\t\t\t<\/div>\n\t\t\t\t\n\t\t\t\t\t\t\t<\/div>\n\t\t\t\t\t\t<\/div>\n\t\t\t\t\t\t<\/div>\n\t\t\t\t<\/div>\n\t\t\t\t<\/div>\n\t\t<div class=\"elementor-element elementor-element-62de99bd e-con-full e-flex e-con e-child\" data-id=\"62de99bd\" data-element_type=\"container\" data-e-type=\"container\">\n\t\t\t\t<div class=\"elementor-element elementor-element-7f059191 elementor-cta--skin-classic elementor-animated-content elementor-widget elementor-widget-call-to-action\" data-id=\"7f059191\" data-element_type=\"widget\" data-e-type=\"widget\" data-widget_type=\"call-to-action.default\">\n\t\t\t\t<div class=\"elementor-widget-container\">\n\t\t\t\t\t\t\t<div class=\"elementor-cta\">\n\t\t\t\t\t<div class=\"elementor-cta__bg-wrapper\">\n\t\t\t\t<div class=\"elementor-cta__bg elementor-bg\" style=\"background-image: url(https:\/\/koknorge.no\/wp-content\/uploads\/elementor\/thumbs\/AVE1227_web-scaled-qz582msm32b80ggm3zw3u08z375ub6ry7r11ftsukc.jpg);\" role=\"img\" aria-label=\"Private sauna in Oslo, Langkaia\"><\/div>\n\t\t\t\t<div class=\"elementor-cta__bg-overlay\"><\/div>\n\t\t\t<\/div>\n\t\t\t\t\t\t\t<div class=\"elementor-cta__content\">\n\t\t\t\t\n\t\t\t\t\t\t\t\t\t<h2 class=\"elementor-cta__title elementor-cta__content-item elementor-content-item\">\n\t\t\t\t\t\tLANGKAIA\t\t\t\t\t<\/h2>\n\t\t\t\t\n\t\t\t\t\t\t\t\t\t<div class=\"elementor-cta__description elementor-cta__content-item elementor-content-item\">\n\t\t\t\t\t\tPrivate sauna right in the center of Oslo. Close to Bj\u00f8rvika and the central station and with a view of the sunrise, the Opera house and Munch museum.\n<br \/><br \/>\n\n\n<a href=\"https:\/\/koknorge.no\/en\/rent-sauna-oslo\/?feedback_url=https%3a%2f%2fkoknorge.no%2fleie-badstue-oslo%2f&amp;mode=reserve&amp;planyo_lang=en&amp;prefill=true&amp;resource_id=197777\">BOOK HERE<\/a> \t\t\t\t\t<\/div>\n\t\t\t\t\n\t\t\t\t\t\t\t<\/div>\n\t\t\t\t\t\t<\/div>\n\t\t\t\t\t\t<\/div>\n\t\t\t\t<\/div>\n\t\t\t\t<\/div>\n\t\t\t\t\t<\/div>\n\t\t\t\t<\/div>\n\t\t<div class=\"elementor-element elementor-element-1f59ec4 e-flex e-con-boxed e-con e-parent\" data-id=\"1f59ec4\" data-element_type=\"container\" data-e-type=\"container\" data-settings=\"{&quot;background_background&quot;:&quot;classic&quot;}\">\n\t\t\t\t\t<div class=\"e-con-inner\">\n\t\t<div class=\"elementor-element elementor-element-9c81d0a e-con-full e-flex e-con e-child\" data-id=\"9c81d0a\" data-element_type=\"container\" data-e-type=\"container\">\n\t\t\t\t<div class=\"elementor-element elementor-element-71b96e37 elementor-widget elementor-widget-heading\" data-id=\"71b96e37\" data-element_type=\"widget\" data-e-type=\"widget\" data-widget_type=\"heading.default\">\n\t\t\t\t<div class=\"elementor-widget-container\">\n\t\t\t\t\t<h2 class=\"elementor-heading-title elementor-size-default\">Private sauna in short<\/h2>\t\t\t\t<\/div>\n\t\t\t\t<\/div>\n\t\t\t\t<div class=\"elementor-element elementor-element-57165180 elementor-widget__width-initial elementor-widget elementor-widget-text-editor\" data-id=\"57165180\" data-element_type=\"widget\" data-e-type=\"widget\" data-widget_type=\"text-editor.default\">\n\t\t\t\t<div class=\"elementor-widget-container\">\n\t\t\t\t\t\t\t\t\t<ul><li><p>2 hours included changing<\/p><\/li><li>Perfect for groups of friends, colleagues and families at up to 10 people<\/li><li>The sauna stays at the dock<\/li><li>Access to wireless stereo<\/li><li>Shared, small changing room in direct connection to the sauna<\/li><li>Access to cold water showers if the season permits at Langkaia, not at Aker Brygge<\/li><li>No toilets on either location<\/li><li>Bring water, swimwear, two towels and a bag for wet swimwear<\/li><li>It's possible to buy water<\/li><\/ul>\t\t\t\t\t\t\t\t<\/div>\n\t\t\t\t<\/div>\n\t\t\t\t<\/div>\n\t\t\t\t\t<\/div>\n\t\t\t\t<\/div>\n\t\t<div class=\"elementor-element elementor-element-cde1230 e-flex e-con-boxed e-con e-parent\" data-id=\"cde1230\" data-element_type=\"container\" data-e-type=\"container\" data-settings=\"{&quot;background_background&quot;:&quot;classic&quot;}\">\n\t\t\t\t\t<div class=\"e-con-inner\">\n\t\t\t\t<div class=\"elementor-element elementor-element-4bd226b1 elementor-widget elementor-widget-text-editor\" data-id=\"4bd226b1\" data-element_type=\"widget\" data-e-type=\"widget\" data-widget_type=\"text-editor.default\">\n\t\t\t\t<div class=\"elementor-widget-container\">\n\t\t\t\t\t\t\t\t\t<p><strong>Want to know more about what it's like to visit KOK?\u00a0<\/strong><\/p>\t\t\t\t\t\t\t\t<\/div>\n\t\t\t\t<\/div>\n\t\t\t\t\t<\/div>\n\t\t\t\t<\/div>\n\t\t<div class=\"elementor-element elementor-element-23edd7cd e-flex e-con-boxed e-con e-parent\" data-id=\"23edd7cd\" data-element_type=\"container\" data-e-type=\"container\" data-settings=\"{&quot;background_background&quot;:&quot;classic&quot;}\">\n\t\t\t\t\t<div class=\"e-con-inner\">\n\t\t\t\t<div class=\"elementor-element elementor-element-c3061fe elementor-align-center elementor-widget elementor-widget-button\" data-id=\"c3061fe\" data-element_type=\"widget\" data-e-type=\"widget\" data-widget_type=\"button.default\">\n\t\t\t\t<div class=\"elementor-widget-container\">\n\t\t\t\t\t\t\t\t\t<div class=\"elementor-button-wrapper\">\n\t\t\t\t\t<a class=\"elementor-button elementor-button-link elementor-size-sm\" href=\"http:\/\/www.koknorge.no\/kok-besoket\">\n\t\t\t\t\t\t<span class=\"elementor-button-content-wrapper\">\n\t\t\t\t\t\t\t\t\t<span class=\"elementor-button-text\">Click here<\/span>\n\t\t\t\t\t<\/span>\n\t\t\t\t\t<\/a>\n\t\t\t\t<\/div>\n\t\t\t\t\t\t\t\t<\/div>\n\t\t\t\t<\/div>\n\t\t\t\t\t<\/div>\n\t\t\t\t<\/div>\n\t\t\t\t<\/div>","protected":false},"excerpt":{"rendered":"<p>KOK Norge PRIVAT BADSTUE I OSLO \u00d8nsker du 2 timer i en boble med tilstedev\u00e6relse, glede, varme, kos og mestringsf\u00f8lelse, er PRIVATKOK perfekt for deg.Det er v\u00e5r mest popul\u00e6re tjeneste, og det er ikke rart. I en privat badstue i Oslo kan du samle de venneskene du er glad i til en deilig varm sosial [&hellip;]<\/p>\n","protected":false},"author":9,"featured_media":18970,"parent":20428,"menu_order":6,"comment_status":"closed","ping_status":"closed","template":"","meta":{"_acf_changed":false,"footnotes":""},"class_list":["post-8016","page","type-page","status-publish","has-post-thumbnail","hentry"],"acf":[],"_links":{"self":[{"href":"https:\/\/koknorge.no\/en\/wp-json\/wp\/v2\/pages\/8016","targetHints":{"allow":["GET"]}}],"collection":[{"href":"https:\/\/koknorge.no\/en\/wp-json\/wp\/v2\/pages"}],"about":[{"href":"https:\/\/koknorge.no\/en\/wp-json\/wp\/v2\/types\/page"}],"author":[{"embeddable":true,"href":"https:\/\/koknorge.no\/en\/wp-json\/wp\/v2\/users\/9"}],"replies":[{"embeddable":true,"href":"https:\/\/koknorge.no\/en\/wp-json\/wp\/v2\/comments?post=8016"}],"version-history":[{"count":20,"href":"https:\/\/koknorge.no\/en\/wp-json\/wp\/v2\/pages\/8016\/revisions"}],"predecessor-version":[{"id":24064,"href":"https:\/\/koknorge.no\/en\/wp-json\/wp\/v2\/pages\/8016\/revisions\/24064"}],"up":[{"embeddable":true,"href":"https:\/\/koknorge.no\/en\/wp-json\/wp\/v2\/pages\/20428"}],"wp:featuredmedia":[{"embeddable":true,"href":"https:\/\/koknorge.no\/en\/wp-json\/wp\/v2\/media\/18970"}],"wp:attachment":[{"href":"https:\/\/koknorge.no\/en\/wp-json\/wp\/v2\/media?parent=8016"}],"curies":[{"name":"wp","href":"https:\/\/api.w.org\/{rel}","templated":true}]}}