{"id":8282,"date":"2022-10-05T20:23:41","date_gmt":"2022-10-05T18:23:41","guid":{"rendered":"https:\/\/koknorge.no\/?page_id=8282"},"modified":"2026-03-04T14:56:45","modified_gmt":"2026-03-04T13:56:45","slug":"shared-sauna","status":"publish","type":"page","link":"https:\/\/koknorge.no\/en\/badstue-opplevelser\/felles-badstue\/","title":{"rendered":"Shared sauna"},"content":{"rendered":"<div data-elementor-type=\"wp-page\" data-elementor-id=\"8282\" class=\"elementor elementor-8282\" data-elementor-post-type=\"page\">\n\t\t\t\t<div class=\"elementor-element elementor-element-ae1d7a4 e-flex e-con-boxed e-con e-parent\" data-id=\"ae1d7a4\" data-element_type=\"container\" data-e-type=\"container\" data-settings=\"{&quot;background_background&quot;:&quot;classic&quot;}\">\n\t\t\t\t\t<div class=\"e-con-inner\">\n\t\t\t\t<div class=\"elementor-element elementor-element-3318b58 elementor-align-center elementor-widget elementor-widget-breadcrumbs\" data-id=\"3318b58\" data-element_type=\"widget\" data-e-type=\"widget\" data-widget_type=\"breadcrumbs.default\">\n\t\t\t\t<div class=\"elementor-widget-container\">\n\t\t\t\t\t<nav aria-label=\"breadcrumbs\" class=\"rank-math-breadcrumb\"><p><span class=\"last\">Sauna Oslo<\/span><\/p><\/nav>\t\t\t\t<\/div>\n\t\t\t\t<\/div>\n\t\t\t\t<div class=\"elementor-element elementor-element-42906b9 elementor-widget elementor-widget-heading\" data-id=\"42906b9\" data-element_type=\"widget\" data-e-type=\"widget\" data-widget_type=\"heading.default\">\n\t\t\t\t<div class=\"elementor-widget-container\">\n\t\t\t\t\t<h1 class=\"elementor-heading-title elementor-size-default\">COMMUNAL SAUNA IN OSLO<\/h1>\t\t\t\t<\/div>\n\t\t\t\t<\/div>\n\t\t\t\t\t<\/div>\n\t\t\t\t<\/div>\n\t\t<div class=\"elementor-element elementor-element-a032b31 e-flex e-con-boxed e-con e-parent\" data-id=\"a032b31\" data-element_type=\"container\" data-e-type=\"container\" data-settings=\"{&quot;background_background&quot;:&quot;classic&quot;}\">\n\t\t\t\t\t<div class=\"e-con-inner\">\n\t\t\t\t<div class=\"elementor-element elementor-element-a65524a elementor-widget__width-initial elementor-widget elementor-widget-text-editor\" data-id=\"a65524a\" data-element_type=\"widget\" data-e-type=\"widget\" data-widget_type=\"text-editor.default\">\n\t\t\t\t<div class=\"elementor-widget-container\">\n\t\t\t\t\t\t\t\t\t<p>At the shared and drop in sauna in Oslo, or FELLESKOK as we call it, bath-loving KOKers gather for good conversation, fellowship and relaxation. You can come alone or with someone you know. To be sure that you get the time you want, it is advisable to book in advance. But you can also be spontaneous if you have your swimwear and towels with you.<\/p><p>When you arrive at the dock, you are greeted by a pleasant sauna master who gives a small introduction to the sauna. They is available throughout the visit and otherwise helps with wood and water for the stove.<\/p><p>Most people take a refreshing dip after a while in the heat. This is of course optional, wonderfully refreshing, and gets the blood pumping and the endorphins flowing!<\/p>\t\t\t\t\t\t\t\t<\/div>\n\t\t\t\t<\/div>\n\t\t\t\t<div class=\"elementor-element elementor-element-99bc4e7 elementor-widget__width-initial elementor-widget elementor-widget-text-editor\" data-id=\"99bc4e7\" data-element_type=\"widget\" data-e-type=\"widget\" data-widget_type=\"text-editor.default\">\n\t\t\t\t<div class=\"elementor-widget-container\">\n\t\t\t\t\t<style>.elementor-element-99bc4e7{display:none !important}<\/style>\t\t\t\t<\/div>\n\t\t\t\t<\/div>\n\t\t\t\t\t<\/div>\n\t\t\t\t<\/div>\n\t\t<div class=\"elementor-element elementor-element-30574c4 e-flex e-con-boxed e-con e-parent\" data-id=\"30574c4\" data-element_type=\"container\" data-e-type=\"container\">\n\t\t\t\t\t<div class=\"e-con-inner\">\n\t\t<div class=\"elementor-element elementor-element-031d625 e-con-full e-flex e-con e-child\" data-id=\"031d625\" data-element_type=\"container\" data-e-type=\"container\">\n\t\t\t\t<div class=\"elementor-element elementor-element-50a0bbd elementor-cta--skin-classic elementor-animated-content elementor-widget elementor-widget-call-to-action\" data-id=\"50a0bbd\" data-element_type=\"widget\" data-e-type=\"widget\" data-widget_type=\"call-to-action.default\">\n\t\t\t\t<div class=\"elementor-widget-container\">\n\t\t\t\t\t\t\t<div class=\"elementor-cta\">\n\t\t\t\t\t<div class=\"elementor-cta__bg-wrapper\">\n\t\t\t\t<div class=\"elementor-cta__bg elementor-bg\" style=\"background-image: url(https:\/\/koknorge.no\/wp-content\/uploads\/elementor\/thumbs\/AVE2206_web-1-qz582msm32b80ggm3zw3u08z375ub6ry7r11ftsukc.jpg);\" role=\"img\" aria-label=\"Drop in sauna in Oslo, Aker Brygge - Shared Sauna\"><\/div>\n\t\t\t\t<div class=\"elementor-cta__bg-overlay\"><\/div>\n\t\t\t<\/div>\n\t\t\t\t\t\t\t<div class=\"elementor-cta__content\">\n\t\t\t\t\n\t\t\t\t\t\t\t\t\t<h3 class=\"elementor-cta__title elementor-cta__content-item elementor-content-item\">\n\t\t\t\t\t\tAker Brygge\t\t\t\t\t<\/h3>\n\t\t\t\t\n\t\t\t\t\t\t\t\t\t<div class=\"elementor-cta__description elementor-cta__content-item elementor-content-item\">\n\t\t\t\t\t\tSauna right by the bustling promenade at Aker Brygge, <br>\nwith a view of the Akershus Fortress and the archipelago. \n<br \/><br \/>\n\n\n<a href=\"https:\/\/koknorge.no\/en\/rent-sauna-oslo\/?feedback_url=https%3a%2f%2fkoknorge.no%2fleie-badstue-oslo%2f&amp;mode=reserve&amp;planyo_lang=en&amp;prefill=true&amp;resource_id=223501\">BOOK HERE<\/a>\t\t\t\t\t<\/div>\n\t\t\t\t\n\t\t\t\t\t\t\t<\/div>\n\t\t\t\t\t\t<\/div>\n\t\t\t\t\t\t<\/div>\n\t\t\t\t<\/div>\n\t\t\t\t<\/div>\n\t\t<div class=\"elementor-element elementor-element-c5d4d34 e-con-full e-flex e-con e-child\" data-id=\"c5d4d34\" data-element_type=\"container\" data-e-type=\"container\">\n\t\t\t\t<div class=\"elementor-element elementor-element-d495492 elementor-cta--skin-classic elementor-animated-content elementor-widget elementor-widget-call-to-action\" data-id=\"d495492\" data-element_type=\"widget\" data-e-type=\"widget\" data-widget_type=\"call-to-action.default\">\n\t\t\t\t<div class=\"elementor-widget-container\">\n\t\t\t\t\t\t\t<div class=\"elementor-cta\">\n\t\t\t\t\t<div class=\"elementor-cta__bg-wrapper\">\n\t\t\t\t<div class=\"elementor-cta__bg elementor-bg\" style=\"background-image: url(https:\/\/koknorge.no\/wp-content\/uploads\/elementor\/thumbs\/AVE3467_web-scaled-qz582lurw89xouhz9hhh9ihihtah3ho7vmdjyju8qk.jpg);\" role=\"img\" aria-label=\"Drop in sauna in Oslo, Langkaia\"><\/div>\n\t\t\t\t<div class=\"elementor-cta__bg-overlay\"><\/div>\n\t\t\t<\/div>\n\t\t\t\t\t\t\t<div class=\"elementor-cta__content\">\n\t\t\t\t\n\t\t\t\t\t\t\t\t\t<h2 class=\"elementor-cta__title elementor-cta__content-item elementor-content-item\">\n\t\t\t\t\t\tLangkaia\t\t\t\t\t<\/h2>\n\t\t\t\t\n\t\t\t\t\t\t\t\t\t<div class=\"elementor-cta__description elementor-cta__content-item elementor-content-item\">\n\t\t\t\t\t\tSauna right in the center of Oslo. Close to Bj\u00f8rvika and the central station and with a view of the sunrise, the Opera and Munch.\n<br \/><br \/>\n\n\n<a href=\"https:\/\/koknorge.no\/en\/rent-sauna-oslo\/?feedback_url=https%3a%2f%2fkoknorge.no%2fleie-badstue-oslo%2f&amp;mode=reserve&amp;planyo_lang=en&amp;prefill=true&amp;resource_id=223502\">BOOK HERE<\/a>\t\t\t\t\t<\/div>\n\t\t\t\t\n\t\t\t\t\t\t\t<\/div>\n\t\t\t\t\t\t<\/div>\n\t\t\t\t\t\t<\/div>\n\t\t\t\t<\/div>\n\t\t\t\t<\/div>\n\t\t\t\t\t<\/div>\n\t\t\t\t<\/div>\n\t\t<div class=\"elementor-element elementor-element-ed81ee6 e-flex e-con-boxed e-con e-parent\" data-id=\"ed81ee6\" data-element_type=\"container\" data-e-type=\"container\" data-settings=\"{&quot;background_background&quot;:&quot;classic&quot;}\">\n\t\t\t\t\t<div class=\"e-con-inner\">\n\t\t<div class=\"elementor-element elementor-element-4677c8b e-con-full e-flex e-con e-child\" data-id=\"4677c8b\" data-element_type=\"container\" data-e-type=\"container\">\n\t\t\t\t<div class=\"elementor-element elementor-element-88901db elementor-widget elementor-widget-image\" data-id=\"88901db\" data-element_type=\"widget\" data-e-type=\"widget\" data-widget_type=\"image.default\">\n\t\t\t\t<div class=\"elementor-widget-container\">\n\t\t\t\t\t\t\t\t\t\t\t\t\t\t\t<img decoding=\"async\" src=\"https:\/\/koknorge.no\/wp-content\/uploads\/elementor\/thumbs\/AVE2069_web-kopi-scaled-qz582mstrcog44i0s2gjqo0g7rc1do5qodd6ov39oc.jpg\" title=\"Drop in sauna in Oslo\" alt=\"Drop in sauna in Oslo\" loading=\"lazy\" \/>\t\t\t\t\t\t\t\t\t\t\t\t\t\t\t<\/div>\n\t\t\t\t<\/div>\n\t\t\t\t<\/div>\n\t\t<div class=\"elementor-element elementor-element-31917f3 e-con-full e-flex e-con e-child\" data-id=\"31917f3\" data-element_type=\"container\" data-e-type=\"container\">\n\t\t\t\t<div class=\"elementor-element elementor-element-08b0a2a elementor-widget elementor-widget-heading\" data-id=\"08b0a2a\" data-element_type=\"widget\" data-e-type=\"widget\" data-widget_type=\"heading.default\">\n\t\t\t\t<div class=\"elementor-widget-container\">\n\t\t\t\t\t<h2 class=\"elementor-heading-title elementor-size-default\">Shared sauna - in short<\/h2>\t\t\t\t<\/div>\n\t\t\t\t<\/div>\n\t\t\t\t<div class=\"elementor-element elementor-element-67bb46e elementor-widget__width-initial elementor-widget elementor-widget-text-editor\" data-id=\"67bb46e\" data-element_type=\"widget\" data-e-type=\"widget\" data-widget_type=\"text-editor.default\">\n\t\t\t\t<div class=\"elementor-widget-container\">\n\t\t\t\t\t\t\t\t\t<ul><li><p>1.5 hours included changing<\/p><\/li><li>Up to 8 single seats available<br \/><br \/><\/li><li>The sauna stays at the dock<br \/><br \/><\/li><li>Access to wireless stereo<br \/><br \/><\/li><li>Shared, small changing room in direct connection to the sauna<br \/><br \/><\/li><li>Access to cold water shower at Langkaia, but not Aker Brygge. Just be aware that shower time steals from sauna time.<br \/><br \/><\/li><li>Bring swimwear, two towels and water. You can also buy water at KOK.<br \/><br \/><\/li><li>Brought alcohol is not allowed<br \/><br \/><\/li><li>You can now also buy a hamam towel at the location<\/li><\/ul>\t\t\t\t\t\t\t\t<\/div>\n\t\t\t\t<\/div>\n\t\t\t\t<\/div>\n\t\t\t\t\t<\/div>\n\t\t\t\t<\/div>\n\t\t<div class=\"elementor-element elementor-element-02cc2c1 e-flex e-con-boxed e-con e-parent\" data-id=\"02cc2c1\" data-element_type=\"container\" data-e-type=\"container\" data-settings=\"{&quot;background_background&quot;:&quot;classic&quot;}\">\n\t\t\t\t\t<div class=\"e-con-inner\">\n\t\t\t\t<div class=\"elementor-element elementor-element-5ad0d18 elementor-widget elementor-widget-text-editor\" data-id=\"5ad0d18\" data-element_type=\"widget\" data-e-type=\"widget\" data-widget_type=\"text-editor.default\">\n\t\t\t\t<div class=\"elementor-widget-container\">\n\t\t\t\t\t\t\t\t\t<p><strong>Want to know more about what it's like to visit KOK?\u00a0<\/strong><\/p>\t\t\t\t\t\t\t\t<\/div>\n\t\t\t\t<\/div>\n\t\t\t\t<div class=\"elementor-element elementor-element-c59cf25 elementor-align-center elementor-widget elementor-widget-button\" data-id=\"c59cf25\" data-element_type=\"widget\" data-e-type=\"widget\" data-widget_type=\"button.default\">\n\t\t\t\t<div class=\"elementor-widget-container\">\n\t\t\t\t\t\t\t\t\t<div class=\"elementor-button-wrapper\">\n\t\t\t\t\t<a class=\"elementor-button elementor-button-link elementor-size-sm\" href=\"\/kok-besoket\/\">\n\t\t\t\t\t\t<span class=\"elementor-button-content-wrapper\">\n\t\t\t\t\t\t\t\t\t<span class=\"elementor-button-text\">Click here<\/span>\n\t\t\t\t\t<\/span>\n\t\t\t\t\t<\/a>\n\t\t\t\t<\/div>\n\t\t\t\t\t\t\t\t<\/div>\n\t\t\t\t<\/div>\n\t\t\t\t\t<\/div>\n\t\t\t\t<\/div>\n\t\t\t\t<\/div>","protected":false},"excerpt":{"rendered":"<p>Badstue Oslo FELLESBADSTUE I OSLO P\u00e5 drop in badstue i Oslo, eller FELLESKOK som vi kaller det, samles badeglade KOKere til gode samtaler, fellesskap og avslapning. Du kan komme alene, eller sammen med noen du kjenner. For \u00e5 v\u00e6re sikker p\u00e5 at du f\u00e5r den tiden du vil ha er det lurt \u00e5 booke p\u00e5 [&hellip;]<\/p>\n","protected":false},"author":9,"featured_media":19053,"parent":20428,"menu_order":5,"comment_status":"closed","ping_status":"closed","template":"","meta":{"_acf_changed":false,"footnotes":""},"class_list":["post-8282","page","type-page","status-publish","has-post-thumbnail","hentry"],"acf":[],"_links":{"self":[{"href":"https:\/\/koknorge.no\/en\/wp-json\/wp\/v2\/pages\/8282","targetHints":{"allow":["GET"]}}],"collection":[{"href":"https:\/\/koknorge.no\/en\/wp-json\/wp\/v2\/pages"}],"about":[{"href":"https:\/\/koknorge.no\/en\/wp-json\/wp\/v2\/types\/page"}],"author":[{"embeddable":true,"href":"https:\/\/koknorge.no\/en\/wp-json\/wp\/v2\/users\/9"}],"replies":[{"embeddable":true,"href":"https:\/\/koknorge.no\/en\/wp-json\/wp\/v2\/comments?post=8282"}],"version-history":[{"count":23,"href":"https:\/\/koknorge.no\/en\/wp-json\/wp\/v2\/pages\/8282\/revisions"}],"predecessor-version":[{"id":24109,"href":"https:\/\/koknorge.no\/en\/wp-json\/wp\/v2\/pages\/8282\/revisions\/24109"}],"up":[{"embeddable":true,"href":"https:\/\/koknorge.no\/en\/wp-json\/wp\/v2\/pages\/20428"}],"wp:featuredmedia":[{"embeddable":true,"href":"https:\/\/koknorge.no\/en\/wp-json\/wp\/v2\/media\/19053"}],"wp:attachment":[{"href":"https:\/\/koknorge.no\/en\/wp-json\/wp\/v2\/media?parent=8282"}],"curies":[{"name":"wp","href":"https:\/\/api.w.org\/{rel}","templated":true}]}}