{"id":8357,"date":"2022-10-14T15:54:02","date_gmt":"2022-10-14T13:54:02","guid":{"rendered":"https:\/\/koknorge.no\/?page_id=8357"},"modified":"2026-02-27T12:05:45","modified_gmt":"2026-02-27T11:05:45","slug":"giftcard-employees","status":"publish","type":"page","link":"https:\/\/koknorge.no\/en\/bedrift\/gavekort-ansatte\/","title":{"rendered":"Employee gift cards"},"content":{"rendered":"\t\t<div data-elementor-type=\"wp-page\" data-elementor-id=\"8357\" class=\"elementor elementor-8357\" data-elementor-post-type=\"page\">\n\t\t\t\t<div class=\"elementor-element elementor-element-8ce3d1c e-flex e-con-boxed e-con e-parent\" data-id=\"8ce3d1c\" data-element_type=\"container\" data-e-type=\"container\">\n\t\t\t\t\t<div class=\"e-con-inner\">\n\t\t\t\t<div class=\"elementor-element elementor-element-20bc2bc elementor-align-center elementor-widget elementor-widget-breadcrumbs\" data-id=\"20bc2bc\" data-element_type=\"widget\" data-e-type=\"widget\" data-widget_type=\"breadcrumbs.default\">\n\t\t\t\t<div class=\"elementor-widget-container\">\n\t\t\t\t\t<nav aria-label=\"breadcrumbs\" class=\"rank-math-breadcrumb\"><p><span class=\"last\">Badstue Oslo<\/span><\/p><\/nav>\t\t\t\t<\/div>\n\t\t\t\t<\/div>\n\t\t\t\t<div class=\"elementor-element elementor-element-371717a elementor-widget elementor-widget-heading\" data-id=\"371717a\" data-element_type=\"widget\" data-e-type=\"widget\" data-widget_type=\"heading.default\">\n\t\t\t\t<div class=\"elementor-widget-container\">\n\t\t\t\t\t<h1 class=\"elementor-heading-title elementor-size-large\">Gavekort til ansatte  <\/h1>\t\t\t\t<\/div>\n\t\t\t\t<\/div>\n\t\t\t\t<div class=\"elementor-element elementor-element-049874e elementor-widget elementor-widget-heading\" data-id=\"049874e\" data-element_type=\"widget\" data-e-type=\"widget\" data-widget_type=\"heading.default\">\n\t\t\t\t<div class=\"elementor-widget-container\">\n\t\t\t\t\t<h3 class=\"elementor-heading-title elementor-size-medium\">Eller for deg som \u00f8nsker \u00e5 bestille flere i samme slengen! \n<\/h3>\t\t\t\t<\/div>\n\t\t\t\t<\/div>\n\t\t\t\t\t<\/div>\n\t\t\t\t<\/div>\n\t\t<div class=\"elementor-element elementor-element-9f5fc61 e-flex e-con-boxed e-con e-parent\" data-id=\"9f5fc61\" data-element_type=\"container\" data-e-type=\"container\">\n\t\t\t\t\t<div class=\"e-con-inner\">\n\t\t<div class=\"elementor-element elementor-element-15e978c e-flex e-con-boxed e-con e-child\" data-id=\"15e978c\" data-element_type=\"container\" data-e-type=\"container\">\n\t\t\t\t\t<div class=\"e-con-inner\">\n\t\t<div class=\"elementor-element elementor-element-11e648c e-con-full e-flex e-con e-child\" data-id=\"11e648c\" data-element_type=\"container\" data-e-type=\"container\">\n\t\t\t\t<div class=\"elementor-element elementor-element-27dc424 elementor-widget elementor-widget-image\" data-id=\"27dc424\" data-element_type=\"widget\" data-e-type=\"widget\" data-widget_type=\"image.default\">\n\t\t\t\t<div class=\"elementor-widget-container\">\n\t\t\t\t\t\t\t\t\t\t\t\t\t\t\t<img fetchpriority=\"high\" decoding=\"async\" width=\"800\" height=\"534\" src=\"https:\/\/koknorge.no\/wp-content\/uploads\/2023\/07\/MYYK_OSLO03-1-1024x683.png\" class=\"attachment-large size-large wp-image-19512\" alt=\"Flytende badstue Oslo\" srcset=\"https:\/\/koknorge.no\/wp-content\/uploads\/2023\/07\/MYYK_OSLO03-1-1024x683.png 1024w, https:\/\/koknorge.no\/wp-content\/uploads\/2023\/07\/MYYK_OSLO03-1-300x200.png 300w, https:\/\/koknorge.no\/wp-content\/uploads\/2023\/07\/MYYK_OSLO03-1-768x512.png 768w, https:\/\/koknorge.no\/wp-content\/uploads\/2023\/07\/MYYK_OSLO03-1-18x12.png 18w, https:\/\/koknorge.no\/wp-content\/uploads\/2023\/07\/MYYK_OSLO03-1.png 1459w\" sizes=\"(max-width: 800px) 100vw, 800px\" title=\"\">\t\t\t\t\t\t\t\t\t\t\t\t\t\t\t<\/div>\n\t\t\t\t<\/div>\n\t\t\t\t<\/div>\n\t\t<div class=\"elementor-element elementor-element-ee7bb9b e-con-full e-flex e-con e-child\" data-id=\"ee7bb9b\" data-element_type=\"container\" data-e-type=\"container\">\n\t\t\t\t<div class=\"elementor-element elementor-element-025b779 elementor-widget elementor-widget-heading\" data-id=\"025b779\" data-element_type=\"widget\" data-e-type=\"widget\" data-widget_type=\"heading.default\">\n\t\t\t\t<div class=\"elementor-widget-container\">\n\t\t\t\t\t<h3 class=\"elementor-heading-title elementor-size-medium\">En b\u00e6rekraftig og g\u00f8y gave!<\/h3>\t\t\t\t<\/div>\n\t\t\t\t<\/div>\n\t\t\t\t<div class=\"elementor-element elementor-element-2b561b8 elementor-widget-tablet__width-inherit elementor-widget elementor-widget-text-editor\" data-id=\"2b561b8\" data-element_type=\"widget\" data-e-type=\"widget\" data-widget_type=\"text-editor.default\">\n\t\t\t\t<div class=\"elementor-widget-container\">\n\t\t\t\t\t\t\t\t\t<p>\u00c5 finne den perfekte firmagave til jul, sommeravslutning eller jubileum er ikke bare lett, s\u00e6rlig om du \u00f8nsker \u00e5 finne gaver som b\u00e5de gleder og er til nytte for de ansatte, samtidig som de skal ha et lavt fotavtrykk. Derfor velger stadig flere bedrifter gavekort til ansatte fra KOK.<\/p><ul><li>Velg verdi per gavekort<\/li><li>F\u00e5 tilsendt faktura<\/li><li>Gyldighet i 1 \u00e5r fra kj\u00f8psdato<\/li><li>Det er ikke personlig, s\u00e5 kan gis videre om det er helt bom<\/li><li>Lokal og milj\u00f8sertifisert leverand\u00f8r<\/li><li>Motta digitale gavekort som kan printes ut, sendes med telegram eller bare videresendes.\u00a0<\/li><\/ul>\t\t\t\t\t\t\t\t<\/div>\n\t\t\t\t<\/div>\n\t\t\t\t<div class=\"elementor-element elementor-element-ec1e558 elementor-widget-tablet__width-inherit elementor-widget elementor-widget-text-editor\" data-id=\"ec1e558\" data-element_type=\"widget\" data-e-type=\"widget\" data-widget_type=\"text-editor.default\">\n\t\t\t\t<div class=\"elementor-widget-container\">\n\t\t\t\t\t\t\t\t\t<p>PS. Gavekort kan kun brukes ved booking av KOKCRUISE, PRIVATKOK og FELLESKOK.\u00a0<\/p>\t\t\t\t\t\t\t\t<\/div>\n\t\t\t\t<\/div>\n\t\t\t\t<\/div>\n\t\t\t\t\t<\/div>\n\t\t\t\t<\/div>\n\t\t\t\t\t<\/div>\n\t\t\t\t<\/div>\n\t\t<div class=\"elementor-element elementor-element-ab3bd08 e-flex e-con-boxed e-con e-parent\" data-id=\"ab3bd08\" data-element_type=\"container\" data-e-type=\"container\">\n\t\t\t\t\t<div class=\"e-con-inner\">\n\t\t\t\t<div class=\"elementor-element elementor-element-901c456 elementor-widget-tablet__width-inherit elementor-widget elementor-widget-text-editor\" data-id=\"901c456\" data-element_type=\"widget\" data-e-type=\"widget\" data-widget_type=\"text-editor.default\">\n\t\t\t\t<div class=\"elementor-widget-container\">\n\t\t\t\t\t\t\t\t\t<p>Fyll inn skjema eller ta kontakt p\u00e5 bedrift@koknorge.no<\/p>\t\t\t\t\t\t\t\t<\/div>\n\t\t\t\t<\/div>\n\t\t\t\t<div class=\"elementor-element elementor-element-c5087bb elementor-button-align-stretch elementor-widget elementor-widget-form\" data-id=\"c5087bb\" data-element_type=\"widget\" data-e-type=\"widget\" data-settings=\"{&quot;step_next_label&quot;:&quot;Next&quot;,&quot;step_previous_label&quot;:&quot;Previous&quot;,&quot;button_width&quot;:&quot;100&quot;,&quot;step_type&quot;:&quot;number_text&quot;,&quot;step_icon_shape&quot;:&quot;circle&quot;}\" data-widget_type=\"form.default\">\n\t\t\t\t<div class=\"elementor-widget-container\">\n\t\t\t\t\t\t\t<form class=\"elementor-form\" method=\"post\" name=\"Gavekort Bedrift\" aria-label=\"Gavekort Bedrift\">\n\t\t\t<input type=\"hidden\" name=\"post_id\" value=\"8357\"\/>\n\t\t\t<input type=\"hidden\" name=\"form_id\" value=\"c5087bb\"\/>\n\t\t\t<input type=\"hidden\" name=\"referer_title\" value=\"\" \/>\n\n\t\t\t\n\t\t\t<div class=\"elementor-form-fields-wrapper elementor-labels-above\">\n\t\t\t\t\t\t\t\t<div class=\"elementor-field-type-text elementor-field-group elementor-column elementor-field-group-field_3c07b5e elementor-col-100\">\n\t\t\t\t\t\t\t\t\t\t\t\t<label for=\"form-field-field_3c07b5e\" class=\"elementor-field-label\">\n\t\t\t\t\t\t\t\tBedriftens navn\t\t\t\t\t\t\t<\/label>\n\t\t\t\t\t\t\t\t\t\t\t\t\t\t<input size=\"1\" type=\"text\" name=\"form_fields[field_3c07b5e]\" id=\"form-field-field_3c07b5e\" class=\"elementor-field elementor-size-sm  elementor-field-textual\">\n\t\t\t\t\t\t\t\t\t\t\t<\/div>\n\t\t\t\t\t\t\t\t<div class=\"elementor-field-type-text elementor-field-group elementor-column elementor-field-group-email elementor-col-100 elementor-field-required\">\n\t\t\t\t\t\t\t\t\t\t\t\t<label for=\"form-field-email\" class=\"elementor-field-label\">\n\t\t\t\t\t\t\t\tKontaktperson\t\t\t\t\t\t\t<\/label>\n\t\t\t\t\t\t\t\t\t\t\t\t\t\t<input size=\"1\" type=\"text\" name=\"form_fields[email]\" id=\"form-field-email\" class=\"elementor-field elementor-size-sm  elementor-field-textual\" required=\"required\">\n\t\t\t\t\t\t\t\t\t\t\t<\/div>\n\t\t\t\t\t\t\t\t<div class=\"elementor-field-type-text elementor-field-group elementor-column elementor-field-group-message elementor-col-100 elementor-field-required\">\n\t\t\t\t\t\t\t\t\t\t\t\t<label for=\"form-field-message\" class=\"elementor-field-label\">\n\t\t\t\t\t\t\t\tTelefon\t\t\t\t\t\t\t<\/label>\n\t\t\t\t\t\t\t\t\t\t\t\t\t\t<input size=\"1\" type=\"text\" name=\"form_fields[message]\" id=\"form-field-message\" class=\"elementor-field elementor-size-sm  elementor-field-textual\" required=\"required\">\n\t\t\t\t\t\t\t\t\t\t\t<\/div>\n\t\t\t\t\t\t\t\t<div class=\"elementor-field-type-email elementor-field-group elementor-column elementor-field-group-field_7e56403 elementor-col-100 elementor-field-required\">\n\t\t\t\t\t\t\t\t\t\t\t\t<label for=\"form-field-field_7e56403\" class=\"elementor-field-label\">\n\t\t\t\t\t\t\t\tE-post\t\t\t\t\t\t\t<\/label>\n\t\t\t\t\t\t\t\t\t\t\t\t\t\t<input size=\"1\" type=\"email\" name=\"form_fields[field_7e56403]\" id=\"form-field-field_7e56403\" class=\"elementor-field elementor-size-sm  elementor-field-textual\" required=\"required\">\n\t\t\t\t\t\t\t\t\t\t\t<\/div>\n\t\t\t\t\t\t\t\t<div class=\"elementor-field-type-text elementor-field-group elementor-column elementor-field-group-field_ce3faaf elementor-col-100 elementor-field-required\">\n\t\t\t\t\t\t\t\t\t\t\t\t<label for=\"form-field-field_ce3faaf\" class=\"elementor-field-label\">\n\t\t\t\t\t\t\t\tOrganisasjonsnummer\t\t\t\t\t\t\t<\/label>\n\t\t\t\t\t\t\t\t\t\t\t\t\t\t<input size=\"1\" type=\"text\" name=\"form_fields[field_ce3faaf]\" id=\"form-field-field_ce3faaf\" class=\"elementor-field elementor-size-sm  elementor-field-textual\" required=\"required\">\n\t\t\t\t\t\t\t\t\t\t\t<\/div>\n\t\t\t\t\t\t\t\t<div class=\"elementor-field-type-text elementor-field-group elementor-column elementor-field-group-field_8b96a47 elementor-col-100 elementor-field-required\">\n\t\t\t\t\t\t\t\t\t\t\t\t<label for=\"form-field-field_8b96a47\" class=\"elementor-field-label\">\n\t\t\t\t\t\t\t\tAntall gavekort\t\t\t\t\t\t\t<\/label>\n\t\t\t\t\t\t\t\t\t\t\t\t\t\t<input size=\"1\" type=\"text\" name=\"form_fields[field_8b96a47]\" id=\"form-field-field_8b96a47\" class=\"elementor-field elementor-size-sm  elementor-field-textual\" required=\"required\">\n\t\t\t\t\t\t\t\t\t\t\t<\/div>\n\t\t\t\t\t\t\t\t<div class=\"elementor-field-type-select elementor-field-group elementor-column elementor-field-group-field_daa8b93 elementor-col-100 elementor-field-required\">\n\t\t\t\t\t\t\t\t\t\t\t\t<label for=\"form-field-field_daa8b93\" class=\"elementor-field-label\">\n\t\t\t\t\t\t\t\tVerdi per gavekort\t\t\t\t\t\t\t<\/label>\n\t\t\t\t\t\t\t\t<div class=\"elementor-field elementor-select-wrapper remove-before \">\n\t\t\t<div class=\"select-caret-down-wrapper\">\n\t\t\t\t<i aria-hidden=\"true\" class=\"eicon-caret-down\"><\/i>\t\t\t<\/div>\n\t\t\t<select name=\"form_fields[field_daa8b93]\" id=\"form-field-field_daa8b93\" class=\"elementor-field-textual elementor-size-sm\" required=\"required\">\n\t\t\t\t\t\t\t\t\t<option value=\"250\">250<\/option>\n\t\t\t\t\t\t\t\t\t<option value=\"500\">500<\/option>\n\t\t\t\t\t\t\t\t\t<option value=\"1.000\">1.000<\/option>\n\t\t\t\t\t\t\t\t\t<option value=\"2.000\">2.000<\/option>\n\t\t\t\t\t\t\t\t\t<option value=\"3.000\">3.000<\/option>\n\t\t\t\t\t\t\t\t\t<option value=\"4.000\">4.000<\/option>\n\t\t\t\t\t\t\t\t\t<option value=\"5.000\">5.000<\/option>\n\t\t\t\t\t\t\t<\/select>\n\t\t<\/div>\n\t\t\t\t\t\t<\/div>\n\t\t\t\t\t\t\t\t<div class=\"elementor-field-group elementor-column elementor-field-type-submit elementor-col-100 e-form__buttons\">\n\t\t\t\t\t<button class=\"elementor-button elementor-size-sm\" type=\"submit\" id=\"Gavekort-Bedrift\">\n\t\t\t\t\t\t<span class=\"elementor-button-content-wrapper\">\n\t\t\t\t\t\t\t\t\t\t\t\t\t\t\t\t\t\t\t\t\t\t<span class=\"elementor-button-text\">Send<\/span>\n\t\t\t\t\t\t\t\t\t\t\t\t\t<\/span>\n\t\t\t\t\t<\/button>\n\t\t\t\t<\/div>\n\t\t\t<\/div>\n\t\t<\/form>\n\t\t\t\t\t\t<\/div>\n\t\t\t\t<\/div>\n\t\t\t\t<div class=\"elementor-element elementor-element-69ecb47 elementor-widget elementor-widget-text-editor\" data-id=\"69ecb47\" data-element_type=\"widget\" data-e-type=\"widget\" data-widget_type=\"text-editor.default\">\n\t\t\t\t<div class=\"elementor-widget-container\">\n\t\t\t\t\t\t\t\t\t<p>Visste du at KOK n\u00e5 ogs\u00e5 tilbyr bedriftsavtale p\u00e5 badstue? Trykk p\u00e5 knappen under og les mer.<\/p>\t\t\t\t\t\t\t\t<\/div>\n\t\t\t\t<\/div>\n\t\t\t\t\t<\/div>\n\t\t\t\t<\/div>\n\t\t<div class=\"elementor-element elementor-element-142a731 e-flex e-con-boxed e-con e-parent\" data-id=\"142a731\" data-element_type=\"container\" data-e-type=\"container\">\n\t\t\t\t\t<div class=\"e-con-inner\">\n\t\t\t\t<div class=\"elementor-element elementor-element-efdbd14 elementor-align-center elementor-widget elementor-widget-button\" data-id=\"efdbd14\" data-element_type=\"widget\" data-e-type=\"widget\" data-widget_type=\"button.default\">\n\t\t\t\t<div class=\"elementor-widget-container\">\n\t\t\t\t\t\t\t\t\t<div class=\"elementor-button-wrapper\">\n\t\t\t\t\t<a class=\"elementor-button elementor-button-link elementor-size-sm\" href=\"https:\/\/koknorge.no\/bedrift\/\">\n\t\t\t\t\t\t<span class=\"elementor-button-content-wrapper\">\n\t\t\t\t\t\t\t\t\t<span class=\"elementor-button-text\">Bedriftsavtale<\/span>\n\t\t\t\t\t<\/span>\n\t\t\t\t\t<\/a>\n\t\t\t\t<\/div>\n\t\t\t\t\t\t\t\t<\/div>\n\t\t\t\t<\/div>\n\t\t\t\t\t<\/div>\n\t\t\t\t<\/div>\n\t\t\t\t<\/div>\n\t\t","protected":false},"excerpt":{"rendered":"<p>KOK Norge Gavekort til ansatte Eller for deg som \u00f8nsker \u00e5 bestille flere i samme slengen! En b\u00e6rekraftig og g\u00f8y gave! \u00c5 finne den perfekte firmagave til jul, sommeravslutning eller jubileum er ikke bare lett, s\u00e6rlig om du \u00f8nsker \u00e5 finne gaver som b\u00e5de gleder og er til nytte for de ansatte, samtidig som de [&hellip;]<\/p>\n","protected":false},"author":9,"featured_media":21216,"parent":2833,"menu_order":9,"comment_status":"closed","ping_status":"closed","template":"","meta":{"_acf_changed":false,"footnotes":""},"class_list":["post-8357","page","type-page","status-publish","has-post-thumbnail","hentry"],"acf":[],"_links":{"self":[{"href":"https:\/\/koknorge.no\/en\/wp-json\/wp\/v2\/pages\/8357","targetHints":{"allow":["GET"]}}],"collection":[{"href":"https:\/\/koknorge.no\/en\/wp-json\/wp\/v2\/pages"}],"about":[{"href":"https:\/\/koknorge.no\/en\/wp-json\/wp\/v2\/types\/page"}],"author":[{"embeddable":true,"href":"https:\/\/koknorge.no\/en\/wp-json\/wp\/v2\/users\/9"}],"replies":[{"embeddable":true,"href":"https:\/\/koknorge.no\/en\/wp-json\/wp\/v2\/comments?post=8357"}],"version-history":[{"count":4,"href":"https:\/\/koknorge.no\/en\/wp-json\/wp\/v2\/pages\/8357\/revisions"}],"predecessor-version":[{"id":24066,"href":"https:\/\/koknorge.no\/en\/wp-json\/wp\/v2\/pages\/8357\/revisions\/24066"}],"up":[{"embeddable":true,"href":"https:\/\/koknorge.no\/en\/wp-json\/wp\/v2\/pages\/2833"}],"wp:featuredmedia":[{"embeddable":true,"href":"https:\/\/koknorge.no\/en\/wp-json\/wp\/v2\/media\/21216"}],"wp:attachment":[{"href":"https:\/\/koknorge.no\/en\/wp-json\/wp\/v2\/media?parent=8357"}],"curies":[{"name":"wp","href":"https:\/\/api.w.org\/{rel}","templated":true}]}}